{"id":65062,"date":"2024-01-11T15:33:27","date_gmt":"2024-01-11T13:33:27","guid":{"rendered":"https:\/\/b2b.pfellas.lt\/index.php\/product\/maxton-design-galinio-bamperio-apdaila-be-vertikaliu-bmw-7-er-g11-g12-m-sport-preface\/"},"modified":"2024-10-17T11:30:57","modified_gmt":"2024-10-17T09:30:57","slug":"maxton-design-galinio-bamperio-apdaila-be-vertikaliu-bmw-7-er-g11-g12-m-sport-preface","status":"publish","type":"product","link":"https:\/\/b2b.pfellas.lt\/index.php\/product\/maxton-design-galinio-bamperio-apdaila-be-vertikaliu-bmw-7-er-g11-g12-m-sport-preface\/","title":{"rendered":"Maxton Design galinio bamperio apdaila (be vertikali\u0173) BMW 7-er (G11\/G12) (M-Sport) (Preface)"},"content":{"rendered":"<ul>\n<li>\u0160is produktas pagamintas i\u0161 ABS plastiko, kuris yra pla\u010diai naudojamas automobili\u0173 apdailos detali\u0173 gamyboje. Taip pat i\u0161 \u0161ios plastmas\u0117s yra gaminamos originalios k\u0117bulo dalys. ABS plastiko produktai pasi\u017eymi lankstumu ir atsparumu sm\u016bgiams. \u0160i apdaila yra apytiksliai 2-3mm storio.<\/li>\n<li>Apdaila yra juodos blizgios spalvos.<\/li>\n<li>Beveik visos apdailos yra tvirtinamos var\u017etais, kuriuos gausite kartu su apdailomis i\u0161skyrus baga\u017ein\u0117s apdailas \u2013 jos tvirtinamos su dvipuse lipnia juosta, kuri taip pat b\u016bna prid\u0117ta kartu su apdaila.<\/li>\n<li>Dauguma apdail\u0173 atrodo taip, kaip nuotraukose, i\u0161skyrus atvejus kuomet gamintojas nebuvo sumontav\u0119s apdail\u0173 atitinkamam automobiliui \u2013 tuomet pateikiami apdail\u0173 kompiuteriniai mulia\u017eai, kurie didumoje atitinka vaizd\u0105 kaip i\u0161 ties\u0173 atrodys apdailos.<\/li>\n<li>Apdaila vizualiai pa\u017eemina automobil\u012f apie 20-40mm ir pagerina automobilio i\u0161vaizd\u0105 bei aerodinamik\u0105.<\/li>\n<\/ul>\n","protected":false},"excerpt":{"rendered":"<p>Pristatymo terminas 20-39 darbo dienos.<\/p>\n","protected":false},"featured_media":65055,"comment_status":"open","ping_status":"closed","template":"","meta":[],"product_cat":[2963,2954,2620],"product_tag":[],"class_list":{"0":"post-65062","1":"product","2":"type-product","3":"status-publish","4":"has-post-thumbnail","6":"product_cat-7-g11-g12-15-22","7":"product_cat-bmw","8":"product_cat-galinio-bamperio-apdailos","9":"pa_automobilio-metai-52","10":"pa_automobilio-metai-53","11":"pa_automobilio-metai-54","12":"pa_automobilio-metai-55","13":"pa_make-7-g11","14":"pa_make-7-g12","15":"pa_make-bmw","17":"first","18":"onbackorder","19":"taxable","20":"shipping-taxable","21":"purchasable","22":"product-type-simple"},"jetpack_sharing_enabled":true,"_links":{"self":[{"href":"https:\/\/b2b.pfellas.lt\/index.php\/wp-json\/wp\/v2\/product\/65062"}],"collection":[{"href":"https:\/\/b2b.pfellas.lt\/index.php\/wp-json\/wp\/v2\/product"}],"about":[{"href":"https:\/\/b2b.pfellas.lt\/index.php\/wp-json\/wp\/v2\/types\/product"}],"replies":[{"embeddable":true,"href":"https:\/\/b2b.pfellas.lt\/index.php\/wp-json\/wp\/v2\/comments?post=65062"}],"wp:featuredmedia":[{"embeddable":true,"href":"https:\/\/b2b.pfellas.lt\/index.php\/wp-json\/wp\/v2\/media\/65055"}],"wp:attachment":[{"href":"https:\/\/b2b.pfellas.lt\/index.php\/wp-json\/wp\/v2\/media?parent=65062"}],"wp:term":[{"taxonomy":"product_cat","embeddable":true,"href":"https:\/\/b2b.pfellas.lt\/index.php\/wp-json\/wp\/v2\/product_cat?post=65062"},{"taxonomy":"product_tag","embeddable":true,"href":"https:\/\/b2b.pfellas.lt\/index.php\/wp-json\/wp\/v2\/product_tag?post=65062"}],"curies":[{"name":"wp","href":"https:\/\/api.w.org\/{rel}","templated":true}]}}