{"id":87752,"date":"2024-01-17T16:51:49","date_gmt":"2024-01-17T14:51:49","guid":{"rendered":"https:\/\/b2b.pfellas.lt\/index.php\/product\/led-papildomas-stabdziu-zibintas-bmw-m2-f87-2\/"},"modified":"2024-09-25T15:34:50","modified_gmt":"2024-09-25T13:34:50","slug":"led-papildomas-stabdziu-zibintas-bmw-m2-f87-2","status":"publish","type":"product","link":"https:\/\/b2b.pfellas.lt\/index.php\/product\/led-papildomas-stabdziu-zibintas-bmw-m2-f87-2\/","title":{"rendered":"Led papildomas stabd\u017ei\u0173 \u017eibintas BMW M2 F87"},"content":{"rendered":"<p>Led papildomas stabd\u017ei\u0173 \u017eibintas su laikikliu.<\/p>\n","protected":false},"excerpt":{"rendered":"<p>Pristatymo terminas 20-39 darbo dienos.<\/p>\n","protected":false},"featured_media":87744,"comment_status":"open","ping_status":"closed","template":"","meta":[],"product_cat":[2954,2921,2985],"product_tag":[],"class_list":{"0":"post-87752","1":"product","2":"type-product","3":"status-publish","4":"has-post-thumbnail","6":"product_cat-bmw","7":"product_cat-led-papildomas-stabdziu-zibintas","8":"product_cat-m2-f87-15-21","9":"pa_make-bmw","10":"pa_make-m2-f87","12":"first","13":"onbackorder","14":"taxable","15":"shipping-taxable","16":"purchasable","17":"product-type-simple"},"jetpack_sharing_enabled":true,"_links":{"self":[{"href":"https:\/\/b2b.pfellas.lt\/index.php\/wp-json\/wp\/v2\/product\/87752"}],"collection":[{"href":"https:\/\/b2b.pfellas.lt\/index.php\/wp-json\/wp\/v2\/product"}],"about":[{"href":"https:\/\/b2b.pfellas.lt\/index.php\/wp-json\/wp\/v2\/types\/product"}],"replies":[{"embeddable":true,"href":"https:\/\/b2b.pfellas.lt\/index.php\/wp-json\/wp\/v2\/comments?post=87752"}],"wp:featuredmedia":[{"embeddable":true,"href":"https:\/\/b2b.pfellas.lt\/index.php\/wp-json\/wp\/v2\/media\/87744"}],"wp:attachment":[{"href":"https:\/\/b2b.pfellas.lt\/index.php\/wp-json\/wp\/v2\/media?parent=87752"}],"wp:term":[{"taxonomy":"product_cat","embeddable":true,"href":"https:\/\/b2b.pfellas.lt\/index.php\/wp-json\/wp\/v2\/product_cat?post=87752"},{"taxonomy":"product_tag","embeddable":true,"href":"https:\/\/b2b.pfellas.lt\/index.php\/wp-json\/wp\/v2\/product_tag?post=87752"}],"curies":[{"name":"wp","href":"https:\/\/api.w.org\/{rel}","templated":true}]}}