{"id":97684,"date":"2024-07-02T17:15:11","date_gmt":"2024-07-02T15:15:11","guid":{"rendered":"https:\/\/b2b.pfellas.lt\/index.php\/product\/performance-priekines-dvigubos-groteles-bmw-3-series-e90-e91-05-08-juodos-blizgios\/"},"modified":"2024-09-25T15:35:50","modified_gmt":"2024-09-25T13:35:50","slug":"performance-priekines-dvigubos-groteles-bmw-3-series-e90-e91-05-08-juodos-blizgios","status":"publish","type":"product","link":"https:\/\/b2b.pfellas.lt\/index.php\/product\/performance-priekines-dvigubos-groteles-bmw-3-series-e90-e91-05-08-juodos-blizgios\/","title":{"rendered":"Performance priekin\u0117s dvigubos grotel\u0117s BMW 3 Series E90 E91 05-08 juodos blizgios"},"content":{"rendered":"<ul>\n<li>Tinka visiems 3 Serijos BMW E90, E91 PRE LCI modeliams pagamintiems nuo 2005 iki 2008 met\u0173<\/li>\n<li>Netinka 3 Serijos BMW E90, E91 LCI modeliams<\/li>\n<li>Netinka 3 Serijos BMW E92, E93 ir M3 modeliamsTinka visiems buferiams\u2022 Juodos blizgios spalvos<br \/>\n\u2022 Pagaminta i\u0161 ABS Plastmas\u0117s. Gerai \u012fsideda<\/li>\n<\/ul>\n<p>Juodos blizgios Performance priekinio buferio grotel\u0117s<\/p>\n","protected":false},"excerpt":{"rendered":"<p>Tinka visiems 3 Serijos BMW E90, E91 PRE LCI modeliams pagamintiems nuo 2005 iki 2008 met\u0173 Netinka 3 Serijos BMW E90, E91 LCI modeliams Netinka 3 Serijos BMW E92, E93 ir M3 modeliamsTinka visiems buferiams\u2022 Juodos blizgios spalvos \u2022 Pagaminta i\u0161 ABS Plastmas\u0117s. Gerai \u012fsideda Juodos blizgios Performance priekinio buferio grotel\u0117s<\/p>\n","protected":false},"featured_media":97682,"comment_status":"open","ping_status":"closed","template":"","meta":[],"product_cat":[2988,2954,2935],"product_tag":[],"class_list":{"0":"post-97684","1":"product","2":"type-product","3":"status-publish","4":"has-post-thumbnail","6":"product_cat-3-e90-e91-05-11","7":"product_cat-bmw","8":"product_cat-priekinio-bamperio-groteles","9":"pa_make-3-e90-2","10":"pa_make-bmw","12":"first","13":"instock","14":"sale","15":"taxable","16":"shipping-taxable","17":"purchasable","18":"product-type-simple"},"jetpack_sharing_enabled":true,"_links":{"self":[{"href":"https:\/\/b2b.pfellas.lt\/index.php\/wp-json\/wp\/v2\/product\/97684"}],"collection":[{"href":"https:\/\/b2b.pfellas.lt\/index.php\/wp-json\/wp\/v2\/product"}],"about":[{"href":"https:\/\/b2b.pfellas.lt\/index.php\/wp-json\/wp\/v2\/types\/product"}],"replies":[{"embeddable":true,"href":"https:\/\/b2b.pfellas.lt\/index.php\/wp-json\/wp\/v2\/comments?post=97684"}],"wp:featuredmedia":[{"embeddable":true,"href":"https:\/\/b2b.pfellas.lt\/index.php\/wp-json\/wp\/v2\/media\/97682"}],"wp:attachment":[{"href":"https:\/\/b2b.pfellas.lt\/index.php\/wp-json\/wp\/v2\/media?parent=97684"}],"wp:term":[{"taxonomy":"product_cat","embeddable":true,"href":"https:\/\/b2b.pfellas.lt\/index.php\/wp-json\/wp\/v2\/product_cat?post=97684"},{"taxonomy":"product_tag","embeddable":true,"href":"https:\/\/b2b.pfellas.lt\/index.php\/wp-json\/wp\/v2\/product_tag?post=97684"}],"curies":[{"name":"wp","href":"https:\/\/api.w.org\/{rel}","templated":true}]}}