{"id":97724,"date":"2024-07-02T17:17:25","date_gmt":"2024-07-02T15:17:25","guid":{"rendered":"https:\/\/b2b.pfellas.lt\/index.php\/product\/juodos-blizgios-performance-groteles-bmw-g11-g12-lci-2020-modeliams\/"},"modified":"2024-09-25T15:36:12","modified_gmt":"2024-09-25T13:36:12","slug":"juodos-blizgios-performance-groteles-bmw-g11-g12-lci-2020-modeliams","status":"publish","type":"product","link":"https:\/\/b2b.pfellas.lt\/index.php\/product\/juodos-blizgios-performance-groteles-bmw-g11-g12-lci-2020-modeliams\/","title":{"rendered":"Juodos blizgios performance grotel\u0117s BMW G11, G12 LCI +2020 modeliams"},"content":{"rendered":"<p>Juodi Blizgios priekinio buferio grotel\u0117s<\/p>\n<p>*Tinka 7 Serijos BMW G11, G12 modeliams pagamintiems nuo 2020 met\u0173<br \/>\n*Netinka 7 Serijos BMW G11, G12 modeliams pagamintiems iki 2020<\/p>\n<p>Tinka visiems buferiams<br \/>\nTinka modeliams su kamera<br \/>\nTinka modeliams be kameros<\/p>\n<p>Pagaminti i\u0161 ABS Plastmas\u0117s<br \/>\nGrotel\u0117s\u00a0nuda\u017eytos juoda blizgia spalva<\/p>\n","protected":false},"excerpt":{"rendered":"<p>Juodi Blizgios priekinio buferio grotel\u0117s *Tinka 7 Serijos BMW G11, G12 modeliams pagamintiems nuo 2020 met\u0173 *Netinka 7 Serijos BMW G11, G12 modeliams pagamintiems iki 2020 Tinka visiems buferiams Tinka modeliams su kamera Tinka modeliams be kameros Pagaminti i\u0161 ABS Plastmas\u0117s Grotel\u0117s\u00a0nuda\u017eytos juoda blizgia spalva<\/p>\n","protected":false},"featured_media":97723,"comment_status":"open","ping_status":"closed","template":"","meta":[],"product_cat":[2963,2954,2935],"product_tag":[],"class_list":{"0":"post-97724","1":"product","2":"type-product","3":"status-publish","4":"has-post-thumbnail","6":"product_cat-7-g11-g12-15-22","7":"product_cat-bmw","8":"product_cat-priekinio-bamperio-groteles","9":"pa_make-7-g11","10":"pa_make-bmw","12":"first","13":"instock","14":"taxable","15":"shipping-taxable","16":"purchasable","17":"product-type-simple"},"jetpack_sharing_enabled":true,"_links":{"self":[{"href":"https:\/\/b2b.pfellas.lt\/index.php\/wp-json\/wp\/v2\/product\/97724"}],"collection":[{"href":"https:\/\/b2b.pfellas.lt\/index.php\/wp-json\/wp\/v2\/product"}],"about":[{"href":"https:\/\/b2b.pfellas.lt\/index.php\/wp-json\/wp\/v2\/types\/product"}],"replies":[{"embeddable":true,"href":"https:\/\/b2b.pfellas.lt\/index.php\/wp-json\/wp\/v2\/comments?post=97724"}],"wp:featuredmedia":[{"embeddable":true,"href":"https:\/\/b2b.pfellas.lt\/index.php\/wp-json\/wp\/v2\/media\/97723"}],"wp:attachment":[{"href":"https:\/\/b2b.pfellas.lt\/index.php\/wp-json\/wp\/v2\/media?parent=97724"}],"wp:term":[{"taxonomy":"product_cat","embeddable":true,"href":"https:\/\/b2b.pfellas.lt\/index.php\/wp-json\/wp\/v2\/product_cat?post=97724"},{"taxonomy":"product_tag","embeddable":true,"href":"https:\/\/b2b.pfellas.lt\/index.php\/wp-json\/wp\/v2\/product_tag?post=97724"}],"curies":[{"name":"wp","href":"https:\/\/api.w.org\/{rel}","templated":true}]}}