{"id":97735,"date":"2024-07-04T11:30:11","date_gmt":"2024-07-04T09:30:11","guid":{"rendered":"https:\/\/b2b.pfellas.lt\/index.php\/product\/veidrodeliu-gaubtai-bmw-f07-f10-f11-2012-2015-juodi-blizgus\/"},"modified":"2024-09-30T15:34:58","modified_gmt":"2024-09-30T13:34:58","slug":"veidrodeliu-gaubtai-bmw-f07-f10-f11-2012-2015-juodi-blizgus","status":"publish","type":"product","link":"https:\/\/b2b.pfellas.lt\/index.php\/product\/veidrodeliu-gaubtai-bmw-f07-f10-f11-2012-2015-juodi-blizgus\/","title":{"rendered":"Veidrod\u0117li\u0173 gaubtai BMW F07 F10 F11 2012 &#8211; 2015 juodi blizg\u016bs"},"content":{"rendered":"<p>New and originally packed<br \/>\nItem features of exchange sport mirror caps black gloss suitable for BMW F07 F10 F11 F18<br \/>\nThe main product characteristics of<br \/>\nexchange sport mirror caps black gloss suitable for BMW F07 F10 F11 F18<br \/>\nare:<br \/>\nexterior mirror caps<br \/>\n(right+left side)<br \/>\nexterior mirror caps<br \/>\n(right+left side)<br \/>\nSport Optik &#8211; High-quality workmanship and absolutely perfect<br \/>\nReplacement &#8211; are directly exchanged for the original mirror caps<br \/>\n&#8211; Sporty, upgrading optics<br \/>\n&#8211; Simple exchange<br \/>\n&#8211; Top quality<br \/>\n&#8211; Absolutely perfect<br \/>\nTechnical details of exchange sport mirror caps black gloss suitable for BMW F07 F10 F11 F18 \/ suitable for<br \/>\nBMW 5 Series Gt<br \/>\ntype f07<br \/>\nfrom year 06 \/ 2012<br \/>\nbmw 5er<br \/>\ntype f10 \/ f11 \/ f18<br \/>\nsedan \/ touring<br \/>\nonly for facelift<br \/>\nfrom year 07 \/ 2013<br \/>\nbmw 7er<br \/>\ntype f01 \/ f02<br \/>\nbj. 07\/2012 &#8211; 2015<\/p>\n","protected":false},"excerpt":{"rendered":"<p>New and originally packed Item features of exchange sport mirror caps black gloss suitable for BMW F07 F10 F11 F18 The main product characteristics of exchange sport mirror caps black gloss suitable for BMW F07 F10 F11 F18 are: exterior mirror caps (right+left side) exterior mirror caps (right+left side) Sport Optik &#8211; High-quality workmanship and<\/p>\n<div class=\"klb-readmore button\"><a class=\"btn link\" href=\"https:\/\/b2b.pfellas.lt\/index.php\/product\/veidrodeliu-gaubtai-bmw-f07-f10-f11-2012-2015-juodi-blizgus\/\">Read More <i class=\"klbth-icon-right-arrow\"><\/i><\/a><\/div>\n","protected":false},"featured_media":97729,"comment_status":"open","ping_status":"closed","template":"","meta":[],"product_cat":[2956,2954,2958],"product_tag":[],"class_list":{"0":"post-97735","1":"product","2":"type-product","3":"status-publish","4":"has-post-thumbnail","6":"product_cat-5-f10-2010-2016","7":"product_cat-bmw","8":"product_cat-veidrodeliu-gaubtai","9":"pa_make-5-f10","10":"pa_make-5gt-f07","11":"pa_make-bmw","13":"first","14":"instock","15":"sale","16":"taxable","17":"shipping-taxable","18":"purchasable","19":"product-type-simple"},"jetpack_sharing_enabled":true,"_links":{"self":[{"href":"https:\/\/b2b.pfellas.lt\/index.php\/wp-json\/wp\/v2\/product\/97735"}],"collection":[{"href":"https:\/\/b2b.pfellas.lt\/index.php\/wp-json\/wp\/v2\/product"}],"about":[{"href":"https:\/\/b2b.pfellas.lt\/index.php\/wp-json\/wp\/v2\/types\/product"}],"replies":[{"embeddable":true,"href":"https:\/\/b2b.pfellas.lt\/index.php\/wp-json\/wp\/v2\/comments?post=97735"}],"wp:featuredmedia":[{"embeddable":true,"href":"https:\/\/b2b.pfellas.lt\/index.php\/wp-json\/wp\/v2\/media\/97729"}],"wp:attachment":[{"href":"https:\/\/b2b.pfellas.lt\/index.php\/wp-json\/wp\/v2\/media?parent=97735"}],"wp:term":[{"taxonomy":"product_cat","embeddable":true,"href":"https:\/\/b2b.pfellas.lt\/index.php\/wp-json\/wp\/v2\/product_cat?post=97735"},{"taxonomy":"product_tag","embeddable":true,"href":"https:\/\/b2b.pfellas.lt\/index.php\/wp-json\/wp\/v2\/product_tag?post=97735"}],"curies":[{"name":"wp","href":"https:\/\/api.w.org\/{rel}","templated":true}]}}