{"id":97773,"date":"2024-07-04T11:33:27","date_gmt":"2024-07-04T09:33:27","guid":{"rendered":"https:\/\/b2b.pfellas.lt\/index.php\/product\/veidrodeliu-gaubtai-performance-bmw-f30-f31-f34-f32-f33-f36-f20-juodi-blizgus\/"},"modified":"2024-09-30T15:09:32","modified_gmt":"2024-09-30T13:09:32","slug":"veidrodeliu-gaubtai-performance-bmw-f30-f31-f34-f32-f33-f36-f20-juodi-blizgus","status":"publish","type":"product","link":"https:\/\/b2b.pfellas.lt\/index.php\/product\/veidrodeliu-gaubtai-performance-bmw-f30-f31-f34-f32-f33-f36-f20-juodi-blizgus\/","title":{"rendered":"Veidrod\u0117li\u0173 gaubtai performance BMW F30 F31 F34 F32 F33 F36 F20 juodi blizg\u016bs"},"content":{"rendered":"<p>Tinka \u0161iems modeliams:<\/p>\n<ul>\n<li>1 Serijos modeliams: F20 F21<\/li>\n<li>2 Serijos modeliams: F22 F23 F87<\/li>\n<li>3 Serijos modeliams: F30 F31 F34<\/li>\n<li>4 Serijos modeliams: F32 F33 F36\u00bb Pagaminti i\u0161 ABS Plastmas\u0117s<br \/>\n\u00bb Dangteliai nuda\u017eyti. Juodi blizg\u016bs<\/li>\n<\/ul>\n<p>&nbsp;<\/p>\n<p>Juodi Blizg\u016bs M I\u0161vaizdos veidrod\u0117li\u0173 dangteliai<\/p>\n","protected":false},"excerpt":{"rendered":"<p>Tinka \u0161iems modeliams: 1 Serijos modeliams: F20 F21 2 Serijos modeliams: F22 F23 F87 3 Serijos modeliams: F30 F31 F34 4 Serijos modeliams: F32 F33 F36\u00bb Pagaminti i\u0161 ABS Plastmas\u0117s \u00bb Dangteliai nuda\u017eyti. Juodi blizg\u016bs &nbsp; Juodi Blizg\u016bs M I\u0161vaizdos veidrod\u0117li\u0173 dangteliai<\/p>\n","protected":false},"featured_media":97767,"comment_status":"open","ping_status":"closed","template":"","meta":[],"product_cat":[2960,2986,2954,2958],"product_tag":[],"class_list":{"0":"post-97773","1":"product","2":"type-product","3":"status-publish","4":"has-post-thumbnail","6":"product_cat-3-f30-f31-13-18","7":"product_cat-4-f32-f33-f36-13-20","8":"product_cat-bmw","9":"product_cat-veidrodeliu-gaubtai","10":"pa_make-1-f20-2","11":"pa_make-3-f30-2","12":"pa_make-3-f34","13":"pa_make-4-f32-2","14":"pa_make-4-f36-2","15":"pa_make-bmw","17":"first","18":"instock","19":"sale","20":"taxable","21":"shipping-taxable","22":"purchasable","23":"product-type-simple"},"jetpack_sharing_enabled":true,"_links":{"self":[{"href":"https:\/\/b2b.pfellas.lt\/index.php\/wp-json\/wp\/v2\/product\/97773"}],"collection":[{"href":"https:\/\/b2b.pfellas.lt\/index.php\/wp-json\/wp\/v2\/product"}],"about":[{"href":"https:\/\/b2b.pfellas.lt\/index.php\/wp-json\/wp\/v2\/types\/product"}],"replies":[{"embeddable":true,"href":"https:\/\/b2b.pfellas.lt\/index.php\/wp-json\/wp\/v2\/comments?post=97773"}],"wp:featuredmedia":[{"embeddable":true,"href":"https:\/\/b2b.pfellas.lt\/index.php\/wp-json\/wp\/v2\/media\/97767"}],"wp:attachment":[{"href":"https:\/\/b2b.pfellas.lt\/index.php\/wp-json\/wp\/v2\/media?parent=97773"}],"wp:term":[{"taxonomy":"product_cat","embeddable":true,"href":"https:\/\/b2b.pfellas.lt\/index.php\/wp-json\/wp\/v2\/product_cat?post=97773"},{"taxonomy":"product_tag","embeddable":true,"href":"https:\/\/b2b.pfellas.lt\/index.php\/wp-json\/wp\/v2\/product_tag?post=97773"}],"curies":[{"name":"wp","href":"https:\/\/api.w.org\/{rel}","templated":true}]}}