{"id":97781,"date":"2024-07-04T11:33:39","date_gmt":"2024-07-04T09:33:39","guid":{"rendered":"https:\/\/b2b.pfellas.lt\/index.php\/product\/veidrodeliu-gaubtai-m-stiliaus-bmw-f10-f06-f12-f13-pre-lci-juodi-blizgus\/"},"modified":"2024-09-30T15:33:46","modified_gmt":"2024-09-30T13:33:46","slug":"veidrodeliu-gaubtai-m-stiliaus-bmw-f10-f06-f12-f13-pre-lci-juodi-blizgus","status":"publish","type":"product","link":"https:\/\/b2b.pfellas.lt\/index.php\/product\/veidrodeliu-gaubtai-m-stiliaus-bmw-f10-f06-f12-f13-pre-lci-juodi-blizgus\/","title":{"rendered":"Veidrod\u0117li\u0173 gaubtai M stiliaus BMW F10, F06, F12, F13 PRE LCI juodi blizg\u016bs"},"content":{"rendered":"<p>M Stiliaus Juodi blizg\u016bs veidrod\u0117li\u0173 dangteliai<\/p>\n<p>\u00bb Tinka 5 Serijos BMW F10 ir F11 modeliams pagamintiems iki 06.2013<br \/>\n\u00bb Tinka 6 Serijos BMW F06, F12, F13 modeliams be LED Pos\u016bkio signalo veidrod\u0117liuose<\/p>\n<p>\u00bb Netinka 5 Serijos BMW F10 M5 modeliams<\/p>\n","protected":false},"excerpt":{"rendered":"<p>M Stiliaus Juodi blizg\u016bs veidrod\u0117li\u0173 dangteliai \u00bb Tinka 5 Serijos BMW F10 ir F11 modeliams pagamintiems iki 06.2013 \u00bb Tinka 6 Serijos BMW F06, F12, F13 modeliams be LED Pos\u016bkio signalo veidrod\u0117liuose \u00bb Netinka 5 Serijos BMW F10 M5 modeliams<\/p>\n","protected":false},"featured_media":97779,"comment_status":"open","ping_status":"closed","template":"","meta":[],"product_cat":[2956,2984,2954,2958],"product_tag":[],"class_list":{"0":"post-97781","1":"product","2":"type-product","3":"status-publish","4":"has-post-thumbnail","6":"product_cat-5-f10-2010-2016","7":"product_cat-6-f06-f12-f13-11-18","8":"product_cat-bmw","9":"product_cat-veidrodeliu-gaubtai","10":"pa_make-5-f10","11":"pa_make-6-f06","12":"pa_make-bmw","14":"first","15":"instock","16":"sale","17":"taxable","18":"shipping-taxable","19":"purchasable","20":"product-type-simple"},"jetpack_sharing_enabled":true,"_links":{"self":[{"href":"https:\/\/b2b.pfellas.lt\/index.php\/wp-json\/wp\/v2\/product\/97781"}],"collection":[{"href":"https:\/\/b2b.pfellas.lt\/index.php\/wp-json\/wp\/v2\/product"}],"about":[{"href":"https:\/\/b2b.pfellas.lt\/index.php\/wp-json\/wp\/v2\/types\/product"}],"replies":[{"embeddable":true,"href":"https:\/\/b2b.pfellas.lt\/index.php\/wp-json\/wp\/v2\/comments?post=97781"}],"wp:featuredmedia":[{"embeddable":true,"href":"https:\/\/b2b.pfellas.lt\/index.php\/wp-json\/wp\/v2\/media\/97779"}],"wp:attachment":[{"href":"https:\/\/b2b.pfellas.lt\/index.php\/wp-json\/wp\/v2\/media?parent=97781"}],"wp:term":[{"taxonomy":"product_cat","embeddable":true,"href":"https:\/\/b2b.pfellas.lt\/index.php\/wp-json\/wp\/v2\/product_cat?post=97781"},{"taxonomy":"product_tag","embeddable":true,"href":"https:\/\/b2b.pfellas.lt\/index.php\/wp-json\/wp\/v2\/product_tag?post=97781"}],"curies":[{"name":"wp","href":"https:\/\/api.w.org\/{rel}","templated":true}]}}