{"id":97787,"date":"2024-07-04T11:33:48","date_gmt":"2024-07-04T09:33:48","guid":{"rendered":"https:\/\/b2b.pfellas.lt\/index.php\/product\/veidrodeliu-gaubtai-m-stiliaus-bmw-e90-e91-e92-e93-e81-e82-e87-e88-2005-2010-pre-lci-juodi-blizgus\/"},"modified":"2024-09-25T15:36:41","modified_gmt":"2024-09-25T13:36:41","slug":"veidrodeliu-gaubtai-m-stiliaus-bmw-e90-e91-e92-e93-e81-e82-e87-e88-2005-2010-pre-lci-juodi-blizgus","status":"publish","type":"product","link":"https:\/\/b2b.pfellas.lt\/index.php\/product\/veidrodeliu-gaubtai-m-stiliaus-bmw-e90-e91-e92-e93-e81-e82-e87-e88-2005-2010-pre-lci-juodi-blizgus\/","title":{"rendered":"Veidrod\u0117li\u0173 gaubtai M stiliaus BMW E90\/E91\/E92\/E93\/E81\/E82\/E87\/E88 (2005-2010) PRE-LCI juodi blizg\u016bs"},"content":{"rendered":"<ul>\n<li>Tinka 3 Serijos BMW E92, E93 PRE LCI modeliams pagamintiems nuo 2006 iki 2010 met\u0173<\/li>\n<li>Netinka 3 Serijos BMW E92, E93 LCI modeliams pagamintiems nuo 2011 met\u0173<\/li>\n<\/ul>\n<p>M Stiliaus juodi blizg\u016bs veidrod\u0117li\u0173 dangteliai<br \/>\n\u2022 Nuda\u017eyti juoda blizgia spalva<br \/>\n\u2022 Kei\u010diasi tiesiogiai vietoje esan\u010di\u0173 paprast\u0173 dangteli\u0173<br \/>\n\u2022 Pagaminti i\u0161 plastmas\u0117s<\/p>\n","protected":false},"excerpt":{"rendered":"<p>Tinka 3 Serijos BMW E92, E93 PRE LCI modeliams pagamintiems nuo 2006 iki 2010 met\u0173 Netinka 3 Serijos BMW E92, E93 LCI modeliams pagamintiems nuo 2011 met\u0173 M Stiliaus juodi blizg\u016bs veidrod\u0117li\u0173 dangteliai \u2022 Nuda\u017eyti juoda blizgia spalva \u2022 Kei\u010diasi tiesiogiai vietoje esan\u010di\u0173 paprast\u0173 dangteli\u0173 \u2022 Pagaminti i\u0161 plastmas\u0117s<\/p>\n","protected":false},"featured_media":97774,"comment_status":"open","ping_status":"closed","template":"","meta":[],"product_cat":[2988,2989,2954,2958],"product_tag":[],"class_list":{"0":"post-97787","1":"product","2":"type-product","3":"status-publish","4":"has-post-thumbnail","6":"product_cat-3-e90-e91-05-11","7":"product_cat-3-e92-e93-06-12","8":"product_cat-bmw","9":"product_cat-veidrodeliu-gaubtai","10":"pa_make-1-e82-2","11":"pa_make-1-e88","12":"pa_make-3-e90-2","13":"pa_make-3-e92-2","14":"pa_make-bmw","16":"first","17":"instock","18":"sale","19":"taxable","20":"shipping-taxable","21":"purchasable","22":"product-type-simple"},"jetpack_sharing_enabled":true,"_links":{"self":[{"href":"https:\/\/b2b.pfellas.lt\/index.php\/wp-json\/wp\/v2\/product\/97787"}],"collection":[{"href":"https:\/\/b2b.pfellas.lt\/index.php\/wp-json\/wp\/v2\/product"}],"about":[{"href":"https:\/\/b2b.pfellas.lt\/index.php\/wp-json\/wp\/v2\/types\/product"}],"replies":[{"embeddable":true,"href":"https:\/\/b2b.pfellas.lt\/index.php\/wp-json\/wp\/v2\/comments?post=97787"}],"wp:featuredmedia":[{"embeddable":true,"href":"https:\/\/b2b.pfellas.lt\/index.php\/wp-json\/wp\/v2\/media\/97774"}],"wp:attachment":[{"href":"https:\/\/b2b.pfellas.lt\/index.php\/wp-json\/wp\/v2\/media?parent=97787"}],"wp:term":[{"taxonomy":"product_cat","embeddable":true,"href":"https:\/\/b2b.pfellas.lt\/index.php\/wp-json\/wp\/v2\/product_cat?post=97787"},{"taxonomy":"product_tag","embeddable":true,"href":"https:\/\/b2b.pfellas.lt\/index.php\/wp-json\/wp\/v2\/product_tag?post=97787"}],"curies":[{"name":"wp","href":"https:\/\/api.w.org\/{rel}","templated":true}]}}