{"id":97791,"date":"2024-07-04T11:33:59","date_gmt":"2024-07-04T09:33:59","guid":{"rendered":"https:\/\/b2b.pfellas.lt\/index.php\/product\/veidrodeliu-gaubtai-performance-bmw-g20-g30-g31-g32-g11-g12-g14-g15-g16-juodi-blizgus\/"},"modified":"2024-09-25T15:36:42","modified_gmt":"2024-09-25T13:36:42","slug":"veidrodeliu-gaubtai-performance-bmw-g20-g30-g31-g32-g11-g12-g14-g15-g16-juodi-blizgus","status":"publish","type":"product","link":"https:\/\/b2b.pfellas.lt\/index.php\/product\/veidrodeliu-gaubtai-performance-bmw-g20-g30-g31-g32-g11-g12-g14-g15-g16-juodi-blizgus\/","title":{"rendered":"Veidrod\u0117li\u0173 gaubtai performance BMW G20, G30 G31 G32 G11 G12 G14 G15 G16 juodi blizg\u016bs"},"content":{"rendered":"<ul>\n<li>Tinka 3 Serijos BMW G20, G21 modeliams<\/li>\n<li>Tinka 5 Serijos BMW G30, G31 modeliams<\/li>\n<li>Tinka 6 Serijos BMW G32 GT modeliams<\/li>\n<li>Tinka 7 Serijos BMW G11, G12 modeliams<\/li>\n<li>Tinka 7 Serijos BMW G11 LCI , G12 LCI modeliams<\/li>\n<li>Tinka 8 Serijos BMW G14, G15, G16 modeliamsPagaminti i\u0161 ABS Plastmas\u0117s. Geras tinkamumasDangteliai nuda\u017eyti. Juodi blizg\u016bs<\/li>\n<\/ul>\n<p>M Stiliaus Juodi blizg\u016bs veidrod\u0117li\u0173 dangteliai<\/p>\n","protected":false},"excerpt":{"rendered":"<p>Tinka 3 Serijos BMW G20, G21 modeliams Tinka 5 Serijos BMW G30, G31 modeliams Tinka 6 Serijos BMW G32 GT modeliams Tinka 7 Serijos BMW G11, G12 modeliams Tinka 7 Serijos BMW G11 LCI , G12 LCI modeliams Tinka 8 Serijos BMW G14, G15, G16 modeliamsPagaminti i\u0161 ABS Plastmas\u0117s. Geras tinkamumasDangteliai nuda\u017eyti. Juodi blizg\u016bs M<\/p>\n<div class=\"klb-readmore button\"><a class=\"btn link\" href=\"https:\/\/b2b.pfellas.lt\/index.php\/product\/veidrodeliu-gaubtai-performance-bmw-g20-g30-g31-g32-g11-g12-g14-g15-g16-juodi-blizgus\/\">Read More <i class=\"klbth-icon-right-arrow\"><\/i><\/a><\/div>\n","protected":false},"featured_media":97788,"comment_status":"open","ping_status":"closed","template":"","meta":[],"product_cat":[2987,2961,2983,2963,2992,2954,2958],"product_tag":[],"class_list":{"0":"post-97791","1":"product","2":"type-product","3":"status-publish","4":"has-post-thumbnail","6":"product_cat-3-g20-g21-18","7":"product_cat-5-g30-g31-17","8":"product_cat-6gt-g32-17","9":"product_cat-7-g11-g12-15-22","10":"product_cat-8-g15-g16-19","11":"product_cat-bmw","12":"product_cat-veidrodeliu-gaubtai","13":"pa_make-3-g20-2","14":"pa_make-5-g30","15":"pa_make-7-g11","16":"pa_make-8-g15","17":"pa_make-bmw","19":"first","20":"instock","21":"taxable","22":"shipping-taxable","23":"purchasable","24":"product-type-simple"},"jetpack_sharing_enabled":true,"_links":{"self":[{"href":"https:\/\/b2b.pfellas.lt\/index.php\/wp-json\/wp\/v2\/product\/97791"}],"collection":[{"href":"https:\/\/b2b.pfellas.lt\/index.php\/wp-json\/wp\/v2\/product"}],"about":[{"href":"https:\/\/b2b.pfellas.lt\/index.php\/wp-json\/wp\/v2\/types\/product"}],"replies":[{"embeddable":true,"href":"https:\/\/b2b.pfellas.lt\/index.php\/wp-json\/wp\/v2\/comments?post=97791"}],"wp:featuredmedia":[{"embeddable":true,"href":"https:\/\/b2b.pfellas.lt\/index.php\/wp-json\/wp\/v2\/media\/97788"}],"wp:attachment":[{"href":"https:\/\/b2b.pfellas.lt\/index.php\/wp-json\/wp\/v2\/media?parent=97791"}],"wp:term":[{"taxonomy":"product_cat","embeddable":true,"href":"https:\/\/b2b.pfellas.lt\/index.php\/wp-json\/wp\/v2\/product_cat?post=97791"},{"taxonomy":"product_tag","embeddable":true,"href":"https:\/\/b2b.pfellas.lt\/index.php\/wp-json\/wp\/v2\/product_tag?post=97791"}],"curies":[{"name":"wp","href":"https:\/\/api.w.org\/{rel}","templated":true}]}}