{"id":97795,"date":"2024-07-04T11:34:23","date_gmt":"2024-07-04T09:34:23","guid":{"rendered":"https:\/\/b2b.pfellas.lt\/index.php\/product\/veidrodeliu-gaubtai-bmw-5-e60-e61-pre-lci-modeliams-03-06-juodi-blizgus\/"},"modified":"2024-09-25T15:36:44","modified_gmt":"2024-09-25T13:36:44","slug":"veidrodeliu-gaubtai-bmw-5-e60-e61-pre-lci-modeliams-03-06-juodi-blizgus","status":"publish","type":"product","link":"https:\/\/b2b.pfellas.lt\/index.php\/product\/veidrodeliu-gaubtai-bmw-5-e60-e61-pre-lci-modeliams-03-06-juodi-blizgus\/","title":{"rendered":"Veidrod\u0117li\u0173 gaubtai BMW 5 E60 E61 PRE-LCI modeliams 03-06 juodi blizg\u016bs"},"content":{"rendered":"<p>Juodi blizg\u016bs veidrod\u0117li\u0173 dangteliai ne facelift modeliams. BMW E60 2003-2006.<\/p>\n","protected":false},"excerpt":{"rendered":"<p>Juodi blizg\u016bs veidrod\u0117li\u0173 dangteliai ne facelift modeliams. BMW E60 2003-2006.<\/p>\n","protected":false},"featured_media":97792,"comment_status":"open","ping_status":"closed","template":"","meta":[],"product_cat":[2955,2954,2958],"product_tag":[],"class_list":{"0":"post-97795","1":"product","2":"type-product","3":"status-publish","4":"has-post-thumbnail","6":"product_cat-5-e60-2003-2010","7":"product_cat-bmw","8":"product_cat-veidrodeliu-gaubtai","9":"pa_make-5-e60","10":"pa_make-bmw","12":"first","13":"instock","14":"sale","15":"taxable","16":"shipping-taxable","17":"purchasable","18":"product-type-simple"},"jetpack_sharing_enabled":true,"_links":{"self":[{"href":"https:\/\/b2b.pfellas.lt\/index.php\/wp-json\/wp\/v2\/product\/97795"}],"collection":[{"href":"https:\/\/b2b.pfellas.lt\/index.php\/wp-json\/wp\/v2\/product"}],"about":[{"href":"https:\/\/b2b.pfellas.lt\/index.php\/wp-json\/wp\/v2\/types\/product"}],"replies":[{"embeddable":true,"href":"https:\/\/b2b.pfellas.lt\/index.php\/wp-json\/wp\/v2\/comments?post=97795"}],"wp:featuredmedia":[{"embeddable":true,"href":"https:\/\/b2b.pfellas.lt\/index.php\/wp-json\/wp\/v2\/media\/97792"}],"wp:attachment":[{"href":"https:\/\/b2b.pfellas.lt\/index.php\/wp-json\/wp\/v2\/media?parent=97795"}],"wp:term":[{"taxonomy":"product_cat","embeddable":true,"href":"https:\/\/b2b.pfellas.lt\/index.php\/wp-json\/wp\/v2\/product_cat?post=97795"},{"taxonomy":"product_tag","embeddable":true,"href":"https:\/\/b2b.pfellas.lt\/index.php\/wp-json\/wp\/v2\/product_tag?post=97795"}],"curies":[{"name":"wp","href":"https:\/\/api.w.org\/{rel}","templated":true}]}}