{"id":97826,"date":"2024-07-04T17:24:27","date_gmt":"2024-07-04T15:24:27","guid":{"rendered":"https:\/\/b2b.pfellas.lt\/index.php\/product\/bagazines-apdaila-bmw-4-f32-coupe-nuo-2013-juoda-blizgi\/"},"modified":"2024-09-25T15:36:53","modified_gmt":"2024-09-25T13:36:53","slug":"bagazines-apdaila-bmw-4-f32-coupe-nuo-2013-juoda-blizgi","status":"publish","type":"product","link":"https:\/\/b2b.pfellas.lt\/index.php\/product\/bagazines-apdaila-bmw-4-f32-coupe-nuo-2013-juoda-blizgi\/","title":{"rendered":"Baga\u017ein\u0117s apdaila BMW 4 F32 Coupe nuo 2013 juoda blizgi"},"content":{"rendered":"<ul>\n<li>Tinka 4 Serijos BMW F32 Coupe modeliams<\/li>\n<li>Netinka 4 Serijos F33 Cabriolet, F36 Gran Coupe, F82 M4, F83 M4 modeliamsBaga\u017ein\u0117s spoileris pagamintas i\u0161 ABS Plastmas\u0117s. Geras tinkamumas<br \/>\nSpoileris nuda\u017eytas juoda blizgia spalva<\/li>\n<\/ul>\n<p>Juodas blizgus Performance baga\u017ein\u0117s spoileris<\/p>\n","protected":false},"excerpt":{"rendered":"<p>Tinka 4 Serijos BMW F32 Coupe modeliams Netinka 4 Serijos F33 Cabriolet, F36 Gran Coupe, F82 M4, F83 M4 modeliamsBaga\u017ein\u0117s spoileris pagamintas i\u0161 ABS Plastmas\u0117s. Geras tinkamumas Spoileris nuda\u017eytas juoda blizgia spalva Juodas blizgus Performance baga\u017ein\u0117s spoileris<\/p>\n","protected":false},"featured_media":97819,"comment_status":"open","ping_status":"closed","template":"","meta":[],"product_cat":[2986,2623,2954],"product_tag":[],"class_list":{"0":"post-97826","1":"product","2":"type-product","3":"status-publish","4":"has-post-thumbnail","6":"product_cat-4-f32-f33-f36-13-20","7":"product_cat-bagazines-apdailos","8":"product_cat-bmw","9":"pa_make-4-f32-2","10":"pa_make-bmw","12":"first","13":"instock","14":"sale","15":"taxable","16":"shipping-taxable","17":"purchasable","18":"product-type-simple"},"jetpack_sharing_enabled":true,"_links":{"self":[{"href":"https:\/\/b2b.pfellas.lt\/index.php\/wp-json\/wp\/v2\/product\/97826"}],"collection":[{"href":"https:\/\/b2b.pfellas.lt\/index.php\/wp-json\/wp\/v2\/product"}],"about":[{"href":"https:\/\/b2b.pfellas.lt\/index.php\/wp-json\/wp\/v2\/types\/product"}],"replies":[{"embeddable":true,"href":"https:\/\/b2b.pfellas.lt\/index.php\/wp-json\/wp\/v2\/comments?post=97826"}],"wp:featuredmedia":[{"embeddable":true,"href":"https:\/\/b2b.pfellas.lt\/index.php\/wp-json\/wp\/v2\/media\/97819"}],"wp:attachment":[{"href":"https:\/\/b2b.pfellas.lt\/index.php\/wp-json\/wp\/v2\/media?parent=97826"}],"wp:term":[{"taxonomy":"product_cat","embeddable":true,"href":"https:\/\/b2b.pfellas.lt\/index.php\/wp-json\/wp\/v2\/product_cat?post=97826"},{"taxonomy":"product_tag","embeddable":true,"href":"https:\/\/b2b.pfellas.lt\/index.php\/wp-json\/wp\/v2\/product_tag?post=97826"}],"curies":[{"name":"wp","href":"https:\/\/api.w.org\/{rel}","templated":true}]}}