{"id":97862,"date":"2024-07-04T17:26:57","date_gmt":"2024-07-04T15:26:57","guid":{"rendered":"https:\/\/b2b.pfellas.lt\/index.php\/product\/bagazines-apdaila-psm-look-bmw-3-e92-juoda-blizgi\/"},"modified":"2024-09-25T15:37:11","modified_gmt":"2024-09-25T13:37:11","slug":"bagazines-apdaila-psm-look-bmw-3-e92-juoda-blizgi","status":"publish","type":"product","link":"https:\/\/b2b.pfellas.lt\/index.php\/product\/bagazines-apdaila-psm-look-bmw-3-e92-juoda-blizgi\/","title":{"rendered":"Baga\u017ein\u0117s apdaila PSM look BMW 3 E92 juoda blizgi"},"content":{"rendered":"<ul>\n<li><strong>Tinka<\/strong>\u00a03 Serijos BMW E92\u00a0<strong>Coupe<\/strong> modeliams<\/li>\n<li><strong>Netinka<\/strong> 3 Serijos BMW E92 Kabrioletui, E90 Sedano modeliams. \u0160i\u0173 modeli\u0173 baga\u017ein\u0117s dang\u010dio forma skiriasi nuo Coupe modelio!<\/li>\n<li>Spoileris pagamintas i\u0161 ABS Plastmas\u0117s<\/li>\n<li>Baga\u017ein\u0117s spoileris nuda\u017eytas juoda blizgia spalva<\/li>\n<\/ul>\n<p>Juodas blizgus PSM Stiliaus baga\u017ein\u0117s spoileris<\/p>\n","protected":false},"excerpt":{"rendered":"<p>Tinka\u00a03 Serijos BMW E92\u00a0Coupe modeliams Netinka 3 Serijos BMW E92 Kabrioletui, E90 Sedano modeliams. \u0160i\u0173 modeli\u0173 baga\u017ein\u0117s dang\u010dio forma skiriasi nuo Coupe modelio! Spoileris pagamintas i\u0161 ABS Plastmas\u0117s Baga\u017ein\u0117s spoileris nuda\u017eytas juoda blizgia spalva Juodas blizgus PSM Stiliaus baga\u017ein\u0117s spoileris<\/p>\n","protected":false},"featured_media":97860,"comment_status":"open","ping_status":"closed","template":"","meta":[],"product_cat":[2989,2623,2954],"product_tag":[],"class_list":{"0":"post-97862","1":"product","2":"type-product","3":"status-publish","4":"has-post-thumbnail","6":"product_cat-3-e92-e93-06-12","7":"product_cat-bagazines-apdailos","8":"product_cat-bmw","9":"pa_make-3-e92-2","10":"pa_make-bmw","12":"first","13":"instock","14":"sale","15":"taxable","16":"shipping-taxable","17":"purchasable","18":"product-type-simple"},"jetpack_sharing_enabled":true,"_links":{"self":[{"href":"https:\/\/b2b.pfellas.lt\/index.php\/wp-json\/wp\/v2\/product\/97862"}],"collection":[{"href":"https:\/\/b2b.pfellas.lt\/index.php\/wp-json\/wp\/v2\/product"}],"about":[{"href":"https:\/\/b2b.pfellas.lt\/index.php\/wp-json\/wp\/v2\/types\/product"}],"replies":[{"embeddable":true,"href":"https:\/\/b2b.pfellas.lt\/index.php\/wp-json\/wp\/v2\/comments?post=97862"}],"wp:featuredmedia":[{"embeddable":true,"href":"https:\/\/b2b.pfellas.lt\/index.php\/wp-json\/wp\/v2\/media\/97860"}],"wp:attachment":[{"href":"https:\/\/b2b.pfellas.lt\/index.php\/wp-json\/wp\/v2\/media?parent=97862"}],"wp:term":[{"taxonomy":"product_cat","embeddable":true,"href":"https:\/\/b2b.pfellas.lt\/index.php\/wp-json\/wp\/v2\/product_cat?post=97862"},{"taxonomy":"product_tag","embeddable":true,"href":"https:\/\/b2b.pfellas.lt\/index.php\/wp-json\/wp\/v2\/product_tag?post=97862"}],"curies":[{"name":"wp","href":"https:\/\/api.w.org\/{rel}","templated":true}]}}