{"id":97875,"date":"2024-07-04T17:27:34","date_gmt":"2024-07-04T15:27:34","guid":{"rendered":"https:\/\/b2b.pfellas.lt\/index.php\/product\/psm-stiliaus-bagazines-spoileris-bmw-3-e90-juodas-blizgus\/"},"modified":"2024-09-25T17:50:39","modified_gmt":"2024-09-25T15:50:39","slug":"psm-stiliaus-bagazines-spoileris-bmw-3-e90-juodas-blizgus","status":"publish","type":"product","link":"https:\/\/b2b.pfellas.lt\/index.php\/product\/psm-stiliaus-bagazines-spoileris-bmw-3-e90-juodas-blizgus\/","title":{"rendered":"PSM Stiliaus Baga\u017ein\u0117s spoileris BMW 3 E90 juodas blizgus"},"content":{"rendered":"<ul>\n<li>Tinka visiems 3 Serijos BMW E90, E90 M3 modeliams<\/li>\n<li>Netinka 3 Serijos BMW E91 Universalo, E92 Kup\u0117, E93 Kabrioleto modeliams<\/li>\n<li>Nuda\u017eytas juoda blizgia spalva<\/li>\n<li>Komplekte su dvipusia lipnia juosta (naudoti pagal savo nuo\u017ei\u016bra)<\/li>\n<\/ul>\n<p>Juodas blizgus PSM Stiliaus baga\u017ein\u0117s spoileris<br \/>\nPagamintas i\u0161 ABS Plastmas\u0117s, geras tinkamumas<\/p>\n","protected":false},"excerpt":{"rendered":"<p>Tinka visiems 3 Serijos BMW E90, E90 M3 modeliams Netinka 3 Serijos BMW E91 Universalo, E92 Kup\u0117, E93 Kabrioleto modeliams Nuda\u017eytas juoda blizgia spalva Komplekte su dvipusia lipnia juosta (naudoti pagal savo nuo\u017ei\u016bra) Juodas blizgus PSM Stiliaus baga\u017ein\u0117s spoileris Pagamintas i\u0161 ABS Plastmas\u0117s, geras tinkamumas<\/p>\n","protected":false},"featured_media":98814,"comment_status":"open","ping_status":"closed","template":"","meta":[],"product_cat":[2988,2623,2954],"product_tag":[],"class_list":{"0":"post-97875","1":"product","2":"type-product","3":"status-publish","4":"has-post-thumbnail","6":"product_cat-3-e90-e91-05-11","7":"product_cat-bagazines-apdailos","8":"product_cat-bmw","9":"pa_make-3-e90-2","10":"pa_make-bmw","12":"first","13":"instock","14":"sale","15":"taxable","16":"shipping-taxable","17":"purchasable","18":"product-type-simple"},"jetpack_sharing_enabled":true,"_links":{"self":[{"href":"https:\/\/b2b.pfellas.lt\/index.php\/wp-json\/wp\/v2\/product\/97875"}],"collection":[{"href":"https:\/\/b2b.pfellas.lt\/index.php\/wp-json\/wp\/v2\/product"}],"about":[{"href":"https:\/\/b2b.pfellas.lt\/index.php\/wp-json\/wp\/v2\/types\/product"}],"replies":[{"embeddable":true,"href":"https:\/\/b2b.pfellas.lt\/index.php\/wp-json\/wp\/v2\/comments?post=97875"}],"wp:featuredmedia":[{"embeddable":true,"href":"https:\/\/b2b.pfellas.lt\/index.php\/wp-json\/wp\/v2\/media\/98814"}],"wp:attachment":[{"href":"https:\/\/b2b.pfellas.lt\/index.php\/wp-json\/wp\/v2\/media?parent=97875"}],"wp:term":[{"taxonomy":"product_cat","embeddable":true,"href":"https:\/\/b2b.pfellas.lt\/index.php\/wp-json\/wp\/v2\/product_cat?post=97875"},{"taxonomy":"product_tag","embeddable":true,"href":"https:\/\/b2b.pfellas.lt\/index.php\/wp-json\/wp\/v2\/product_tag?post=97875"}],"curies":[{"name":"wp","href":"https:\/\/api.w.org\/{rel}","templated":true}]}}