{"id":97886,"date":"2024-07-04T17:28:15","date_gmt":"2024-07-04T15:28:15","guid":{"rendered":"https:\/\/b2b.pfellas.lt\/index.php\/product\/bagazines-apdaila-performance-bmw-3-e90-juodas-blizgus\/"},"modified":"2024-09-25T15:37:24","modified_gmt":"2024-09-25T13:37:24","slug":"bagazines-apdaila-performance-bmw-3-e90-juodas-blizgus","status":"publish","type":"product","link":"https:\/\/b2b.pfellas.lt\/index.php\/product\/bagazines-apdaila-performance-bmw-3-e90-juodas-blizgus\/","title":{"rendered":"Baga\u017ein\u0117s apdaila performance BMW 3 E90 juodas blizgus"},"content":{"rendered":"<p>Juodas blizgus baga\u017ein\u0117s spoileris<\/p>\n<p>\u00bb Tinka visiems 3 Serijos BMW\u00a0E90 ir E90 M3 modeliams<br \/>\n\u00bb Netinka 3 Serijos BMW\u00a0E91, E92, E93\u00a0modeliams<\/p>\n<p>\u2022 Spoileris pagamintas i\u0161 ABS Plastmas\u0117s. Geras tinkamumas<br \/>\n\u2022 Nuda\u017eytas juoda blizgia spalva<\/p>\n","protected":false},"excerpt":{"rendered":"<p>Juodas blizgus baga\u017ein\u0117s spoileris \u00bb Tinka visiems 3 Serijos BMW\u00a0E90 ir E90 M3 modeliams \u00bb Netinka 3 Serijos BMW\u00a0E91, E92, E93\u00a0modeliams \u2022 Spoileris pagamintas i\u0161 ABS Plastmas\u0117s. Geras tinkamumas \u2022 Nuda\u017eytas juoda blizgia spalva<\/p>\n","protected":false},"featured_media":97880,"comment_status":"open","ping_status":"closed","template":"","meta":[],"product_cat":[2988,2623,2954],"product_tag":[],"class_list":{"0":"post-97886","1":"product","2":"type-product","3":"status-publish","4":"has-post-thumbnail","6":"product_cat-3-e90-e91-05-11","7":"product_cat-bagazines-apdailos","8":"product_cat-bmw","9":"pa_make-3-e90-2","10":"pa_make-bmw","12":"first","13":"instock","14":"taxable","15":"shipping-taxable","16":"purchasable","17":"product-type-simple"},"jetpack_sharing_enabled":true,"_links":{"self":[{"href":"https:\/\/b2b.pfellas.lt\/index.php\/wp-json\/wp\/v2\/product\/97886"}],"collection":[{"href":"https:\/\/b2b.pfellas.lt\/index.php\/wp-json\/wp\/v2\/product"}],"about":[{"href":"https:\/\/b2b.pfellas.lt\/index.php\/wp-json\/wp\/v2\/types\/product"}],"replies":[{"embeddable":true,"href":"https:\/\/b2b.pfellas.lt\/index.php\/wp-json\/wp\/v2\/comments?post=97886"}],"wp:featuredmedia":[{"embeddable":true,"href":"https:\/\/b2b.pfellas.lt\/index.php\/wp-json\/wp\/v2\/media\/97880"}],"wp:attachment":[{"href":"https:\/\/b2b.pfellas.lt\/index.php\/wp-json\/wp\/v2\/media?parent=97886"}],"wp:term":[{"taxonomy":"product_cat","embeddable":true,"href":"https:\/\/b2b.pfellas.lt\/index.php\/wp-json\/wp\/v2\/product_cat?post=97886"},{"taxonomy":"product_tag","embeddable":true,"href":"https:\/\/b2b.pfellas.lt\/index.php\/wp-json\/wp\/v2\/product_tag?post=97886"}],"curies":[{"name":"wp","href":"https:\/\/api.w.org\/{rel}","templated":true}]}}