{"id":97888,"date":"2024-07-04T17:28:18","date_gmt":"2024-07-04T15:28:18","guid":{"rendered":"https:\/\/b2b.pfellas.lt\/index.php\/product\/m-sport-bagazines-spoileris-skirtas-bmw-g30-modeliui\/"},"modified":"2024-09-25T15:37:26","modified_gmt":"2024-09-25T13:37:26","slug":"m-sport-bagazines-spoileris-skirtas-bmw-g30-modeliui","status":"publish","type":"product","link":"https:\/\/b2b.pfellas.lt\/index.php\/product\/m-sport-bagazines-spoileris-skirtas-bmw-g30-modeliui\/","title":{"rendered":"M Sport baga\u017ein\u0117s spoileris skirtas BMW G30 modeliui"},"content":{"rendered":"<ul>\n<li>Juodas lbizugs M Sport Baga\u017ein\u0117s spoileris\u00bb\u00a0Tinka 5 Serijos BMW G30, F90 M5 modeliams<br \/>\n\u00bb Netinka 5 Serijos BMW G31 Universalo modeliams\u2022 Pagamintas i\u0161 ABS Plastiko<br \/>\n\u2022 Spoileris nuda\u017eytas Juoda blizgia spalvaBaga\u017ein\u0117s spoileris neoriginalus<\/li>\n<\/ul>\n","protected":false},"excerpt":{"rendered":"<p>Juodas lbizugs M Sport Baga\u017ein\u0117s spoileris\u00bb\u00a0Tinka 5 Serijos BMW G30, F90 M5 modeliams \u00bb Netinka 5 Serijos BMW G31 Universalo modeliams\u2022 Pagamintas i\u0161 ABS Plastiko \u2022 Spoileris nuda\u017eytas Juoda blizgia spalvaBaga\u017ein\u0117s spoileris neoriginalus<\/p>\n","protected":false},"featured_media":97887,"comment_status":"open","ping_status":"closed","template":"","meta":[],"product_cat":[2961,2623,2954,2976],"product_tag":[],"class_list":{"0":"post-97888","1":"product","2":"type-product","3":"status-publish","4":"has-post-thumbnail","6":"product_cat-5-g30-g31-17","7":"product_cat-bagazines-apdailos","8":"product_cat-bmw","9":"product_cat-m5-f90-17","10":"pa_make-5-g30","11":"pa_make-bmw","12":"pa_make-m5-f90","14":"first","15":"instock","16":"taxable","17":"shipping-taxable","18":"purchasable","19":"product-type-simple"},"jetpack_sharing_enabled":true,"_links":{"self":[{"href":"https:\/\/b2b.pfellas.lt\/index.php\/wp-json\/wp\/v2\/product\/97888"}],"collection":[{"href":"https:\/\/b2b.pfellas.lt\/index.php\/wp-json\/wp\/v2\/product"}],"about":[{"href":"https:\/\/b2b.pfellas.lt\/index.php\/wp-json\/wp\/v2\/types\/product"}],"replies":[{"embeddable":true,"href":"https:\/\/b2b.pfellas.lt\/index.php\/wp-json\/wp\/v2\/comments?post=97888"}],"wp:featuredmedia":[{"embeddable":true,"href":"https:\/\/b2b.pfellas.lt\/index.php\/wp-json\/wp\/v2\/media\/97887"}],"wp:attachment":[{"href":"https:\/\/b2b.pfellas.lt\/index.php\/wp-json\/wp\/v2\/media?parent=97888"}],"wp:term":[{"taxonomy":"product_cat","embeddable":true,"href":"https:\/\/b2b.pfellas.lt\/index.php\/wp-json\/wp\/v2\/product_cat?post=97888"},{"taxonomy":"product_tag","embeddable":true,"href":"https:\/\/b2b.pfellas.lt\/index.php\/wp-json\/wp\/v2\/product_tag?post=97888"}],"curies":[{"name":"wp","href":"https:\/\/api.w.org\/{rel}","templated":true}]}}