{"id":97894,"date":"2024-07-04T17:28:29","date_gmt":"2024-07-04T15:28:29","guid":{"rendered":"https:\/\/b2b.pfellas.lt\/index.php\/product\/bagazines-apdaila-m4-look-bmw-4-f32-juoda-blizgi\/"},"modified":"2024-09-25T15:37:30","modified_gmt":"2024-09-25T13:37:30","slug":"bagazines-apdaila-m4-look-bmw-4-f32-juoda-blizgi","status":"publish","type":"product","link":"https:\/\/b2b.pfellas.lt\/index.php\/product\/bagazines-apdaila-m4-look-bmw-4-f32-juoda-blizgi\/","title":{"rendered":"Baga\u017ein\u0117s apdaila M4 look BMW 4 F32 juoda blizgi"},"content":{"rendered":"<ul>\n<li><strong>Tinka<\/strong>\u00a04 Serijos BMW F32\u00a0<strong>Coupe<\/strong> modeliams<\/li>\n<li><strong>Netinka<\/strong> 4 Serijos BMW F33 Kabrioletui, F36 Gran Coupe modeliams. \u0160i\u0173 modeli\u0173 baga\u017ein\u0117s dang\u010dio forma skiriasi nuo Coupe modelio!<\/li>\n<li><strong>Netinka<\/strong>\u00a04 Serijos BMW M4 F82, M4 F83 modeliams<\/li>\n<\/ul>\n<p>&nbsp;<\/p>\n<p>&nbsp;<\/p>\n<p>Juodas blizgus M4 Stiliaus baga\u017ein\u0117s spoileris<\/p>\n","protected":false},"excerpt":{"rendered":"<p>Tinka\u00a04 Serijos BMW F32\u00a0Coupe modeliams Netinka 4 Serijos BMW F33 Kabrioletui, F36 Gran Coupe modeliams. \u0160i\u0173 modeli\u0173 baga\u017ein\u0117s dang\u010dio forma skiriasi nuo Coupe modelio! Netinka\u00a04 Serijos BMW M4 F82, M4 F83 modeliams &nbsp; &nbsp; Juodas blizgus M4 Stiliaus baga\u017ein\u0117s spoileris<\/p>\n","protected":false},"featured_media":97892,"comment_status":"open","ping_status":"closed","template":"","meta":[],"product_cat":[2986,2623,2954],"product_tag":[],"class_list":{"0":"post-97894","1":"product","2":"type-product","3":"status-publish","4":"has-post-thumbnail","6":"product_cat-4-f32-f33-f36-13-20","7":"product_cat-bagazines-apdailos","8":"product_cat-bmw","9":"pa_make-4-f32-2","10":"pa_make-bmw","12":"first","13":"instock","14":"sale","15":"taxable","16":"shipping-taxable","17":"purchasable","18":"product-type-simple"},"jetpack_sharing_enabled":true,"_links":{"self":[{"href":"https:\/\/b2b.pfellas.lt\/index.php\/wp-json\/wp\/v2\/product\/97894"}],"collection":[{"href":"https:\/\/b2b.pfellas.lt\/index.php\/wp-json\/wp\/v2\/product"}],"about":[{"href":"https:\/\/b2b.pfellas.lt\/index.php\/wp-json\/wp\/v2\/types\/product"}],"replies":[{"embeddable":true,"href":"https:\/\/b2b.pfellas.lt\/index.php\/wp-json\/wp\/v2\/comments?post=97894"}],"wp:featuredmedia":[{"embeddable":true,"href":"https:\/\/b2b.pfellas.lt\/index.php\/wp-json\/wp\/v2\/media\/97892"}],"wp:attachment":[{"href":"https:\/\/b2b.pfellas.lt\/index.php\/wp-json\/wp\/v2\/media?parent=97894"}],"wp:term":[{"taxonomy":"product_cat","embeddable":true,"href":"https:\/\/b2b.pfellas.lt\/index.php\/wp-json\/wp\/v2\/product_cat?post=97894"},{"taxonomy":"product_tag","embeddable":true,"href":"https:\/\/b2b.pfellas.lt\/index.php\/wp-json\/wp\/v2\/product_tag?post=97894"}],"curies":[{"name":"wp","href":"https:\/\/api.w.org\/{rel}","templated":true}]}}