{"id":97896,"date":"2024-07-04T17:28:34","date_gmt":"2024-07-04T15:28:34","guid":{"rendered":"https:\/\/b2b.pfellas.lt\/index.php\/product\/cs-stiliaus-bagazines-apdaila-bmw-4-g22-m4-g82\/"},"modified":"2024-09-25T15:37:31","modified_gmt":"2024-09-25T13:37:31","slug":"cs-stiliaus-bagazines-apdaila-bmw-4-g22-m4-g82","status":"publish","type":"product","link":"https:\/\/b2b.pfellas.lt\/index.php\/product\/cs-stiliaus-bagazines-apdaila-bmw-4-g22-m4-g82\/","title":{"rendered":"CS Stiliaus Baga\u017ein\u0117s apdaila BMW 4 G22, M4 G82"},"content":{"rendered":"<p>CS Stiliaus Juodas blizgus baga\u017ein\u0117s spoileris<\/p>\n<p>\u00bb Tinka visiems 4 Serijos BMW G22 Coupe modeliams<br \/>\n\u00bb Tinka visiems 4 Serijos BMW M4 G82 Coupe modeliams<\/p>\n<p>\u00bb Netinka 4 Serijos BMW G23 Cabriolet ir G24 Gran Coupe modeliams<\/p>\n<p>\u2022 Spoileris pagamintas i\u0161 ABS Plastmas\u0117s. Geras tinkamumas<br \/>\n\u2022 Baga\u017ein\u0117s spoileris\u00a0nuda\u017eytas juoda-blizgia spalva<\/p>\n","protected":false},"excerpt":{"rendered":"<p>CS Stiliaus Juodas blizgus baga\u017ein\u0117s spoileris \u00bb Tinka visiems 4 Serijos BMW G22 Coupe modeliams \u00bb Tinka visiems 4 Serijos BMW M4 G82 Coupe modeliams \u00bb Netinka 4 Serijos BMW G23 Cabriolet ir G24 Gran Coupe modeliams \u2022 Spoileris pagamintas i\u0161 ABS Plastmas\u0117s. Geras tinkamumas \u2022 Baga\u017ein\u0117s spoileris\u00a0nuda\u017eytas juoda-blizgia spalva<\/p>\n","protected":false},"featured_media":97895,"comment_status":"open","ping_status":"closed","template":"","meta":[],"product_cat":[2993,2623,2954,2978],"product_tag":[],"class_list":{"0":"post-97896","1":"product","2":"type-product","3":"status-publish","4":"has-post-thumbnail","6":"product_cat-4-g22-g26-20","7":"product_cat-bagazines-apdailos","8":"product_cat-bmw","9":"product_cat-m4-g82-21","10":"pa_make-4-g22-2","11":"pa_make-bmw","12":"pa_make-m4-g82-2","14":"first","15":"instock","16":"taxable","17":"shipping-taxable","18":"purchasable","19":"product-type-simple"},"jetpack_sharing_enabled":true,"_links":{"self":[{"href":"https:\/\/b2b.pfellas.lt\/index.php\/wp-json\/wp\/v2\/product\/97896"}],"collection":[{"href":"https:\/\/b2b.pfellas.lt\/index.php\/wp-json\/wp\/v2\/product"}],"about":[{"href":"https:\/\/b2b.pfellas.lt\/index.php\/wp-json\/wp\/v2\/types\/product"}],"replies":[{"embeddable":true,"href":"https:\/\/b2b.pfellas.lt\/index.php\/wp-json\/wp\/v2\/comments?post=97896"}],"wp:featuredmedia":[{"embeddable":true,"href":"https:\/\/b2b.pfellas.lt\/index.php\/wp-json\/wp\/v2\/media\/97895"}],"wp:attachment":[{"href":"https:\/\/b2b.pfellas.lt\/index.php\/wp-json\/wp\/v2\/media?parent=97896"}],"wp:term":[{"taxonomy":"product_cat","embeddable":true,"href":"https:\/\/b2b.pfellas.lt\/index.php\/wp-json\/wp\/v2\/product_cat?post=97896"},{"taxonomy":"product_tag","embeddable":true,"href":"https:\/\/b2b.pfellas.lt\/index.php\/wp-json\/wp\/v2\/product_tag?post=97896"}],"curies":[{"name":"wp","href":"https:\/\/api.w.org\/{rel}","templated":true}]}}