{"id":97910,"date":"2024-07-05T16:52:39","date_gmt":"2024-07-05T14:52:39","guid":{"rendered":"https:\/\/b2b.pfellas.lt\/index.php\/product\/m-sport-apdailos-komplektas-bmw-3-f30-11-15-328-330-modeliams\/"},"modified":"2024-09-25T15:37:38","modified_gmt":"2024-09-25T13:37:38","slug":"m-sport-apdailos-komplektas-bmw-3-f30-11-15-328-330-modeliams","status":"publish","type":"product","link":"https:\/\/b2b.pfellas.lt\/index.php\/product\/m-sport-apdailos-komplektas-bmw-3-f30-11-15-328-330-modeliams\/","title":{"rendered":"M Sport Apdailos komplektas BMW 3 F30 11-15 328, 330 modeliams"},"content":{"rendered":"<p>New and originally packed<br \/>\nIMPORTANT NOTE:<br \/>\nCheck all body parts for fit and correctness before painting, as painted parts are non-returnable.<br \/>\nItem features of Bodykit front rear bumper side skirts suitable for BMW 3 Series F30 11-15<br \/>\nThe essential product features of<br \/>\nBodykit front rear bumper side skirts for BMW 3 F30 11-15<br \/>\nare:<br \/>\nBodykit<br \/>\nSports Optik<br \/>\nconsisting of:<br \/>\nFrontsto\u00dfstange<br \/>\nfor Scheinwerferreinigungsanlage<br \/>\nincluding Sto\u00dfstangengitter<br \/>\n+<br \/>\nHecksto\u00dfstange<br \/>\nincluding for PDC<br \/>\ndiffuser with twin tube recess on the left Seite<br \/>\n+<br \/>\nSeitenschweller<br \/>\n1 pair (for driver and Passenger side)<br \/>\n&#8211; Sporty, upgrading look<br \/>\n&#8211; High-quality workmanship and absolutely perfect fit<br \/>\n&#8211; All parts shown are included in the scope of delivery<br \/>\n&#8211; The bumpers and side skirts are ready ts primed<br \/>\n&#8211; Including mounting material<br \/>\nTechnical details of body kit front rear bumper side skirts suitable for BMW 3 series F30 11-15 \/ suitable for<br \/>\nBMW 3 series<br \/>\nType F30<br \/>\nLimousine<br \/>\nonly for pre-facelift<br \/>\nyear 10\/2011-04\/2015<\/p>\n","protected":false},"excerpt":{"rendered":"<p>U\u017esakant teiraukit\u0117s d\u0117l pristatymo termino, jeigu prek\u0117s n\u0117ra sand\u0117lyje.<\/p>\n<p>[wpforms id=&#8221;252345&#8243;]<\/p>\n","protected":false},"featured_media":97900,"comment_status":"open","ping_status":"closed","template":"","meta":[],"product_cat":[2960,2954,2932],"product_tag":[],"class_list":{"0":"post-97910","1":"product","2":"type-product","3":"status-publish","4":"has-post-thumbnail","6":"product_cat-3-f30-f31-13-18","7":"product_cat-bmw","8":"product_cat-bodykit","9":"pa_make-3-f30-2","10":"pa_make-bmw","12":"first","13":"instock","14":"sale","15":"taxable","16":"shipping-taxable","17":"purchasable","18":"product-type-simple"},"jetpack_sharing_enabled":true,"_links":{"self":[{"href":"https:\/\/b2b.pfellas.lt\/index.php\/wp-json\/wp\/v2\/product\/97910"}],"collection":[{"href":"https:\/\/b2b.pfellas.lt\/index.php\/wp-json\/wp\/v2\/product"}],"about":[{"href":"https:\/\/b2b.pfellas.lt\/index.php\/wp-json\/wp\/v2\/types\/product"}],"replies":[{"embeddable":true,"href":"https:\/\/b2b.pfellas.lt\/index.php\/wp-json\/wp\/v2\/comments?post=97910"}],"wp:featuredmedia":[{"embeddable":true,"href":"https:\/\/b2b.pfellas.lt\/index.php\/wp-json\/wp\/v2\/media\/97900"}],"wp:attachment":[{"href":"https:\/\/b2b.pfellas.lt\/index.php\/wp-json\/wp\/v2\/media?parent=97910"}],"wp:term":[{"taxonomy":"product_cat","embeddable":true,"href":"https:\/\/b2b.pfellas.lt\/index.php\/wp-json\/wp\/v2\/product_cat?post=97910"},{"taxonomy":"product_tag","embeddable":true,"href":"https:\/\/b2b.pfellas.lt\/index.php\/wp-json\/wp\/v2\/product_tag?post=97910"}],"curies":[{"name":"wp","href":"https:\/\/api.w.org\/{rel}","templated":true}]}}