{"id":97923,"date":"2024-07-05T16:53:44","date_gmt":"2024-07-05T14:53:44","guid":{"rendered":"https:\/\/b2b.pfellas.lt\/index.php\/product\/m-sport-apdailos-komplektas-bmw-3-f30-sedanui-330-340-modeliams\/"},"modified":"2024-09-25T15:37:41","modified_gmt":"2024-09-25T13:37:41","slug":"m-sport-apdailos-komplektas-bmw-3-f30-sedanui-330-340-modeliams","status":"publish","type":"product","link":"https:\/\/b2b.pfellas.lt\/index.php\/product\/m-sport-apdailos-komplektas-bmw-3-f30-sedanui-330-340-modeliams\/","title":{"rendered":"M Sport Apdailos komplektas BMW 3 F30 sedanui 330 340 modeliams"},"content":{"rendered":"<p>New and originally packed<br \/>\nIMPORTANT NOTE:<br \/>\nBefore painting, check all body parts for fit and correctness, as painted parts are non-returnable.<br \/>\nItem features of Sport Bodykit Front Rear Bumper Side Skirts suitable for BMW 3 F30<br \/>\nThe essential product features of<br \/>\nSport Bodykit front rear bumper side skirts for BMW 3 F30<br \/>\nare:<br \/>\nBodykit<br \/>\nSports Optik<br \/>\nconsisting of:<br \/>\nFrontsto\u00dfstange<br \/>\nfor Scheinwerferreinigungsanlage<br \/>\nincluding Sto\u00dfstangengitter<br \/>\n+<br \/>\nHecksto\u00dfstange<br \/>\nincluding diffuser with bilateral Einzelrohraussparungen<br \/>\n+<br \/>\nSeitenschweller<br \/>\n1 pair (for driver and passenger side)<br \/>\n&#8211; Sporty, appreciation in Optik<br \/>\n&#8211; High-quality workmanship and absolutely perfect fit<br \/>\n&#8211; All parts shown are included in the scope of delivery<br \/>\n&#8211; The bumpers and side skirts are already primed t<br \/>\n&#8211; Including mounting material<br \/>\nTechnical details of sport body kit front rear bumper side skirts suitable for BMW 3 F30\u00a0 \/ suitable for<br \/>\nBMW 3 Series<br \/>\nType F30<br \/>\nLimousine<br \/>\nVorfacelift<br \/>\nBj. 10\/2011-04\/2015<br \/>\nFor models without PDC!<\/p>\n","protected":false},"excerpt":{"rendered":"<p>U\u017esakant teiraukit\u0117s d\u0117l pristatymo termino, jeigu prek\u0117s n\u0117ra sand\u0117lyje.<\/p>\n<p>[wpforms id=&#8221;252345&#8243;]<\/p>\n","protected":false},"featured_media":97911,"comment_status":"open","ping_status":"closed","template":"","meta":[],"product_cat":[2960,2954,2932],"product_tag":[],"class_list":{"0":"post-97923","1":"product","2":"type-product","3":"status-publish","4":"has-post-thumbnail","6":"product_cat-3-f30-f31-13-18","7":"product_cat-bmw","8":"product_cat-bodykit","9":"pa_make-3-f30-2","10":"pa_make-bmw","12":"first","13":"instock","14":"sale","15":"taxable","16":"shipping-taxable","17":"purchasable","18":"product-type-simple"},"jetpack_sharing_enabled":true,"_links":{"self":[{"href":"https:\/\/b2b.pfellas.lt\/index.php\/wp-json\/wp\/v2\/product\/97923"}],"collection":[{"href":"https:\/\/b2b.pfellas.lt\/index.php\/wp-json\/wp\/v2\/product"}],"about":[{"href":"https:\/\/b2b.pfellas.lt\/index.php\/wp-json\/wp\/v2\/types\/product"}],"replies":[{"embeddable":true,"href":"https:\/\/b2b.pfellas.lt\/index.php\/wp-json\/wp\/v2\/comments?post=97923"}],"wp:featuredmedia":[{"embeddable":true,"href":"https:\/\/b2b.pfellas.lt\/index.php\/wp-json\/wp\/v2\/media\/97911"}],"wp:attachment":[{"href":"https:\/\/b2b.pfellas.lt\/index.php\/wp-json\/wp\/v2\/media?parent=97923"}],"wp:term":[{"taxonomy":"product_cat","embeddable":true,"href":"https:\/\/b2b.pfellas.lt\/index.php\/wp-json\/wp\/v2\/product_cat?post=97923"},{"taxonomy":"product_tag","embeddable":true,"href":"https:\/\/b2b.pfellas.lt\/index.php\/wp-json\/wp\/v2\/product_tag?post=97923"}],"curies":[{"name":"wp","href":"https:\/\/api.w.org\/{rel}","templated":true}]}}