{"id":97926,"date":"2024-07-05T16:53:51","date_gmt":"2024-07-05T14:53:51","guid":{"rendered":"https:\/\/b2b.pfellas.lt\/index.php\/product\/m3-look-apdailos-komplektas-bmw-3-f30-11-15\/"},"modified":"2024-09-25T15:37:42","modified_gmt":"2024-09-25T13:37:42","slug":"m3-look-apdailos-komplektas-bmw-3-f30-11-15","status":"publish","type":"product","link":"https:\/\/b2b.pfellas.lt\/index.php\/product\/m3-look-apdailos-komplektas-bmw-3-f30-11-15\/","title":{"rendered":"M3 Look Apdailos komplektas BMW 3 F30 11-15"},"content":{"rendered":"<p>M3 look apdailos komplektas.<\/p>\n<p>Tinka:<\/p>\n<p>BMW 3 F30 sedanui;<\/p>\n<p>Netinka:<\/p>\n<p>BMW 3 F31 universalui ; Netinka BMW M3 F80 modeliams<\/p>\n<p>\u0160\u012f komplekt\u0105 sudaro:<\/p>\n<p>Komplekt\u0105 sudaro: priekinis bamperis, abu slenks\u010diai, galinis bamperis bei visos kitos dalys pavaizduotos nuotraukoje;<\/p>\n<p>Sud\u0117tis: auk\u0161tos kokyb\u0117s PP (originali\u0173 bamperi\u0173 plastmas\u0117);<\/p>\n<p>Dalys neda\u017eytos; Gamyklinis plastiko atspalvis kartais gali skirtis nuo vaizduojam\u0173;<\/p>\n<p>Apdailos komplektas neoriginalus<\/p>\n","protected":false},"excerpt":{"rendered":"<p>U\u017esakant teiraukit\u0117s d\u0117l pristatymo termino, jeigu prek\u0117s n\u0117ra sand\u0117lyje.<\/p>\n<p>[wpforms id=&#8221;252345&#8243;]<\/p>\n","protected":false},"featured_media":97924,"comment_status":"open","ping_status":"closed","template":"","meta":[],"product_cat":[2960,2954,2932],"product_tag":[],"class_list":{"0":"post-97926","1":"product","2":"type-product","3":"status-publish","4":"has-post-thumbnail","6":"product_cat-3-f30-f31-13-18","7":"product_cat-bmw","8":"product_cat-bodykit","9":"pa_make-3-f30-2","10":"pa_make-bmw","12":"first","13":"instock","14":"sale","15":"taxable","16":"shipping-taxable","17":"purchasable","18":"product-type-simple"},"jetpack_sharing_enabled":true,"_links":{"self":[{"href":"https:\/\/b2b.pfellas.lt\/index.php\/wp-json\/wp\/v2\/product\/97926"}],"collection":[{"href":"https:\/\/b2b.pfellas.lt\/index.php\/wp-json\/wp\/v2\/product"}],"about":[{"href":"https:\/\/b2b.pfellas.lt\/index.php\/wp-json\/wp\/v2\/types\/product"}],"replies":[{"embeddable":true,"href":"https:\/\/b2b.pfellas.lt\/index.php\/wp-json\/wp\/v2\/comments?post=97926"}],"wp:featuredmedia":[{"embeddable":true,"href":"https:\/\/b2b.pfellas.lt\/index.php\/wp-json\/wp\/v2\/media\/97924"}],"wp:attachment":[{"href":"https:\/\/b2b.pfellas.lt\/index.php\/wp-json\/wp\/v2\/media?parent=97926"}],"wp:term":[{"taxonomy":"product_cat","embeddable":true,"href":"https:\/\/b2b.pfellas.lt\/index.php\/wp-json\/wp\/v2\/product_cat?post=97926"},{"taxonomy":"product_tag","embeddable":true,"href":"https:\/\/b2b.pfellas.lt\/index.php\/wp-json\/wp\/v2\/product_tag?post=97926"}],"curies":[{"name":"wp","href":"https:\/\/api.w.org\/{rel}","templated":true}]}}