{"id":97931,"date":"2024-07-05T16:54:06","date_gmt":"2024-07-05T14:54:06","guid":{"rendered":"https:\/\/b2b.pfellas.lt\/index.php\/product\/m-sport-apdailos-komplektas-bmw-3-f30-sedanui-su-performance-papildomu-apdailu-komplektu\/"},"modified":"2024-09-30T15:00:01","modified_gmt":"2024-09-30T13:00:01","slug":"m-sport-apdailos-komplektas-bmw-3-f30-sedanui-su-performance-papildomu-apdailu-komplektu","status":"publish","type":"product","link":"https:\/\/b2b.pfellas.lt\/index.php\/product\/m-sport-apdailos-komplektas-bmw-3-f30-sedanui-su-performance-papildomu-apdailu-komplektu\/","title":{"rendered":"M Sport Apdailos komplektas BMW 3 F30 sedanui su Performance papildom\u0173 apdail\u0173 komplektu"},"content":{"rendered":"<p>BMW F30 modeliui skirtas m-sport apdailos komplektas +performance apdailos komplektas<\/p>\n<p>Apdailos komplektas be prie\u0161r\u016bkini\u0173 \u017eibint\u0173.\u00a0Prie\u0161r\u016bkiniai \u017eibintai tinka nuo paprasto buferio \u012f M Sport priekin\u012f bufer\u012f.<\/p>\n<p>\u0160\u012f komplekt\u0105 sudaro:<br \/>\n\u2022 Priekinis buferis<br \/>\n\u2022 Priekinio apatin\u0117s posparni\u0173 dalys, dugno adapteris<br \/>\n\u2022 Putplastis<br \/>\n\u2022 Galinis buferis Galinio buferio difuzorius, at\u0161vaitai, laikiklis<br \/>\n\u2022 Slenks\u010di\u0173 komplektas<br \/>\n\u2022 Performance priekinio buferio spoileris, apdailos po slenks\u010diais, galinis difuzorius<\/p>\n","protected":false},"excerpt":{"rendered":"<p>U\u017esakant teiraukit\u0117s d\u0117l pristatymo termino, jeigu prek\u0117s n\u0117ra sand\u0117lyje.<\/p>\n<p>[wpforms id=&#8221;252345&#8243;]<\/p>\n","protected":false},"featured_media":98818,"comment_status":"open","ping_status":"closed","template":"","meta":[],"product_cat":[2960,2954,2932],"product_tag":[],"class_list":{"0":"post-97931","1":"product","2":"type-product","3":"status-publish","4":"has-post-thumbnail","6":"product_cat-3-f30-f31-13-18","7":"product_cat-bmw","8":"product_cat-bodykit","9":"pa_make-3-f30-2","10":"pa_make-bmw","12":"first","13":"instock","14":"sale","15":"taxable","16":"shipping-taxable","17":"purchasable","18":"product-type-simple"},"jetpack_sharing_enabled":true,"_links":{"self":[{"href":"https:\/\/b2b.pfellas.lt\/index.php\/wp-json\/wp\/v2\/product\/97931"}],"collection":[{"href":"https:\/\/b2b.pfellas.lt\/index.php\/wp-json\/wp\/v2\/product"}],"about":[{"href":"https:\/\/b2b.pfellas.lt\/index.php\/wp-json\/wp\/v2\/types\/product"}],"replies":[{"embeddable":true,"href":"https:\/\/b2b.pfellas.lt\/index.php\/wp-json\/wp\/v2\/comments?post=97931"}],"wp:featuredmedia":[{"embeddable":true,"href":"https:\/\/b2b.pfellas.lt\/index.php\/wp-json\/wp\/v2\/media\/98818"}],"wp:attachment":[{"href":"https:\/\/b2b.pfellas.lt\/index.php\/wp-json\/wp\/v2\/media?parent=97931"}],"wp:term":[{"taxonomy":"product_cat","embeddable":true,"href":"https:\/\/b2b.pfellas.lt\/index.php\/wp-json\/wp\/v2\/product_cat?post=97931"},{"taxonomy":"product_tag","embeddable":true,"href":"https:\/\/b2b.pfellas.lt\/index.php\/wp-json\/wp\/v2\/product_tag?post=97931"}],"curies":[{"name":"wp","href":"https:\/\/api.w.org\/{rel}","templated":true}]}}