{"id":97940,"date":"2024-07-05T16:54:21","date_gmt":"2024-07-05T14:54:21","guid":{"rendered":"https:\/\/b2b.pfellas.lt\/index.php\/product\/bmw-x5m-isvaizdos-bamperiu-komplektas-bmw-x5-g05-modeliams\/"},"modified":"2024-09-25T15:37:47","modified_gmt":"2024-09-25T13:37:47","slug":"bmw-x5m-isvaizdos-bamperiu-komplektas-bmw-x5-g05-modeliams","status":"publish","type":"product","link":"https:\/\/b2b.pfellas.lt\/index.php\/product\/bmw-x5m-isvaizdos-bamperiu-komplektas-bmw-x5-g05-modeliams\/","title":{"rendered":"BMW X5M i\u0161vaizdos bamperi\u0173 komplektas BMW X5 G05 modeliams"},"content":{"rendered":"<p>BMW X5M bamperi\u0173 komplektas. Apdailos komplektas pagamintas i\u0161 PP plastmas\u0117s<\/p>\n<p>Pilnas komplektas. Su slenks\u010diais, veidrod\u0117li\u0173 dangteliais, grotel\u0117mis ir galiniu X5M galinio dang\u010dio spoileri\u0173.<\/p>\n<p>*Tinka visiems BMW X5 G05<br \/>\n*Netinka BMW X6 G06 modeliams<\/p>\n<p>Apdailos komplektas be prie\u0161r\u016bkini\u0173 \u017eibint\u0173.\u00a0Prie\u0161r\u016bkiniai \u017eibintai tinka nuo paprasto buferio.<\/p>\n<p>\u0160\u012f komplekt\u0105 sudaro:<br \/>\n\u2022 Priekinis buferis<br \/>\n\u2022\u00a0Arkos<br \/>\n\u2022 Galinis buferis, galinio buferio difuzorius<br \/>\n\u2022 Slenks\u010di\u0173 komplektas<br \/>\n\u2022 Spoileris ant galinio dang\u010dio<br \/>\n\u2022 Duslintuvo antgaliai<br \/>\n\u2022 Kitos detal\u0117s..<\/p>\n","protected":false},"excerpt":{"rendered":"<p>Numatoma pristatymo data: 2024-08-01<\/p>\n","protected":false},"featured_media":97932,"comment_status":"open","ping_status":"closed","template":"","meta":[],"product_cat":[2954,2932,2965],"product_tag":[],"class_list":{"0":"post-97940","1":"product","2":"type-product","3":"status-publish","4":"has-post-thumbnail","6":"product_cat-bmw","7":"product_cat-bodykit","8":"product_cat-x5-g05-19","9":"pa_make-bmw","10":"pa_make-x5-g05","12":"first","13":"instock","14":"taxable","15":"shipping-taxable","16":"purchasable","17":"product-type-simple"},"jetpack_sharing_enabled":true,"_links":{"self":[{"href":"https:\/\/b2b.pfellas.lt\/index.php\/wp-json\/wp\/v2\/product\/97940"}],"collection":[{"href":"https:\/\/b2b.pfellas.lt\/index.php\/wp-json\/wp\/v2\/product"}],"about":[{"href":"https:\/\/b2b.pfellas.lt\/index.php\/wp-json\/wp\/v2\/types\/product"}],"replies":[{"embeddable":true,"href":"https:\/\/b2b.pfellas.lt\/index.php\/wp-json\/wp\/v2\/comments?post=97940"}],"wp:featuredmedia":[{"embeddable":true,"href":"https:\/\/b2b.pfellas.lt\/index.php\/wp-json\/wp\/v2\/media\/97932"}],"wp:attachment":[{"href":"https:\/\/b2b.pfellas.lt\/index.php\/wp-json\/wp\/v2\/media?parent=97940"}],"wp:term":[{"taxonomy":"product_cat","embeddable":true,"href":"https:\/\/b2b.pfellas.lt\/index.php\/wp-json\/wp\/v2\/product_cat?post=97940"},{"taxonomy":"product_tag","embeddable":true,"href":"https:\/\/b2b.pfellas.lt\/index.php\/wp-json\/wp\/v2\/product_tag?post=97940"}],"curies":[{"name":"wp","href":"https:\/\/api.w.org\/{rel}","templated":true}]}}