{"id":97961,"date":"2024-07-05T16:54:56","date_gmt":"2024-07-05T14:54:56","guid":{"rendered":"https:\/\/b2b.pfellas.lt\/index.php\/product\/bmw-mtech-isvaizdos-bamperiu-komplektas-bmw-5-f10-modeliams-sedanui\/"},"modified":"2024-09-30T15:27:13","modified_gmt":"2024-09-30T13:27:13","slug":"bmw-mtech-isvaizdos-bamperiu-komplektas-bmw-5-f10-modeliams-sedanui","status":"publish","type":"product","link":"https:\/\/b2b.pfellas.lt\/index.php\/product\/bmw-mtech-isvaizdos-bamperiu-komplektas-bmw-5-f10-modeliams-sedanui\/","title":{"rendered":"BMW Mtech i\u0161vaizdos bamperi\u0173 komplektas BMW 5 F10 modeliams (sedanui)"},"content":{"rendered":"<p>BMW 5 F10 M Sport bamperi\u0173 komplektas. Turime ir Facelift ir Pre-Facelift modeliams. U\u017esakin\u0117jant nurodyti komentare.<\/p>\n<p>Priekinis buferis:<br \/>\nSu PDC Skyl\u0117mis<\/p>\n<p>Galinis buferis:<br \/>\nSu PDC Skyl\u0117mis<\/p>\n<p>Tinka 5 Serijos BMW F10 modeliams<\/p>\n<p>Netinka 5 Serijos BMW F11 Universalo modeliams<\/p>\n<p>Netinka modeliams su Blind Sport detection sistema. Reikalingos papildomos dalys, norint u\u017ed\u0117ti \u0161\u012f komplekt\u0105<\/p>\n<p>Netinka modeliams su Comfort Accses funkcija, kai baga\u017ein\u0117 atsidaro su koja. Reikalingos papildomos dalys, norint u\u017ed\u0117ti \u0161\u012f komplekt\u0105<\/p>\n<p>Apdailos komplektas skirtas perdaryti, pakeisti paprastus, standartinius, buferius\u00a0\u012f M Sport apdail\u0105<\/p>\n<p><strong>\u0160\u012f komplekt\u0105 sudaro:<\/strong><br \/>\n\u2022 Priekinis buferis<br \/>\n\u2022 Priekinio buferio apatin\u0117s grotel\u0117s, prie\u0161r\u016bkini\u0173 \u017eibint\u0173 grotel\u0117s<br \/>\n\u2022 Priekinio buferio M Sport metalinio laikiklio komplekte n\u0117ra!<br \/>\n\u2022 Ma\u017eieji M-Sport posparniai, dugno apsaugos adapteris<br \/>\n\u2022 Slenks\u010di\u0173 apdailos<br \/>\n\u2022 Galinis buferis<br \/>\n\u2022 Galinio buferio laikiklis<br \/>\n\u2022 Galinio buferio difuzorius (\u012fvairi\u0173 i\u0161metim\u0173, para\u0161yti pastaba, kokiam modeliui reikalingas)<\/p>\n<p>Galimo komplektuoti i\u0161kart su juodomis blizgiomis M-Performance papildomos apdailomis.<\/p>\n<p><strong>Informacija:<\/strong><br \/>\n\u2022\u00a0Buferiai pagaminti\u00a0i\u0161 PP (Polypropylene) plastmas\u0117s. Geras tinkamumas<\/p>\n","protected":false},"excerpt":{"rendered":"<p>BMW 5 F10 M Sport bamperi\u0173 komplektas. Turime ir Facelift ir Pre-Facelift modeliams. U\u017esakin\u0117jant nurodyti komentare. Priekinis buferis: Su PDC Skyl\u0117mis Galinis buferis: Su PDC Skyl\u0117mis Tinka 5 Serijos BMW F10 modeliams Netinka 5 Serijos BMW F11 Universalo modeliams Netinka modeliams su Blind Sport detection sistema. Reikalingos papildomos dalys, norint u\u017ed\u0117ti \u0161\u012f komplekt\u0105 Netinka modeliams<\/p>\n<div class=\"klb-readmore button\"><a class=\"btn link\" href=\"https:\/\/b2b.pfellas.lt\/index.php\/product\/bmw-mtech-isvaizdos-bamperiu-komplektas-bmw-5-f10-modeliams-sedanui\/\">Read More <i class=\"klbth-icon-right-arrow\"><\/i><\/a><\/div>\n","protected":false},"featured_media":97956,"comment_status":"open","ping_status":"closed","template":"","meta":[],"product_cat":[2956,2954,2932],"product_tag":[],"class_list":{"0":"post-97961","1":"product","2":"type-product","3":"status-publish","4":"has-post-thumbnail","6":"product_cat-5-f10-2010-2016","7":"product_cat-bmw","8":"product_cat-bodykit","9":"pa_make-5-f10","10":"pa_make-bmw","12":"first","13":"onbackorder","14":"sale","15":"taxable","16":"shipping-taxable","17":"purchasable","18":"product-type-simple"},"jetpack_sharing_enabled":true,"_links":{"self":[{"href":"https:\/\/b2b.pfellas.lt\/index.php\/wp-json\/wp\/v2\/product\/97961"}],"collection":[{"href":"https:\/\/b2b.pfellas.lt\/index.php\/wp-json\/wp\/v2\/product"}],"about":[{"href":"https:\/\/b2b.pfellas.lt\/index.php\/wp-json\/wp\/v2\/types\/product"}],"replies":[{"embeddable":true,"href":"https:\/\/b2b.pfellas.lt\/index.php\/wp-json\/wp\/v2\/comments?post=97961"}],"wp:featuredmedia":[{"embeddable":true,"href":"https:\/\/b2b.pfellas.lt\/index.php\/wp-json\/wp\/v2\/media\/97956"}],"wp:attachment":[{"href":"https:\/\/b2b.pfellas.lt\/index.php\/wp-json\/wp\/v2\/media?parent=97961"}],"wp:term":[{"taxonomy":"product_cat","embeddable":true,"href":"https:\/\/b2b.pfellas.lt\/index.php\/wp-json\/wp\/v2\/product_cat?post=97961"},{"taxonomy":"product_tag","embeddable":true,"href":"https:\/\/b2b.pfellas.lt\/index.php\/wp-json\/wp\/v2\/product_tag?post=97961"}],"curies":[{"name":"wp","href":"https:\/\/api.w.org\/{rel}","templated":true}]}}