{"id":97972,"date":"2024-07-05T16:55:11","date_gmt":"2024-07-05T14:55:11","guid":{"rendered":"https:\/\/b2b.pfellas.lt\/index.php\/product\/m-sport-apdailos-komplektas-bmw-g20-modeliams-su-pdc-skylemis-be-priesrukiniu-zibintu\/"},"modified":"2024-09-30T15:16:29","modified_gmt":"2024-09-30T13:16:29","slug":"m-sport-apdailos-komplektas-bmw-g20-modeliams-su-pdc-skylemis-be-priesrukiniu-zibintu","status":"publish","type":"product","link":"https:\/\/b2b.pfellas.lt\/index.php\/product\/m-sport-apdailos-komplektas-bmw-g20-modeliams-su-pdc-skylemis-be-priesrukiniu-zibintu\/","title":{"rendered":"M Sport apdailos komplektas BMW G20 modeliams su pdc skyl\u0117mis, be prie\u0161r\u016bkini\u0173 \u017eibint\u0173"},"content":{"rendered":"<p>M Sport apdailos komplektas, M Paketas skirtas modeliams be prie\u0161r\u016bkini\u0173 \u017eibint\u0173<\/p>\n<p>\u0160\u012f komplekt\u0105 sudaro:<\/p>\n<p>Priekinis buferis:<br \/>\n\u2022 \u0160onin\u0117s grotel\u0117s M340i stiliaus, be vietos prie\u0161r\u016bkiniams \u017eibintams<br \/>\n\u2022 Su 4 PDC Skyl\u0117mis<br \/>\nGalinis buferis:<br \/>\n\u2022 Su 320-330 modeliams skirtu difuzoriumi<br \/>\n\u2022 Su 4 PDC Skyl\u0117mis<\/p>\n<p>\u00bb Tinka visiems 3 Serijos BMW\u00a0G20 modeliams<br \/>\n\u00bb Netinka 3 Serijos BMW\u00a0G21 Universalo modeliams<\/p>\n<p>\u0160\u012f komplekt\u0105 sudaro:<br \/>\n\u2022 Priekinis buferis<br \/>\n\u2022 Priekinio apatin\u0117s posparni\u0173 dalys<br \/>\n\u2022 Galinis buferis Galinio buferio difuzorius, at\u0161vaitai, laikiklis<br \/>\n\u2022 Slenks\u010di\u0173 komplektas<\/p>\n<p>Technin\u0117 informacija:<br \/>\n\u2022 Apdailos komplektas pagamintas i\u0161 PP plastmas\u0117s<\/p>\n","protected":false},"excerpt":{"rendered":"<p>M Sport apdailos komplektas, M Paketas skirtas modeliams be prie\u0161r\u016bkini\u0173 \u017eibint\u0173 \u0160\u012f komplekt\u0105 sudaro: Priekinis buferis: \u2022 \u0160onin\u0117s grotel\u0117s M340i stiliaus, be vietos prie\u0161r\u016bkiniams \u017eibintams \u2022 Su 4 PDC Skyl\u0117mis Galinis buferis: \u2022 Su 320-330 modeliams skirtu difuzoriumi \u2022 Su 4 PDC Skyl\u0117mis \u00bb Tinka visiems 3 Serijos BMW\u00a0G20 modeliams \u00bb Netinka 3 Serijos BMW\u00a0G21<\/p>\n<div class=\"klb-readmore button\"><a class=\"btn link\" href=\"https:\/\/b2b.pfellas.lt\/index.php\/product\/m-sport-apdailos-komplektas-bmw-g20-modeliams-su-pdc-skylemis-be-priesrukiniu-zibintu\/\">Read More <i class=\"klbth-icon-right-arrow\"><\/i><\/a><\/div>\n","protected":false},"featured_media":97970,"comment_status":"open","ping_status":"closed","template":"","meta":[],"product_cat":[2987,2954,2932],"product_tag":[],"class_list":{"0":"post-97972","1":"product","2":"type-product","3":"status-publish","4":"has-post-thumbnail","6":"product_cat-3-g20-g21-18","7":"product_cat-bmw","8":"product_cat-bodykit","9":"pa_make-3-g20-2","10":"pa_make-bmw","12":"first","13":"onbackorder","14":"taxable","15":"shipping-taxable","16":"purchasable","17":"product-type-simple"},"jetpack_sharing_enabled":true,"_links":{"self":[{"href":"https:\/\/b2b.pfellas.lt\/index.php\/wp-json\/wp\/v2\/product\/97972"}],"collection":[{"href":"https:\/\/b2b.pfellas.lt\/index.php\/wp-json\/wp\/v2\/product"}],"about":[{"href":"https:\/\/b2b.pfellas.lt\/index.php\/wp-json\/wp\/v2\/types\/product"}],"replies":[{"embeddable":true,"href":"https:\/\/b2b.pfellas.lt\/index.php\/wp-json\/wp\/v2\/comments?post=97972"}],"wp:featuredmedia":[{"embeddable":true,"href":"https:\/\/b2b.pfellas.lt\/index.php\/wp-json\/wp\/v2\/media\/97970"}],"wp:attachment":[{"href":"https:\/\/b2b.pfellas.lt\/index.php\/wp-json\/wp\/v2\/media?parent=97972"}],"wp:term":[{"taxonomy":"product_cat","embeddable":true,"href":"https:\/\/b2b.pfellas.lt\/index.php\/wp-json\/wp\/v2\/product_cat?post=97972"},{"taxonomy":"product_tag","embeddable":true,"href":"https:\/\/b2b.pfellas.lt\/index.php\/wp-json\/wp\/v2\/product_tag?post=97972"}],"curies":[{"name":"wp","href":"https:\/\/api.w.org\/{rel}","templated":true}]}}