{"id":97976,"date":"2024-07-05T16:55:16","date_gmt":"2024-07-05T14:55:16","guid":{"rendered":"https:\/\/b2b.pfellas.lt\/index.php\/product\/lci-m-sport-apdailos-komplektas-bmw-5-g30-pre-lci-modeliams-su-zibintais\/"},"modified":"2024-09-25T15:38:06","modified_gmt":"2024-09-25T13:38:06","slug":"lci-m-sport-apdailos-komplektas-bmw-5-g30-pre-lci-modeliams-su-zibintais","status":"publish","type":"product","link":"https:\/\/b2b.pfellas.lt\/index.php\/product\/lci-m-sport-apdailos-komplektas-bmw-5-g30-pre-lci-modeliams-su-zibintais\/","title":{"rendered":"LCI M Sport Apdailos komplektas BMW 5 G30 PRE-LCI modeliams (su \u017eibintais)"},"content":{"rendered":"<div id=\"description\" class=\"tab-pane in active\">\n<div class=\"product-description\">\n<div class=\"rte-content\">\n<p>M Sport apdailos komplektas skirtas PRE-Facelift modeliams<\/p>\n<p>* Tinka 5 Serijos BMW G30 PRE-LCI modeliams.<br \/>\n* Netinka 5 Serijos BMW G31 Universalo modeliams<\/p>\n<p><strong>\u0160\u012f komplekt\u0105 sudaro:<\/strong><br \/>\n\u2022 Priekinis buferis<br \/>\n\u2022 Priekinio buferio apatin\u0117s grotel\u0117s, prie\u0161r\u016bkini\u0173 \u017eibint\u0173 grotel\u0117s<br \/>\n\u2022 Slenks\u010di\u0173 apdailos<br \/>\n\u2022 Galinis buferis<br \/>\n\u2022 Galinio buferio laikikliai<br \/>\n\u2022 Galinio buferio difuzorius<\/p>\n<\/div>\n<div class=\"rte-content\">\u2022 Priekiniai \u017eibintai<\/div>\n<div class=\"rte-content\">\n<p>\u2022 Galiniai \u017eibintai<\/p>\n<p><strong>Informacija:<\/strong><br \/>\n\u2022\u00a0Buferiai pagaminti\u00a0i\u0161 PP (Polypropylene) plastmas\u0117s. Geras tinkamumas<\/p>\n<p>Apdailos komplektas neoriginalus<\/p>\n<\/div>\n<\/div>\n<\/div>\n","protected":false},"excerpt":{"rendered":"<p>M Sport apdailos komplektas skirtas PRE-Facelift modeliams * Tinka 5 Serijos BMW G30 PRE-LCI modeliams. * Netinka 5 Serijos BMW G31 Universalo modeliams \u0160\u012f komplekt\u0105 sudaro: \u2022 Priekinis buferis \u2022 Priekinio buferio apatin\u0117s grotel\u0117s, prie\u0161r\u016bkini\u0173 \u017eibint\u0173 grotel\u0117s \u2022 Slenks\u010di\u0173 apdailos \u2022 Galinis buferis \u2022 Galinio buferio laikikliai \u2022 Galinio buferio difuzorius \u2022 Priekiniai \u017eibintai \u2022<\/p>\n<div class=\"klb-readmore button\"><a class=\"btn link\" href=\"https:\/\/b2b.pfellas.lt\/index.php\/product\/lci-m-sport-apdailos-komplektas-bmw-5-g30-pre-lci-modeliams-su-zibintais\/\">Read More <i class=\"klbth-icon-right-arrow\"><\/i><\/a><\/div>\n","protected":false},"featured_media":97975,"comment_status":"open","ping_status":"closed","template":"","meta":[],"product_cat":[2961,2954,2932],"product_tag":[],"class_list":{"0":"post-97976","1":"product","2":"type-product","3":"status-publish","4":"has-post-thumbnail","6":"product_cat-5-g30-g31-17","7":"product_cat-bmw","8":"product_cat-bodykit","9":"pa_make-5-g30","10":"pa_make-bmw","12":"first","13":"instock","14":"sale","15":"taxable","16":"shipping-taxable","17":"purchasable","18":"product-type-simple"},"jetpack_sharing_enabled":true,"_links":{"self":[{"href":"https:\/\/b2b.pfellas.lt\/index.php\/wp-json\/wp\/v2\/product\/97976"}],"collection":[{"href":"https:\/\/b2b.pfellas.lt\/index.php\/wp-json\/wp\/v2\/product"}],"about":[{"href":"https:\/\/b2b.pfellas.lt\/index.php\/wp-json\/wp\/v2\/types\/product"}],"replies":[{"embeddable":true,"href":"https:\/\/b2b.pfellas.lt\/index.php\/wp-json\/wp\/v2\/comments?post=97976"}],"wp:featuredmedia":[{"embeddable":true,"href":"https:\/\/b2b.pfellas.lt\/index.php\/wp-json\/wp\/v2\/media\/97975"}],"wp:attachment":[{"href":"https:\/\/b2b.pfellas.lt\/index.php\/wp-json\/wp\/v2\/media?parent=97976"}],"wp:term":[{"taxonomy":"product_cat","embeddable":true,"href":"https:\/\/b2b.pfellas.lt\/index.php\/wp-json\/wp\/v2\/product_cat?post=97976"},{"taxonomy":"product_tag","embeddable":true,"href":"https:\/\/b2b.pfellas.lt\/index.php\/wp-json\/wp\/v2\/product_tag?post=97976"}],"curies":[{"name":"wp","href":"https:\/\/api.w.org\/{rel}","templated":true}]}}