{"id":97980,"date":"2024-07-05T16:55:23","date_gmt":"2024-07-05T14:55:23","guid":{"rendered":"https:\/\/b2b.pfellas.lt\/index.php\/product\/bmw-m5-lci-f90-apdailos-komplektas-bmw-g30-pre-lci-2017-2020-modeliams\/"},"modified":"2024-09-25T15:38:10","modified_gmt":"2024-09-25T13:38:10","slug":"bmw-m5-lci-f90-apdailos-komplektas-bmw-g30-pre-lci-2017-2020-modeliams","status":"publish","type":"product","link":"https:\/\/b2b.pfellas.lt\/index.php\/product\/bmw-m5-lci-f90-apdailos-komplektas-bmw-g30-pre-lci-2017-2020-modeliams\/","title":{"rendered":"BMW M5 LCI F90 Apdailos komplektas BMW G30 PRE LCI 2017-2020 modeliams"},"content":{"rendered":"<div id=\"description\" class=\"tab-pane in active\">\n<div class=\"product-description\">\n<div class=\"rte-content\">\n<div id=\"description\" class=\"tab-pane in active\">\n<div class=\"product-description\">\n<div class=\"rte-content\">\n<p>BMW M5 F90 Facelift apdailos komplektas.<\/p>\n<p>Tinka \u0161iems modeliams<br \/>\n\u00bb Tinka visiems BMW G30 PRE LCI modeliams<br \/>\n\u00bb Tinka visiems BMW F90 M5 PRE LCI modeliams<\/p>\n<p>Netinka \u0161iems modeliams:<br \/>\n* Netinka 5 Serijos BMW G31 Universalo modeliams (reikia galinio buferio nuo universalo)<br \/>\n* Netinka 5 Serijos BMW G30 LCI modeliams (netinka priekiniai ir galiniai \u017eibintai )<br \/>\n* Netinka 5 Serijos BMW F90 LCI modeliams (netinka priekiniai ir galiniai \u017eibintai )<\/p>\n<p>Apdailos komplektas skirtas perdaryti standartin\u012f model\u012f \u012f M5 I\u0161vaizdos model\u012f. Buferis ir kitos dalys atitinka tikras, originalias F90 M5 detales.<\/p>\n<p>Komplekte:<br \/>\n\u2022 Priekinis ir galinis buferiai<br \/>\n\u2022 Dugno apsauga, posparniai,<br \/>\n\u2022 Sparnai ir kitos reikalingos detal\u0117s<br \/>\n\u2022 Slenks\u010di\u0173 komplektas<\/p>\n<p>Buferiai su parktronik\u0173 skyl\u0117mis<\/p>\n<p>Apdailos komplektas neoriginalus<\/p>\n<\/div>\n<\/div>\n<\/div>\n<\/div>\n<\/div>\n<\/div>\n","protected":false},"excerpt":{"rendered":"<p>BMW M5 F90 Facelift apdailos komplektas. Tinka \u0161iems modeliams \u00bb Tinka visiems BMW G30 PRE LCI modeliams \u00bb Tinka visiems BMW F90 M5 PRE LCI modeliams Netinka \u0161iems modeliams: * Netinka 5 Serijos BMW G31 Universalo modeliams (reikia galinio buferio nuo universalo) * Netinka 5 Serijos BMW G30 LCI modeliams (netinka priekiniai ir galiniai \u017eibintai<\/p>\n<div class=\"klb-readmore button\"><a class=\"btn link\" href=\"https:\/\/b2b.pfellas.lt\/index.php\/product\/bmw-m5-lci-f90-apdailos-komplektas-bmw-g30-pre-lci-2017-2020-modeliams\/\">Read More <i class=\"klbth-icon-right-arrow\"><\/i><\/a><\/div>\n","protected":false},"featured_media":97979,"comment_status":"open","ping_status":"closed","template":"","meta":[],"product_cat":[2961,2954,2932],"product_tag":[],"class_list":{"0":"post-97980","1":"product","2":"type-product","3":"status-publish","4":"has-post-thumbnail","6":"product_cat-5-g30-g31-17","7":"product_cat-bmw","8":"product_cat-bodykit","9":"pa_make-5-g30","10":"pa_make-bmw","12":"first","13":"instock","14":"taxable","15":"shipping-taxable","16":"purchasable","17":"product-type-simple"},"jetpack_sharing_enabled":true,"_links":{"self":[{"href":"https:\/\/b2b.pfellas.lt\/index.php\/wp-json\/wp\/v2\/product\/97980"}],"collection":[{"href":"https:\/\/b2b.pfellas.lt\/index.php\/wp-json\/wp\/v2\/product"}],"about":[{"href":"https:\/\/b2b.pfellas.lt\/index.php\/wp-json\/wp\/v2\/types\/product"}],"replies":[{"embeddable":true,"href":"https:\/\/b2b.pfellas.lt\/index.php\/wp-json\/wp\/v2\/comments?post=97980"}],"wp:featuredmedia":[{"embeddable":true,"href":"https:\/\/b2b.pfellas.lt\/index.php\/wp-json\/wp\/v2\/media\/97979"}],"wp:attachment":[{"href":"https:\/\/b2b.pfellas.lt\/index.php\/wp-json\/wp\/v2\/media?parent=97980"}],"wp:term":[{"taxonomy":"product_cat","embeddable":true,"href":"https:\/\/b2b.pfellas.lt\/index.php\/wp-json\/wp\/v2\/product_cat?post=97980"},{"taxonomy":"product_tag","embeddable":true,"href":"https:\/\/b2b.pfellas.lt\/index.php\/wp-json\/wp\/v2\/product_tag?post=97980"}],"curies":[{"name":"wp","href":"https:\/\/api.w.org\/{rel}","templated":true}]}}