{"id":97984,"date":"2024-07-05T16:55:36","date_gmt":"2024-07-05T14:55:36","guid":{"rendered":"https:\/\/b2b.pfellas.lt\/index.php\/product\/m-sport-bamperiu-komplektas-bmw-5-g30-2017-2020-05-su-slenksciais\/"},"modified":"2024-09-25T15:38:14","modified_gmt":"2024-09-25T13:38:14","slug":"m-sport-bamperiu-komplektas-bmw-5-g30-2017-2020-05-su-slenksciais","status":"publish","type":"product","link":"https:\/\/b2b.pfellas.lt\/index.php\/product\/m-sport-bamperiu-komplektas-bmw-5-g30-2017-2020-05-su-slenksciais\/","title":{"rendered":"M Sport Bamperi\u0173 komplektas BMW 5 G30 (2017-2020.05) (su slenks\u010diais)"},"content":{"rendered":"<div id=\"description\" class=\"tab-pane in active\">\n<div class=\"product-description\">\n<div class=\"rte-content\">\n<p>M Sport apdailos komplektas skirtas modeliams be \u017eibint\u0173 apiplovimo sistema. Be slenks\u010di\u0173<\/p>\n<p><strong>Tinka \u0161iems modeliams:<\/strong><br \/>\n\u2022 5 Serijos BMW G30 modeliams pagamintiems nuo 2017 iki 2020.05. Tinka modeliams be \u017eibint\u0173 apiplovimo sistema.<\/p>\n<p><strong>Netinka \u0161iems modeliams:<\/strong><br \/>\n\u2022 5 Serijos BMW G31 Universalo modeliams (netinka galinis bamperis)<\/p>\n<p>Modeliams su apvaliais i\u0161metimo antgaliais, reikalingi M Sport stiliaus keturkampiai duslintuvo antgaliai.<\/p>\n<p>Apdailos komplektas skirtas perdaryti, pakeisti paprastus, standartinius, buferius\u00a0\u012f M Sport apdail\u0105<\/p>\n<p><strong>\u0160\u012f komplekt\u0105 sudaro:<\/strong><br \/>\n\u2022 Priekinis buferis<br \/>\n\u2022 Priekinio buferio apatin\u0117s grotel\u0117s, prie\u0161r\u016bkini\u0173 \u017eibint\u0173 grotel\u0117s<br \/>\n\u2022 Galinis buferis<br \/>\n\u2022 Galinio buferio laikikliai<br \/>\n\u2022 Galinio buferio difuzorius<br \/>\n\u2022 Slenks\u010diai<\/p>\n<p><strong>Informacija:<\/strong><br \/>\n\u2022\u00a0Buferiai pagaminti\u00a0i\u0161 PP (Polypropylene) plastmas\u0117s. Geras tinkamumas<\/p>\n<\/div>\n<\/div>\n<\/div>\n","protected":false},"excerpt":{"rendered":"<p>M Sport apdailos komplektas skirtas modeliams be \u017eibint\u0173 apiplovimo sistema. Be slenks\u010di\u0173 Tinka \u0161iems modeliams: \u2022 5 Serijos BMW G30 modeliams pagamintiems nuo 2017 iki 2020.05. Tinka modeliams be \u017eibint\u0173 apiplovimo sistema. Netinka \u0161iems modeliams: \u2022 5 Serijos BMW G31 Universalo modeliams (netinka galinis bamperis) Modeliams su apvaliais i\u0161metimo antgaliais, reikalingi M Sport stiliaus keturkampiai<\/p>\n<div class=\"klb-readmore button\"><a class=\"btn link\" href=\"https:\/\/b2b.pfellas.lt\/index.php\/product\/m-sport-bamperiu-komplektas-bmw-5-g30-2017-2020-05-su-slenksciais\/\">Read More <i class=\"klbth-icon-right-arrow\"><\/i><\/a><\/div>\n","protected":false},"featured_media":97981,"comment_status":"open","ping_status":"closed","template":"","meta":[],"product_cat":[2961,2954,2932],"product_tag":[],"class_list":{"0":"post-97984","1":"product","2":"type-product","3":"status-publish","4":"has-post-thumbnail","6":"product_cat-5-g30-g31-17","7":"product_cat-bmw","8":"product_cat-bodykit","9":"pa_make-5-g30","10":"pa_make-bmw","12":"first","13":"instock","14":"taxable","15":"shipping-taxable","16":"purchasable","17":"product-type-simple"},"jetpack_sharing_enabled":true,"_links":{"self":[{"href":"https:\/\/b2b.pfellas.lt\/index.php\/wp-json\/wp\/v2\/product\/97984"}],"collection":[{"href":"https:\/\/b2b.pfellas.lt\/index.php\/wp-json\/wp\/v2\/product"}],"about":[{"href":"https:\/\/b2b.pfellas.lt\/index.php\/wp-json\/wp\/v2\/types\/product"}],"replies":[{"embeddable":true,"href":"https:\/\/b2b.pfellas.lt\/index.php\/wp-json\/wp\/v2\/comments?post=97984"}],"wp:featuredmedia":[{"embeddable":true,"href":"https:\/\/b2b.pfellas.lt\/index.php\/wp-json\/wp\/v2\/media\/97981"}],"wp:attachment":[{"href":"https:\/\/b2b.pfellas.lt\/index.php\/wp-json\/wp\/v2\/media?parent=97984"}],"wp:term":[{"taxonomy":"product_cat","embeddable":true,"href":"https:\/\/b2b.pfellas.lt\/index.php\/wp-json\/wp\/v2\/product_cat?post=97984"},{"taxonomy":"product_tag","embeddable":true,"href":"https:\/\/b2b.pfellas.lt\/index.php\/wp-json\/wp\/v2\/product_tag?post=97984"}],"curies":[{"name":"wp","href":"https:\/\/api.w.org\/{rel}","templated":true}]}}