{"id":98000,"date":"2024-07-05T16:55:57","date_gmt":"2024-07-05T14:55:57","guid":{"rendered":"https:\/\/b2b.pfellas.lt\/index.php\/product\/m-sport-apdailos-komplektas-bmw-x5-g05-pre-lci-modeliams\/"},"modified":"2024-09-25T15:38:23","modified_gmt":"2024-09-25T13:38:23","slug":"m-sport-apdailos-komplektas-bmw-x5-g05-pre-lci-modeliams","status":"publish","type":"product","link":"https:\/\/b2b.pfellas.lt\/index.php\/product\/m-sport-apdailos-komplektas-bmw-x5-g05-pre-lci-modeliams\/","title":{"rendered":"M Sport Apdailos komplektas BMW X5 G05 (PRE-LCI) modeliams"},"content":{"rendered":"<p>M Sport pdailos komplektas<\/p>\n<p>* Tinka BMW X5 G05 PRE LCI modeliams<\/p>\n<p>Apdailos komplektas be prie\u0161r\u016bkini\u0173 \u017eibint\u0173.\u00a0Prie\u0161r\u016bkiniai \u017eibintai tinka nuo paprasto buferio.<\/p>\n<p>\u0160\u012f komplekt\u0105 sudaro:<br \/>\n\u2022 Priekinis buferis<br \/>\n\u2022\u00a0Arkos<br \/>\n\u2022 Galinis buferis, galinio buferio difuzorius<br \/>\n\u2022 Duslintuvo apdailos<br \/>\n\u2022 Kitos detal\u0117s..<\/p>\n<p>Technin\u0117 informacija:<br \/>\n\u2022 Apdailos komplektas pagamintas i\u0161 PP plastmas\u0117s<\/p>\n<p>Apdailos komplektas neoriginalus<\/p>\n","protected":false},"excerpt":{"rendered":"<p>Numatoma pristatymo data: 2024-08-01<\/p>\n<p>M Sport apdailos komplektas skirtas BMW X5 G05 modeliams<\/p>\n","protected":false},"featured_media":97996,"comment_status":"open","ping_status":"closed","template":"","meta":[],"product_cat":[2954,2932,2965],"product_tag":[],"class_list":{"0":"post-98000","1":"product","2":"type-product","3":"status-publish","4":"has-post-thumbnail","6":"product_cat-bmw","7":"product_cat-bodykit","8":"product_cat-x5-g05-19","9":"pa_make-bmw","10":"pa_make-x5-g05","12":"first","13":"instock","14":"taxable","15":"shipping-taxable","16":"purchasable","17":"product-type-simple"},"jetpack_sharing_enabled":true,"_links":{"self":[{"href":"https:\/\/b2b.pfellas.lt\/index.php\/wp-json\/wp\/v2\/product\/98000"}],"collection":[{"href":"https:\/\/b2b.pfellas.lt\/index.php\/wp-json\/wp\/v2\/product"}],"about":[{"href":"https:\/\/b2b.pfellas.lt\/index.php\/wp-json\/wp\/v2\/types\/product"}],"replies":[{"embeddable":true,"href":"https:\/\/b2b.pfellas.lt\/index.php\/wp-json\/wp\/v2\/comments?post=98000"}],"wp:featuredmedia":[{"embeddable":true,"href":"https:\/\/b2b.pfellas.lt\/index.php\/wp-json\/wp\/v2\/media\/97996"}],"wp:attachment":[{"href":"https:\/\/b2b.pfellas.lt\/index.php\/wp-json\/wp\/v2\/media?parent=98000"}],"wp:term":[{"taxonomy":"product_cat","embeddable":true,"href":"https:\/\/b2b.pfellas.lt\/index.php\/wp-json\/wp\/v2\/product_cat?post=98000"},{"taxonomy":"product_tag","embeddable":true,"href":"https:\/\/b2b.pfellas.lt\/index.php\/wp-json\/wp\/v2\/product_tag?post=98000"}],"curies":[{"name":"wp","href":"https:\/\/api.w.org\/{rel}","templated":true}]}}