{"id":98002,"date":"2024-07-05T16:55:59","date_gmt":"2024-07-05T14:55:59","guid":{"rendered":"https:\/\/b2b.pfellas.lt\/index.php\/product\/x3m-apdailos-komplektas-bmw-x3-g01-lci-2021-modeliams\/"},"modified":"2024-09-25T15:38:25","modified_gmt":"2024-09-25T13:38:25","slug":"x3m-apdailos-komplektas-bmw-x3-g01-lci-2021-modeliams","status":"publish","type":"product","link":"https:\/\/b2b.pfellas.lt\/index.php\/product\/x3m-apdailos-komplektas-bmw-x3-g01-lci-2021-modeliams\/","title":{"rendered":"X3M Apdailos komplektas BMW X3 G01 LCI (2021+) modeliams"},"content":{"rendered":"<div id=\"description\" class=\"tab-pane in active\">\n<div class=\"product-description\">\n<div class=\"rte-content\">\n<p>X3M F97 Stiliaus apdailos komplektas<\/p>\n<p>\u00bb Tinka Facelift (LCI) BMW X3 G01 modeliams pagamintiems nuo 2021 met\u0173<\/p>\n<p>\u00bb Netinka BMW X3 G01 Facelift modelias pagamintiems iki 2021 met\u0173<br \/>\n\u00bb Netinka BMW X4 G01 modeliams<br \/>\n\u00bb Netinka BMW X3\u00a0F25 modeliams<\/p>\n<p>\u0160\u012f komplekt\u0105 sudaro:<br \/>\n\u2022 Priekinis buferis<br \/>\n\u2022\u00a0Arkos, dur\u0173 moldingai<br \/>\n\u2022 Galinis buferis, galinio buferio difuzorius<br \/>\n\u2022 Slenks\u010di\u0173 komplektas<\/p>\n<p>Technin\u0117 informacija:<br \/>\n\u2022 Apdailos komplektas pagamintas i\u0161 PP plastmas\u0117s<\/p>\n<p>Apdailos komplektas neoriginalus<\/p>\n<\/div>\n<\/div>\n<\/div>\n","protected":false},"excerpt":{"rendered":"<p>Numatoma pristatymo data: 2024-08-01<\/p>\n","protected":false},"featured_media":98001,"comment_status":"open","ping_status":"closed","template":"","meta":[],"product_cat":[2954,2932,2973],"product_tag":[],"class_list":{"0":"post-98002","1":"product","2":"type-product","3":"status-publish","4":"has-post-thumbnail","6":"product_cat-bmw","7":"product_cat-bodykit","8":"product_cat-x3-g01-17","9":"pa_make-bmw","10":"pa_make-x3-g01","12":"first","13":"instock","14":"sale","15":"taxable","16":"shipping-taxable","17":"purchasable","18":"product-type-simple"},"jetpack_sharing_enabled":true,"_links":{"self":[{"href":"https:\/\/b2b.pfellas.lt\/index.php\/wp-json\/wp\/v2\/product\/98002"}],"collection":[{"href":"https:\/\/b2b.pfellas.lt\/index.php\/wp-json\/wp\/v2\/product"}],"about":[{"href":"https:\/\/b2b.pfellas.lt\/index.php\/wp-json\/wp\/v2\/types\/product"}],"replies":[{"embeddable":true,"href":"https:\/\/b2b.pfellas.lt\/index.php\/wp-json\/wp\/v2\/comments?post=98002"}],"wp:featuredmedia":[{"embeddable":true,"href":"https:\/\/b2b.pfellas.lt\/index.php\/wp-json\/wp\/v2\/media\/98001"}],"wp:attachment":[{"href":"https:\/\/b2b.pfellas.lt\/index.php\/wp-json\/wp\/v2\/media?parent=98002"}],"wp:term":[{"taxonomy":"product_cat","embeddable":true,"href":"https:\/\/b2b.pfellas.lt\/index.php\/wp-json\/wp\/v2\/product_cat?post=98002"},{"taxonomy":"product_tag","embeddable":true,"href":"https:\/\/b2b.pfellas.lt\/index.php\/wp-json\/wp\/v2\/product_tag?post=98002"}],"curies":[{"name":"wp","href":"https:\/\/api.w.org\/{rel}","templated":true}]}}