{"id":98013,"date":"2024-07-05T16:56:14","date_gmt":"2024-07-05T14:56:14","guid":{"rendered":"https:\/\/b2b.pfellas.lt\/index.php\/product\/g12-lci-2020-perdarymo-apdailos-komplektas-bmw-7-serijos-g12-2015-2019-modeliams\/"},"modified":"2024-09-25T15:38:32","modified_gmt":"2024-09-25T13:38:32","slug":"g12-lci-2020-perdarymo-apdailos-komplektas-bmw-7-serijos-g12-2015-2019-modeliams","status":"publish","type":"product","link":"https:\/\/b2b.pfellas.lt\/index.php\/product\/g12-lci-2020-perdarymo-apdailos-komplektas-bmw-7-serijos-g12-2015-2019-modeliams\/","title":{"rendered":"G12 LCI 2020 Perdarymo apdailos komplektas BMW 7 Serijos G12 (2015-2019) modeliams"},"content":{"rendered":"<div id=\"description\" class=\"tab-pane in active\">\n<div class=\"product-description\">\n<div class=\"rte-content\">\n<div id=\"description\" class=\"tab-pane in active\">\n<div class=\"product-description\">\n<div class=\"rte-content\">\n<p>LCI 2020 M Sport apdailos komplektas su \u017eibintais skirtas pakeisti i\u0161vaizd\u0105 7 Serijos BMW G12 Ilgos baz\u0117s modeliams<\/p>\n<p>Su juodomos blizgiomis grotel\u0117mis, duslintuvo antgaliais<\/p>\n<p>\u00bb Tinka 7 Serijos BMW G12 Ilgos baz\u0117s (Long Wheel Base) modeliams pagamintiems nuo 2015 iki 2019 met\u0173.<\/p>\n<p>\u00bb Netinka 7 Serijos G11 (paprastiems) modeliams. Skiriasi slenks\u010diai. Visos kitos detal\u0117s tinka<br \/>\n\u00bb Netinka 7 Serijos G11 ir G12 modeliams su ACC (distroniku). Priekinio buferio grotel\u0117s nepritaikytos distronikui.<\/p>\n<p>Apdailos komplekt\u0105 sudaro:<br \/>\n\u2022 Full LED Priekiniai \u017eibintai. Nereikalauja programavimo.<br \/>\n\u2022 Galiniai \u017eibintai. Nereikalauja programavimo.<br \/>\n\u2022 Priekinis kapotas ir komplektas sparn\u0173<br \/>\n\u2022 Priekinio buferio komplektas su grotel\u0117mis<br \/>\n\u2022 Galinio buferio komplektas su i\u0161metimo angtaliais<br \/>\n\u2022 Slenks\u010di\u0173 komplektas skirtas ilgos baz\u0117s modeliams<br \/>\n\u2022 Kitos detal\u0117s<\/p>\n<p>Apdailos kompletkas neoriginalus<\/p>\n<\/div>\n<\/div>\n<\/div>\n<\/div>\n<\/div>\n<\/div>\n","protected":false},"excerpt":{"rendered":"<p>Su priekiniais ir galiniais \u017eibintais<\/p>\n<p>Numatoma pristatymo data: 2024-08-01<\/p>\n","protected":false},"featured_media":98012,"comment_status":"open","ping_status":"closed","template":"","meta":[],"product_cat":[2963,2954,2932],"product_tag":[],"class_list":{"0":"post-98013","1":"product","2":"type-product","3":"status-publish","4":"has-post-thumbnail","6":"product_cat-7-g11-g12-15-22","7":"product_cat-bmw","8":"product_cat-bodykit","9":"pa_make-7-g12","10":"pa_make-bmw","12":"first","13":"instock","14":"sale","15":"taxable","16":"shipping-taxable","17":"purchasable","18":"product-type-simple"},"jetpack_sharing_enabled":true,"_links":{"self":[{"href":"https:\/\/b2b.pfellas.lt\/index.php\/wp-json\/wp\/v2\/product\/98013"}],"collection":[{"href":"https:\/\/b2b.pfellas.lt\/index.php\/wp-json\/wp\/v2\/product"}],"about":[{"href":"https:\/\/b2b.pfellas.lt\/index.php\/wp-json\/wp\/v2\/types\/product"}],"replies":[{"embeddable":true,"href":"https:\/\/b2b.pfellas.lt\/index.php\/wp-json\/wp\/v2\/comments?post=98013"}],"wp:featuredmedia":[{"embeddable":true,"href":"https:\/\/b2b.pfellas.lt\/index.php\/wp-json\/wp\/v2\/media\/98012"}],"wp:attachment":[{"href":"https:\/\/b2b.pfellas.lt\/index.php\/wp-json\/wp\/v2\/media?parent=98013"}],"wp:term":[{"taxonomy":"product_cat","embeddable":true,"href":"https:\/\/b2b.pfellas.lt\/index.php\/wp-json\/wp\/v2\/product_cat?post=98013"},{"taxonomy":"product_tag","embeddable":true,"href":"https:\/\/b2b.pfellas.lt\/index.php\/wp-json\/wp\/v2\/product_tag?post=98013"}],"curies":[{"name":"wp","href":"https:\/\/api.w.org\/{rel}","templated":true}]}}