{"id":98021,"date":"2024-07-05T16:56:29","date_gmt":"2024-07-05T14:56:29","guid":{"rendered":"https:\/\/b2b.pfellas.lt\/index.php\/product\/bmw-x5m-2023-isvaizdos-bamperiu-komplektas-bmw-x5-g05-modeliams-19-22-metu-su-zibintais\/"},"modified":"2024-09-25T15:38:35","modified_gmt":"2024-09-25T13:38:35","slug":"bmw-x5m-2023-isvaizdos-bamperiu-komplektas-bmw-x5-g05-modeliams-19-22-metu-su-zibintais","status":"publish","type":"product","link":"https:\/\/b2b.pfellas.lt\/index.php\/product\/bmw-x5m-2023-isvaizdos-bamperiu-komplektas-bmw-x5-g05-modeliams-19-22-metu-su-zibintais\/","title":{"rendered":"BMW X5M 2023+ i\u0161vaizdos bamperi\u0173 komplektas BMW X5 G05 modeliams 19-22 met\u0173 su \u017eibintais"},"content":{"rendered":"<p>X5M LCI Stiliaus buferi\u0173 komplektas su priekiniais ir galiniais \u017eibintais<\/p>\n<p>\u2022 Tinka BMW X5 G05 2018-2023.06 modeliams su Adaptive LED Priekiniais \u017eibintais<\/p>\n<p>Komplekt\u0105 sudaro:<br \/>\n\u2022 X5M LCI Stiliaus Priekinis ir galinis buferiai bei slenks\u010diai<br \/>\n\u2022 Komplektas LCI Stiliaus priekini\u0173 \u017eibint\u0173<br \/>\n\u2022 Komplektas LCI Stiliaus galini\u0173 \u017eibint\u0173<\/p>\n<p>\u017dibintai netinka X5 G05 LCI modeliams<\/p>\n","protected":false},"excerpt":{"rendered":"<p>U\u017esakoma pagal poreik\u012f, susisiekime.<\/p>\n","protected":false},"featured_media":98019,"comment_status":"open","ping_status":"closed","template":"","meta":[],"product_cat":[2954,2932,2965],"product_tag":[],"class_list":{"0":"post-98021","1":"product","2":"type-product","3":"status-publish","4":"has-post-thumbnail","6":"product_cat-bmw","7":"product_cat-bodykit","8":"product_cat-x5-g05-19","9":"pa_make-bmw","10":"pa_make-x5-g05","12":"first","13":"instock","14":"sale","15":"taxable","16":"shipping-taxable","17":"purchasable","18":"product-type-simple"},"jetpack_sharing_enabled":true,"_links":{"self":[{"href":"https:\/\/b2b.pfellas.lt\/index.php\/wp-json\/wp\/v2\/product\/98021"}],"collection":[{"href":"https:\/\/b2b.pfellas.lt\/index.php\/wp-json\/wp\/v2\/product"}],"about":[{"href":"https:\/\/b2b.pfellas.lt\/index.php\/wp-json\/wp\/v2\/types\/product"}],"replies":[{"embeddable":true,"href":"https:\/\/b2b.pfellas.lt\/index.php\/wp-json\/wp\/v2\/comments?post=98021"}],"wp:featuredmedia":[{"embeddable":true,"href":"https:\/\/b2b.pfellas.lt\/index.php\/wp-json\/wp\/v2\/media\/98019"}],"wp:attachment":[{"href":"https:\/\/b2b.pfellas.lt\/index.php\/wp-json\/wp\/v2\/media?parent=98021"}],"wp:term":[{"taxonomy":"product_cat","embeddable":true,"href":"https:\/\/b2b.pfellas.lt\/index.php\/wp-json\/wp\/v2\/product_cat?post=98021"},{"taxonomy":"product_tag","embeddable":true,"href":"https:\/\/b2b.pfellas.lt\/index.php\/wp-json\/wp\/v2\/product_tag?post=98021"}],"curies":[{"name":"wp","href":"https:\/\/api.w.org\/{rel}","templated":true}]}}