{"id":98044,"date":"2024-07-05T16:57:15","date_gmt":"2024-07-05T14:57:15","guid":{"rendered":"https:\/\/b2b.pfellas.lt\/index.php\/product\/mercedes-benz-s63-facelift-apdailos-komplektas-su-zibintais-mercedes-s-w222-2013-2017\/"},"modified":"2024-09-25T17:04:49","modified_gmt":"2024-09-25T15:04:49","slug":"mercedes-benz-s63-facelift-apdailos-komplektas-su-zibintais-mercedes-s-w222-2013-2017","status":"publish","type":"product","link":"https:\/\/b2b.pfellas.lt\/index.php\/product\/mercedes-benz-s63-facelift-apdailos-komplektas-su-zibintais-mercedes-s-w222-2013-2017\/","title":{"rendered":"Mercedes Benz S63 Facelift apdailos komplektas su \u017eibintais Mercedes S W222 (2013-2017)"},"content":{"rendered":"<p>S63 Stiliaus apdailos komplektas su priekiniais ir galiniais \u017eibintais. Skirtas W222 S Klas\u0117s modeliams<\/p>\n<p>Tinka \u0161iems modeliams:<br \/>\n\u2022 Tinka S Klas\u0117s Mercedes Benz W222 modeliams pagamintiems nuo 2013.06 iki 2017 met\u0173.<br \/>\n\u2022 Tinka S Klas\u0117s Mercedes Benz W222 modeliams su AFS funkcija<\/p>\n<p>Netinka \u0161iems modeliams:<br \/>\n\u2022 Netinka S Klas\u0117s modeliams su Disctronic Assistance System. Grotel\u0117s esan\u010dios komplekte tam nepritaikytos. Reikalingos originalios grotel\u0117s.<br \/>\n\u2022 Netinka S Klas\u0117s W222 Facelift modeliams pagamintiems nuo 2017.07 met\u0173. Priekiniai ir galiniai \u017eibintai netinka facelift modeliams.<br \/>\n\u2022 Netinka S Klas\u0117s W222 S65 ir S63 AMG Tikriems modeliams<\/p>\n<p>\u0160\u012f komplekt\u0105 sudaro:<br \/>\n\u2022 Priekinio buferio komplektas<br \/>\n\u2022 Galinio buferio komplektas<br \/>\n\u2022 Slenks\u010di\u0173 komplektas<br \/>\n\u2022 Duslintuvo antgaliai<br \/>\n\u2022 Priekin\u0117s grotel\u0117s be MB \u017eenklo. \u017denklas tinka nuo originali\u0173 groteli\u0173.<\/p>\n<p>Apdailos komplektas neoriginalus<\/p>\n","protected":false},"excerpt":{"rendered":"<p>I\u0161ankstinis u\u017esakymas, galima pasirinkti ar ilgos baz\u0117s modeliui ar trumpos.<\/p>\n","protected":false},"featured_media":98035,"comment_status":"open","ping_status":"closed","template":"","meta":[],"product_cat":[2932,3011,3020],"product_tag":[],"class_list":{"0":"post-98044","1":"product","2":"type-product","3":"status-publish","4":"has-post-thumbnail","6":"product_cat-bodykit","7":"product_cat-mercedes-benz","8":"product_cat-s-w222-14-20","9":"pa_make-mercedes-benz","10":"pa_make-s-w222","12":"first","13":"instock","14":"sale","15":"taxable","16":"shipping-taxable","17":"purchasable","18":"product-type-simple"},"jetpack_sharing_enabled":true,"_links":{"self":[{"href":"https:\/\/b2b.pfellas.lt\/index.php\/wp-json\/wp\/v2\/product\/98044"}],"collection":[{"href":"https:\/\/b2b.pfellas.lt\/index.php\/wp-json\/wp\/v2\/product"}],"about":[{"href":"https:\/\/b2b.pfellas.lt\/index.php\/wp-json\/wp\/v2\/types\/product"}],"replies":[{"embeddable":true,"href":"https:\/\/b2b.pfellas.lt\/index.php\/wp-json\/wp\/v2\/comments?post=98044"}],"wp:featuredmedia":[{"embeddable":true,"href":"https:\/\/b2b.pfellas.lt\/index.php\/wp-json\/wp\/v2\/media\/98035"}],"wp:attachment":[{"href":"https:\/\/b2b.pfellas.lt\/index.php\/wp-json\/wp\/v2\/media?parent=98044"}],"wp:term":[{"taxonomy":"product_cat","embeddable":true,"href":"https:\/\/b2b.pfellas.lt\/index.php\/wp-json\/wp\/v2\/product_cat?post=98044"},{"taxonomy":"product_tag","embeddable":true,"href":"https:\/\/b2b.pfellas.lt\/index.php\/wp-json\/wp\/v2\/product_tag?post=98044"}],"curies":[{"name":"wp","href":"https:\/\/api.w.org\/{rel}","templated":true}]}}