{"id":98050,"date":"2024-07-05T16:57:28","date_gmt":"2024-07-05T14:57:28","guid":{"rendered":"https:\/\/b2b.pfellas.lt\/index.php\/product\/mercedes-benz-c63-facelift-isvaizdos-mercedes-benz-c-w205-2014-2020\/"},"modified":"2024-09-25T17:04:28","modified_gmt":"2024-09-25T15:04:28","slug":"mercedes-benz-c63-facelift-isvaizdos-mercedes-benz-c-w205-2014-2020","status":"publish","type":"product","link":"https:\/\/b2b.pfellas.lt\/index.php\/product\/mercedes-benz-c63-facelift-isvaizdos-mercedes-benz-c-w205-2014-2020\/","title":{"rendered":"Mercedes Benz C63 Facelift I\u0161vaizdos Mercedes Benz C W205 (2014-2020)"},"content":{"rendered":"<p>C63 Facelift i\u0161vaizdos buferi\u0173 ir slenks\u010di\u0173 kompllektas<\/p>\n<p><strong>Tinka:<\/strong><br \/>\n\u2022 Mercedes Benz C Klas\u0117s W205 modeliams nuo 2014 iki 2020<\/p>\n<p><strong>Netinka:<\/strong><br \/>\n\u2022 Originaliems (Gamykli\u0161kiems) Mercedes Benz W205 C63 AMG modeliams<\/p>\n<p>Komplekt\u0105 sudaro detal\u0117s pavaizduos komplekto nuotraukoje.<\/p>\n<p>Komplekto gamintojas: Kinija<\/p>\n","protected":false},"excerpt":{"rendered":"<p>I\u0161ankstinis u\u017esakymas.<\/p>\n","protected":false},"featured_media":98049,"comment_status":"open","ping_status":"closed","template":"","meta":[],"product_cat":[2932,3014,3011],"product_tag":[],"class_list":{"0":"post-98050","1":"product","2":"type-product","3":"status-publish","4":"has-post-thumbnail","6":"product_cat-bodykit","7":"product_cat-c-w205-14-20","8":"product_cat-mercedes-benz","9":"pa_make-c-w205","10":"pa_make-mercedes-benz","12":"first","13":"instock","14":"taxable","15":"shipping-taxable","16":"purchasable","17":"product-type-simple"},"jetpack_sharing_enabled":true,"_links":{"self":[{"href":"https:\/\/b2b.pfellas.lt\/index.php\/wp-json\/wp\/v2\/product\/98050"}],"collection":[{"href":"https:\/\/b2b.pfellas.lt\/index.php\/wp-json\/wp\/v2\/product"}],"about":[{"href":"https:\/\/b2b.pfellas.lt\/index.php\/wp-json\/wp\/v2\/types\/product"}],"replies":[{"embeddable":true,"href":"https:\/\/b2b.pfellas.lt\/index.php\/wp-json\/wp\/v2\/comments?post=98050"}],"wp:featuredmedia":[{"embeddable":true,"href":"https:\/\/b2b.pfellas.lt\/index.php\/wp-json\/wp\/v2\/media\/98049"}],"wp:attachment":[{"href":"https:\/\/b2b.pfellas.lt\/index.php\/wp-json\/wp\/v2\/media?parent=98050"}],"wp:term":[{"taxonomy":"product_cat","embeddable":true,"href":"https:\/\/b2b.pfellas.lt\/index.php\/wp-json\/wp\/v2\/product_cat?post=98050"},{"taxonomy":"product_tag","embeddable":true,"href":"https:\/\/b2b.pfellas.lt\/index.php\/wp-json\/wp\/v2\/product_tag?post=98050"}],"curies":[{"name":"wp","href":"https:\/\/api.w.org\/{rel}","templated":true}]}}