{"id":98056,"date":"2024-07-05T16:57:41","date_gmt":"2024-07-05T14:57:41","guid":{"rendered":"https:\/\/b2b.pfellas.lt\/index.php\/product\/mercedes-benz-e63-facelift-w213-isvaizdos-komplektas-tikram-mercedes-benz-e-e63-senam-modeliui-su-zibintais\/"},"modified":"2024-09-25T17:04:06","modified_gmt":"2024-09-25T15:04:06","slug":"mercedes-benz-e63-facelift-w213-isvaizdos-komplektas-tikram-mercedes-benz-e-e63-senam-modeliui-su-zibintais","status":"publish","type":"product","link":"https:\/\/b2b.pfellas.lt\/index.php\/product\/mercedes-benz-e63-facelift-w213-isvaizdos-komplektas-tikram-mercedes-benz-e-e63-senam-modeliui-su-zibintais\/","title":{"rendered":"Mercedes Benz E63 Facelift (W213) I\u0161vaizdos komplektas tikram Mercedes Benz E E63 senam modeliui su \u017eibintais"},"content":{"rendered":"<p>Pilnas komplektas. Viskas kaip nuotraukose.<\/p>\n<p>&nbsp;<\/p>\n<p>Komplekt\u0105 sudaro priekinis bamperis, galinis bamperis, baga\u017ein\u0117, slenks\u010diai, kapotas, priekiniai bei galiniai \u017eibintai.<\/p>\n<p>&nbsp;<\/p>\n<p>\u0160is komplektas tinka ne facelift tipo automobiliams. \u017dibintai Plug n play.<\/p>\n<p>&nbsp;<\/p>\n<p>Mercedes Benz E63 W213 modeliui.<\/p>\n","protected":false},"excerpt":{"rendered":"<p>I\u0161ankstinis u\u017esakymas.<\/p>\n","protected":false},"featured_media":98053,"comment_status":"open","ping_status":"closed","template":"","meta":[],"product_cat":[2932,3017,3011],"product_tag":[],"class_list":{"0":"post-98056","1":"product","2":"type-product","3":"status-publish","4":"has-post-thumbnail","6":"product_cat-bodykit","7":"product_cat-e-w213-16","8":"product_cat-mercedes-benz","9":"pa_make-e-w213","10":"pa_make-mercedes-benz","12":"first","13":"instock","14":"taxable","15":"shipping-taxable","16":"purchasable","17":"product-type-simple"},"jetpack_sharing_enabled":true,"_links":{"self":[{"href":"https:\/\/b2b.pfellas.lt\/index.php\/wp-json\/wp\/v2\/product\/98056"}],"collection":[{"href":"https:\/\/b2b.pfellas.lt\/index.php\/wp-json\/wp\/v2\/product"}],"about":[{"href":"https:\/\/b2b.pfellas.lt\/index.php\/wp-json\/wp\/v2\/types\/product"}],"replies":[{"embeddable":true,"href":"https:\/\/b2b.pfellas.lt\/index.php\/wp-json\/wp\/v2\/comments?post=98056"}],"wp:featuredmedia":[{"embeddable":true,"href":"https:\/\/b2b.pfellas.lt\/index.php\/wp-json\/wp\/v2\/media\/98053"}],"wp:attachment":[{"href":"https:\/\/b2b.pfellas.lt\/index.php\/wp-json\/wp\/v2\/media?parent=98056"}],"wp:term":[{"taxonomy":"product_cat","embeddable":true,"href":"https:\/\/b2b.pfellas.lt\/index.php\/wp-json\/wp\/v2\/product_cat?post=98056"},{"taxonomy":"product_tag","embeddable":true,"href":"https:\/\/b2b.pfellas.lt\/index.php\/wp-json\/wp\/v2\/product_tag?post=98056"}],"curies":[{"name":"wp","href":"https:\/\/api.w.org\/{rel}","templated":true}]}}