{"id":98061,"date":"2024-07-05T16:57:53","date_gmt":"2024-07-05T14:57:53","guid":{"rendered":"https:\/\/b2b.pfellas.lt\/index.php\/product\/f82-m4-isvaizdos-apdailos-komplektas-tinkantis-bmw-f32-f33-modeliams\/"},"modified":"2024-09-30T15:17:21","modified_gmt":"2024-09-30T13:17:21","slug":"f82-m4-isvaizdos-apdailos-komplektas-tinkantis-bmw-f32-f33-modeliams","status":"publish","type":"product","link":"https:\/\/b2b.pfellas.lt\/index.php\/product\/f82-m4-isvaizdos-apdailos-komplektas-tinkantis-bmw-f32-f33-modeliams\/","title":{"rendered":"F82 M4 I\u0161vaizdos Apdailos komplektas tinkantis BMW F32, F33 modeliams"},"content":{"rendered":"<div id=\"description\" class=\"tab-pane in active\">\n<div class=\"product-description\">\n<div class=\"rte-content\">\n<p>M4 Stiliaus apdailos komplektas, M4 Stiliaus buferiai<\/p>\n<p>\u00bb Tinka 4 Serijos BMW F32, F33 modeliams<br \/>\n\u00bb Netinka 4 Serijos F36 Gran Couope modeliams<br \/>\n\u00bb Netinka 4 Serijos BMW F82, F83 M4 ir 3 Serijos F80 M3 modeliams<\/p>\n<p>Komplekt\u0105 sudaro priekinis buferis, slenks\u010diai, galinis buferis<\/p>\n<p>Detal\u0117s pagamintos i\u0161 PP Plastmas\u0117s. Geras tinkamumas<\/p>\n<\/div>\n<\/div>\n<\/div>\n","protected":false},"excerpt":{"rendered":"<p>M4 Stiliaus apdailos komplektas, M4 Stiliaus buferiai \u00bb Tinka 4 Serijos BMW F32, F33 modeliams \u00bb Netinka 4 Serijos F36 Gran Couope modeliams \u00bb Netinka 4 Serijos BMW F82, F83 M4 ir 3 Serijos F80 M3 modeliams Komplekt\u0105 sudaro priekinis buferis, slenks\u010diai, galinis buferis Detal\u0117s pagamintos i\u0161 PP Plastmas\u0117s. Geras tinkamumas<\/p>\n","protected":false},"featured_media":98057,"comment_status":"open","ping_status":"closed","template":"","meta":[],"product_cat":[2986,2954,2932],"product_tag":[],"class_list":{"0":"post-98061","1":"product","2":"type-product","3":"status-publish","4":"has-post-thumbnail","6":"product_cat-4-f32-f33-f36-13-20","7":"product_cat-bmw","8":"product_cat-bodykit","9":"pa_make-4-f32-2","10":"pa_make-bmw","12":"first","13":"onbackorder","14":"taxable","15":"shipping-taxable","16":"purchasable","17":"product-type-simple"},"jetpack_sharing_enabled":true,"_links":{"self":[{"href":"https:\/\/b2b.pfellas.lt\/index.php\/wp-json\/wp\/v2\/product\/98061"}],"collection":[{"href":"https:\/\/b2b.pfellas.lt\/index.php\/wp-json\/wp\/v2\/product"}],"about":[{"href":"https:\/\/b2b.pfellas.lt\/index.php\/wp-json\/wp\/v2\/types\/product"}],"replies":[{"embeddable":true,"href":"https:\/\/b2b.pfellas.lt\/index.php\/wp-json\/wp\/v2\/comments?post=98061"}],"wp:featuredmedia":[{"embeddable":true,"href":"https:\/\/b2b.pfellas.lt\/index.php\/wp-json\/wp\/v2\/media\/98057"}],"wp:attachment":[{"href":"https:\/\/b2b.pfellas.lt\/index.php\/wp-json\/wp\/v2\/media?parent=98061"}],"wp:term":[{"taxonomy":"product_cat","embeddable":true,"href":"https:\/\/b2b.pfellas.lt\/index.php\/wp-json\/wp\/v2\/product_cat?post=98061"},{"taxonomy":"product_tag","embeddable":true,"href":"https:\/\/b2b.pfellas.lt\/index.php\/wp-json\/wp\/v2\/product_tag?post=98061"}],"curies":[{"name":"wp","href":"https:\/\/api.w.org\/{rel}","templated":true}]}}