{"id":98077,"date":"2024-07-05T17:19:01","date_gmt":"2024-07-05T15:19:01","guid":{"rendered":"https:\/\/b2b.pfellas.lt\/index.php\/product\/galinio-bamperio-difuzorius-m5-look-bmw-5-f10-f11-juodas-blizgus\/"},"modified":"2024-09-30T15:33:02","modified_gmt":"2024-09-30T13:33:02","slug":"galinio-bamperio-difuzorius-m5-look-bmw-5-f10-f11-juodas-blizgus","status":"publish","type":"product","link":"https:\/\/b2b.pfellas.lt\/index.php\/product\/galinio-bamperio-difuzorius-m5-look-bmw-5-f10-f11-juodas-blizgus\/","title":{"rendered":"Galinio bamperio difuzorius M5 look BMW 5 F10\/F11 juodas blizgus"},"content":{"rendered":"<ul>\n<li>Tinka visiems\u00a0 5 Serijos BMW F10, F11 modeliams su M Sport galiniu buferiu<\/li>\n<li>Tinka BMW F10 M5 modeliams<\/li>\n<li>Netinka modeliams su Smart Open \/ Comfort access baga\u017ein\u0117s funkcija. Norint u\u017ed\u0117ti \u0161\u012f difuzori\u0173 reikia perkelti blokelius ir nupjauti galinio buferio laikikl\u012f.<\/li>\n<li>Netinka 550i ir M550D modeliams. U\u017ed\u0117jimui trukdo duslintuvo antgaliai, kurie yra ar\u010diau buferio kra\u0161to<\/li>\n<\/ul>\n<p>&nbsp;<\/p>\n<p>Juodas blizgus M5 Performance Galinio buferio difuzorius<\/p>\n","protected":false},"excerpt":{"rendered":"<p>Tinka visiems\u00a0 5 Serijos BMW F10, F11 modeliams su M Sport galiniu buferiu Tinka BMW F10 M5 modeliams Netinka modeliams su Smart Open \/ Comfort access baga\u017ein\u0117s funkcija. Norint u\u017ed\u0117ti \u0161\u012f difuzori\u0173 reikia perkelti blokelius ir nupjauti galinio buferio laikikl\u012f. Netinka 550i ir M550D modeliams. U\u017ed\u0117jimui trukdo duslintuvo antgaliai, kurie yra ar\u010diau buferio kra\u0161to &nbsp;<\/p>\n<div class=\"klb-readmore button\"><a class=\"btn link\" href=\"https:\/\/b2b.pfellas.lt\/index.php\/product\/galinio-bamperio-difuzorius-m5-look-bmw-5-f10-f11-juodas-blizgus\/\">Read More <i class=\"klbth-icon-right-arrow\"><\/i><\/a><\/div>\n","protected":false},"featured_media":98076,"comment_status":"open","ping_status":"closed","template":"","meta":[],"product_cat":[2956,2954,2621],"product_tag":[],"class_list":{"0":"post-98077","1":"product","2":"type-product","3":"status-publish","4":"has-post-thumbnail","6":"product_cat-5-f10-2010-2016","7":"product_cat-bmw","8":"product_cat-galinio-bamperio-difuzoriai","9":"pa_make-5-f10","10":"pa_make-bmw","12":"first","13":"instock","14":"sale","15":"taxable","16":"shipping-taxable","17":"purchasable","18":"product-type-simple"},"jetpack_sharing_enabled":true,"_links":{"self":[{"href":"https:\/\/b2b.pfellas.lt\/index.php\/wp-json\/wp\/v2\/product\/98077"}],"collection":[{"href":"https:\/\/b2b.pfellas.lt\/index.php\/wp-json\/wp\/v2\/product"}],"about":[{"href":"https:\/\/b2b.pfellas.lt\/index.php\/wp-json\/wp\/v2\/types\/product"}],"replies":[{"embeddable":true,"href":"https:\/\/b2b.pfellas.lt\/index.php\/wp-json\/wp\/v2\/comments?post=98077"}],"wp:featuredmedia":[{"embeddable":true,"href":"https:\/\/b2b.pfellas.lt\/index.php\/wp-json\/wp\/v2\/media\/98076"}],"wp:attachment":[{"href":"https:\/\/b2b.pfellas.lt\/index.php\/wp-json\/wp\/v2\/media?parent=98077"}],"wp:term":[{"taxonomy":"product_cat","embeddable":true,"href":"https:\/\/b2b.pfellas.lt\/index.php\/wp-json\/wp\/v2\/product_cat?post=98077"},{"taxonomy":"product_tag","embeddable":true,"href":"https:\/\/b2b.pfellas.lt\/index.php\/wp-json\/wp\/v2\/product_tag?post=98077"}],"curies":[{"name":"wp","href":"https:\/\/api.w.org\/{rel}","templated":true}]}}