{"id":98154,"date":"2024-07-05T17:26:34","date_gmt":"2024-07-05T15:26:34","guid":{"rendered":"https:\/\/b2b.pfellas.lt\/index.php\/product\/m-performance-galinis-difuzorius-su-antgaliais-bmw-x3-g01-modeliui-17-21m-juodas-blizgus\/"},"modified":"2024-09-25T15:39:35","modified_gmt":"2024-09-25T13:39:35","slug":"m-performance-galinis-difuzorius-su-antgaliais-bmw-x3-g01-modeliui-17-21m-juodas-blizgus","status":"publish","type":"product","link":"https:\/\/b2b.pfellas.lt\/index.php\/product\/m-performance-galinis-difuzorius-su-antgaliais-bmw-x3-g01-modeliui-17-21m-juodas-blizgus\/","title":{"rendered":"M performance galinis difuzorius su antgaliais BMW X3 G01 modeliui 17-21m. Juodas blizg\u016bs"},"content":{"rendered":"<p>Tinka BMW X3 G01 modeliui nuo 17-21m. tik M paketo galiniam bamperiui.<\/p>\n<p>Juodas blizgus su antgaliais.<\/p>\n","protected":false},"excerpt":{"rendered":"<p>Domina? Para\u0161yk mums d\u0117l pristatymo termin\u0173 ir kainos.<\/p>\n<p>[wpforms id=&#8221;252345&#8243;]<\/p>\n","protected":false},"featured_media":98141,"comment_status":"open","ping_status":"closed","template":"","meta":[],"product_cat":[2954,2621,2973],"product_tag":[],"class_list":{"0":"post-98154","1":"product","2":"type-product","3":"status-publish","4":"has-post-thumbnail","6":"product_cat-bmw","7":"product_cat-galinio-bamperio-difuzoriai","8":"product_cat-x3-g01-17","9":"pa_make-bmw","10":"pa_make-x3-g01","12":"first","13":"instock","14":"taxable","15":"shipping-taxable","16":"purchasable","17":"product-type-simple"},"jetpack_sharing_enabled":true,"_links":{"self":[{"href":"https:\/\/b2b.pfellas.lt\/index.php\/wp-json\/wp\/v2\/product\/98154"}],"collection":[{"href":"https:\/\/b2b.pfellas.lt\/index.php\/wp-json\/wp\/v2\/product"}],"about":[{"href":"https:\/\/b2b.pfellas.lt\/index.php\/wp-json\/wp\/v2\/types\/product"}],"replies":[{"embeddable":true,"href":"https:\/\/b2b.pfellas.lt\/index.php\/wp-json\/wp\/v2\/comments?post=98154"}],"wp:featuredmedia":[{"embeddable":true,"href":"https:\/\/b2b.pfellas.lt\/index.php\/wp-json\/wp\/v2\/media\/98141"}],"wp:attachment":[{"href":"https:\/\/b2b.pfellas.lt\/index.php\/wp-json\/wp\/v2\/media?parent=98154"}],"wp:term":[{"taxonomy":"product_cat","embeddable":true,"href":"https:\/\/b2b.pfellas.lt\/index.php\/wp-json\/wp\/v2\/product_cat?post=98154"},{"taxonomy":"product_tag","embeddable":true,"href":"https:\/\/b2b.pfellas.lt\/index.php\/wp-json\/wp\/v2\/product_tag?post=98154"}],"curies":[{"name":"wp","href":"https:\/\/api.w.org\/{rel}","templated":true}]}}