{"id":98163,"date":"2024-07-05T17:27:23","date_gmt":"2024-07-05T15:27:23","guid":{"rendered":"https:\/\/b2b.pfellas.lt\/index.php\/product\/performance-galinio-buferio-difuzorius-bmw-3-e90-e91-juodas-blizgus\/"},"modified":"2024-09-25T15:39:38","modified_gmt":"2024-09-25T13:39:38","slug":"performance-galinio-buferio-difuzorius-bmw-3-e90-e91-juodas-blizgus","status":"publish","type":"product","link":"https:\/\/b2b.pfellas.lt\/index.php\/product\/performance-galinio-buferio-difuzorius-bmw-3-e90-e91-juodas-blizgus\/","title":{"rendered":"Performance Galinio buferio difuzorius BMW 3 E90, E91 juodas blizgus"},"content":{"rendered":"<ul>\n<li>Tinka visiems 3 Serijos BMW E90, E91 modeliams<\/li>\n<li>Netinka 3 Serijos BMW E90, E91 335i ir E92 Kup\u0117, E93 Kabrioleto modeliams<\/li>\n<li>Nuda\u017eytas Juoda blizgia spalva (Nuotraukose difuzorius neda\u017eytas)<\/li>\n<li>Difuzorius pagamintas i\u0161 plastmas\u0117s, kuri\u0105 naudoja originali\u0173 detali\u0173 gamintojai<\/li>\n<\/ul>\n<p>Performance Galinio buferio difuzorius<\/p>\n","protected":false},"excerpt":{"rendered":"<p>Tinka visiems 3 Serijos BMW E90, E91 modeliams Netinka 3 Serijos BMW E90, E91 335i ir E92 Kup\u0117, E93 Kabrioleto modeliams Nuda\u017eytas Juoda blizgia spalva (Nuotraukose difuzorius neda\u017eytas) Difuzorius pagamintas i\u0161 plastmas\u0117s, kuri\u0105 naudoja originali\u0173 detali\u0173 gamintojai Performance Galinio buferio difuzorius<\/p>\n","protected":false},"featured_media":98155,"comment_status":"open","ping_status":"closed","template":"","meta":[],"product_cat":[2988,2954,2621],"product_tag":[],"class_list":{"0":"post-98163","1":"product","2":"type-product","3":"status-publish","4":"has-post-thumbnail","6":"product_cat-3-e90-e91-05-11","7":"product_cat-bmw","8":"product_cat-galinio-bamperio-difuzoriai","9":"pa_make-3-e90-2","10":"pa_make-bmw","12":"first","13":"instock","14":"taxable","15":"shipping-taxable","16":"purchasable","17":"product-type-simple"},"jetpack_sharing_enabled":true,"_links":{"self":[{"href":"https:\/\/b2b.pfellas.lt\/index.php\/wp-json\/wp\/v2\/product\/98163"}],"collection":[{"href":"https:\/\/b2b.pfellas.lt\/index.php\/wp-json\/wp\/v2\/product"}],"about":[{"href":"https:\/\/b2b.pfellas.lt\/index.php\/wp-json\/wp\/v2\/types\/product"}],"replies":[{"embeddable":true,"href":"https:\/\/b2b.pfellas.lt\/index.php\/wp-json\/wp\/v2\/comments?post=98163"}],"wp:featuredmedia":[{"embeddable":true,"href":"https:\/\/b2b.pfellas.lt\/index.php\/wp-json\/wp\/v2\/media\/98155"}],"wp:attachment":[{"href":"https:\/\/b2b.pfellas.lt\/index.php\/wp-json\/wp\/v2\/media?parent=98163"}],"wp:term":[{"taxonomy":"product_cat","embeddable":true,"href":"https:\/\/b2b.pfellas.lt\/index.php\/wp-json\/wp\/v2\/product_cat?post=98163"},{"taxonomy":"product_tag","embeddable":true,"href":"https:\/\/b2b.pfellas.lt\/index.php\/wp-json\/wp\/v2\/product_tag?post=98163"}],"curies":[{"name":"wp","href":"https:\/\/api.w.org\/{rel}","templated":true}]}}