{"id":98190,"date":"2024-07-05T17:29:42","date_gmt":"2024-07-05T15:29:42","guid":{"rendered":"https:\/\/b2b.pfellas.lt\/index.php\/product\/galinio-bamperio-performance-difuzorius-bmw-3-f30-f31-11-19-juodas-blizgus-vienas-ismetimas\/"},"modified":"2024-09-25T15:39:48","modified_gmt":"2024-09-25T13:39:48","slug":"galinio-bamperio-performance-difuzorius-bmw-3-f30-f31-11-19-juodas-blizgus-vienas-ismetimas","status":"publish","type":"product","link":"https:\/\/b2b.pfellas.lt\/index.php\/product\/galinio-bamperio-performance-difuzorius-bmw-3-f30-f31-11-19-juodas-blizgus-vienas-ismetimas\/","title":{"rendered":"Galinio bamperio performance difuzorius BMW 3 F30\/F31 11-19 juodas blizgus vienas i\u0161metimas"},"content":{"rendered":"<p>The main product features of\u00a0<strong>Sport rear diffuser single pipe left black gloss suitable for BMW 3 Series F30 Limo<\/strong>\u00a0are:<\/p>\n<p>Rear diffuser<br \/>\nsport look<br \/>\nWith left single pipe cut-<br \/>\nout BLACK GLOSS<\/p>\n<p>&#8211; Sporty, upgraded look<br \/>\n&#8211; Easy replacement<br \/>\n&#8211; Top quality<br \/>\n&#8211; Absolutely perfect fit<\/p>\n<h2>Technical details of Sport rear diffuser single pipe left black gloss suitable for BMW 3 Series F30 Limo \/ suitable for<\/h2>\n<p>BMW 3 -series<br \/>\ntype F30<br \/>\nsedan<br \/>\nfrom year 10\/2011<br \/>\nOnly suitable with M-package bumper<\/p>\n","protected":false},"excerpt":{"rendered":"<p>U\u017esakant teiraukit\u0117s d\u0117l pristatymo termino, jeigu prek\u0117s n\u0117ra sand\u0117lyje.<\/p>\n<p>[wpforms id=&#8221;252345&#8243;]<\/p>\n","protected":false},"featured_media":98182,"comment_status":"open","ping_status":"closed","template":"","meta":[],"product_cat":[2960,2954,2621],"product_tag":[],"class_list":{"0":"post-98190","1":"product","2":"type-product","3":"status-publish","4":"has-post-thumbnail","6":"product_cat-3-f30-f31-13-18","7":"product_cat-bmw","8":"product_cat-galinio-bamperio-difuzoriai","9":"pa_make-3-f30-2","10":"pa_make-bmw","12":"first","13":"instock","14":"taxable","15":"shipping-taxable","16":"purchasable","17":"product-type-simple"},"jetpack_sharing_enabled":true,"_links":{"self":[{"href":"https:\/\/b2b.pfellas.lt\/index.php\/wp-json\/wp\/v2\/product\/98190"}],"collection":[{"href":"https:\/\/b2b.pfellas.lt\/index.php\/wp-json\/wp\/v2\/product"}],"about":[{"href":"https:\/\/b2b.pfellas.lt\/index.php\/wp-json\/wp\/v2\/types\/product"}],"replies":[{"embeddable":true,"href":"https:\/\/b2b.pfellas.lt\/index.php\/wp-json\/wp\/v2\/comments?post=98190"}],"wp:featuredmedia":[{"embeddable":true,"href":"https:\/\/b2b.pfellas.lt\/index.php\/wp-json\/wp\/v2\/media\/98182"}],"wp:attachment":[{"href":"https:\/\/b2b.pfellas.lt\/index.php\/wp-json\/wp\/v2\/media?parent=98190"}],"wp:term":[{"taxonomy":"product_cat","embeddable":true,"href":"https:\/\/b2b.pfellas.lt\/index.php\/wp-json\/wp\/v2\/product_cat?post=98190"},{"taxonomy":"product_tag","embeddable":true,"href":"https:\/\/b2b.pfellas.lt\/index.php\/wp-json\/wp\/v2\/product_tag?post=98190"}],"curies":[{"name":"wp","href":"https:\/\/api.w.org\/{rel}","templated":true}]}}