{"id":98211,"date":"2024-07-05T17:30:45","date_gmt":"2024-07-05T15:30:45","guid":{"rendered":"https:\/\/b2b.pfellas.lt\/index.php\/product\/galinis-difuzorius-dtm-stiliaus-audi-a5-2011-2016-facelift-s-line-s5-bamperiui\/"},"modified":"2024-09-25T17:01:32","modified_gmt":"2024-09-25T15:01:32","slug":"galinis-difuzorius-dtm-stiliaus-audi-a5-2011-2016-facelift-s-line-s5-bamperiui","status":"publish","type":"product","link":"https:\/\/b2b.pfellas.lt\/index.php\/product\/galinis-difuzorius-dtm-stiliaus-audi-a5-2011-2016-facelift-s-line-s5-bamperiui\/","title":{"rendered":"Galinis difuzorius DTM stiliaus Audi A5 2011-2016 (Facelift) S-line\/S5 bamperiui"},"content":{"rendered":"<p>AUDI A5 kup\u0117 GALINIS DIFUZORIUS DTM LOOK NUO 2011 IKI 2016 M.<\/p>\n<p>S-LINE\/ S5 BUFERIUI!<\/p>\n<p>Tinka tiek Coupe tiek Sportback bamperiams.<\/p>\n<p>Material:\u00a0<strong>GFK<\/strong><\/p>\n<p>Neda\u017eytas<\/p>\n","protected":false},"excerpt":{"rendered":"<p>U\u017esakant teiraukit\u0117s d\u0117l pristatymo termino, jeigu prek\u0117s n\u0117ra sand\u0117lyje.<\/p>\n<p>[wpforms id=&#8221;252345&#8243;]<\/p>\n","protected":false},"featured_media":98208,"comment_status":"open","ping_status":"closed","template":"","meta":[],"product_cat":[2999,2996,2621],"product_tag":[],"class_list":{"0":"post-98211","1":"product","2":"type-product","3":"status-publish","4":"has-post-thumbnail","6":"product_cat-a5-s5-8t-07-16","7":"product_cat-audi","8":"product_cat-galinio-bamperio-difuzoriai","9":"pa_make-a5-8t","10":"pa_make-audi","12":"first","13":"instock","14":"taxable","15":"shipping-taxable","16":"purchasable","17":"product-type-simple"},"jetpack_sharing_enabled":true,"_links":{"self":[{"href":"https:\/\/b2b.pfellas.lt\/index.php\/wp-json\/wp\/v2\/product\/98211"}],"collection":[{"href":"https:\/\/b2b.pfellas.lt\/index.php\/wp-json\/wp\/v2\/product"}],"about":[{"href":"https:\/\/b2b.pfellas.lt\/index.php\/wp-json\/wp\/v2\/types\/product"}],"replies":[{"embeddable":true,"href":"https:\/\/b2b.pfellas.lt\/index.php\/wp-json\/wp\/v2\/comments?post=98211"}],"wp:featuredmedia":[{"embeddable":true,"href":"https:\/\/b2b.pfellas.lt\/index.php\/wp-json\/wp\/v2\/media\/98208"}],"wp:attachment":[{"href":"https:\/\/b2b.pfellas.lt\/index.php\/wp-json\/wp\/v2\/media?parent=98211"}],"wp:term":[{"taxonomy":"product_cat","embeddable":true,"href":"https:\/\/b2b.pfellas.lt\/index.php\/wp-json\/wp\/v2\/product_cat?post=98211"},{"taxonomy":"product_tag","embeddable":true,"href":"https:\/\/b2b.pfellas.lt\/index.php\/wp-json\/wp\/v2\/product_tag?post=98211"}],"curies":[{"name":"wp","href":"https:\/\/api.w.org\/{rel}","templated":true}]}}