{"id":98240,"date":"2024-07-05T17:32:29","date_gmt":"2024-07-05T15:32:29","guid":{"rendered":"https:\/\/b2b.pfellas.lt\/index.php\/product\/performance-stiliaus-juodas-blizgus-galinio-buferio-difuzorius-skirtas-bmw-f80-m3-f82-m4-modeliams\/"},"modified":"2024-09-25T15:40:16","modified_gmt":"2024-09-25T13:40:16","slug":"performance-stiliaus-juodas-blizgus-galinio-buferio-difuzorius-skirtas-bmw-f80-m3-f82-m4-modeliams","status":"publish","type":"product","link":"https:\/\/b2b.pfellas.lt\/index.php\/product\/performance-stiliaus-juodas-blizgus-galinio-buferio-difuzorius-skirtas-bmw-f80-m3-f82-m4-modeliams\/","title":{"rendered":"Performance stiliaus Juodas blizgus galinio buferio difuzorius skirtas BMW F80 M3, F82 M4 modeliams"},"content":{"rendered":"<div id=\"description\" class=\"tab-pane in active\">\n<div class=\"product-description\">\n<div class=\"rte-content\">\n<div id=\"description\" class=\"tab-pane in active\">\n<div class=\"product-description\">\n<div class=\"rte-content\">\n<p>Juodas blizgus Performance stiliaus galinio buferio difuzorius su \u0161oniniais spoileriais<\/p>\n<p><strong>Tinka \u0161iems modeliams:<\/strong><br \/>\n\u2022 3 Serijos BMW F80 M3 modeliams<br \/>\n\u2022 4 Serijos BMW F82 M4, F83 M4 modeliams<\/p>\n<p>\u00bb Spoileris nuda\u017eytas juoda blizgia spalva.<br \/>\n\u00bb Detal\u0117 pagaminta i\u0161 plastmas\u0117s<\/p>\n<\/div>\n<\/div>\n<\/div>\n<\/div>\n<\/div>\n<\/div>\n","protected":false},"excerpt":{"rendered":"<p>U\u017esakant teiraukit\u0117s d\u0117l pristatymo termino, jeigu prek\u0117s n\u0117ra sand\u0117lyje.<\/p>\n<p>[wpforms id=&#8221;252345&#8243;]<\/p>\n","protected":false},"featured_media":98238,"comment_status":"open","ping_status":"closed","template":"","meta":[],"product_cat":[2954,2621,2981,2979],"product_tag":[],"class_list":{"0":"post-98240","1":"product","2":"type-product","3":"status-publish","4":"has-post-thumbnail","6":"product_cat-bmw","7":"product_cat-galinio-bamperio-difuzoriai","8":"product_cat-m3-f80-14-19","9":"product_cat-m4-f82-14-20","10":"pa_make-bmw","11":"pa_make-m3-f80","12":"pa_make-m4-f82-2","14":"first","15":"instock","16":"sale","17":"taxable","18":"shipping-taxable","19":"purchasable","20":"product-type-simple"},"jetpack_sharing_enabled":true,"_links":{"self":[{"href":"https:\/\/b2b.pfellas.lt\/index.php\/wp-json\/wp\/v2\/product\/98240"}],"collection":[{"href":"https:\/\/b2b.pfellas.lt\/index.php\/wp-json\/wp\/v2\/product"}],"about":[{"href":"https:\/\/b2b.pfellas.lt\/index.php\/wp-json\/wp\/v2\/types\/product"}],"replies":[{"embeddable":true,"href":"https:\/\/b2b.pfellas.lt\/index.php\/wp-json\/wp\/v2\/comments?post=98240"}],"wp:featuredmedia":[{"embeddable":true,"href":"https:\/\/b2b.pfellas.lt\/index.php\/wp-json\/wp\/v2\/media\/98238"}],"wp:attachment":[{"href":"https:\/\/b2b.pfellas.lt\/index.php\/wp-json\/wp\/v2\/media?parent=98240"}],"wp:term":[{"taxonomy":"product_cat","embeddable":true,"href":"https:\/\/b2b.pfellas.lt\/index.php\/wp-json\/wp\/v2\/product_cat?post=98240"},{"taxonomy":"product_tag","embeddable":true,"href":"https:\/\/b2b.pfellas.lt\/index.php\/wp-json\/wp\/v2\/product_tag?post=98240"}],"curies":[{"name":"wp","href":"https:\/\/api.w.org\/{rel}","templated":true}]}}