{"id":98357,"date":"2024-07-09T15:50:59","date_gmt":"2024-07-09T13:50:59","guid":{"rendered":"https:\/\/b2b.pfellas.lt\/index.php\/product\/poslenksciai-performance-bmw-f32-f33-f36-juodi-blizgus\/"},"modified":"2024-09-25T15:40:39","modified_gmt":"2024-09-25T13:40:39","slug":"poslenksciai-performance-bmw-f32-f33-f36-juodi-blizgus","status":"publish","type":"product","link":"https:\/\/b2b.pfellas.lt\/index.php\/product\/poslenksciai-performance-bmw-f32-f33-f36-juodi-blizgus\/","title":{"rendered":"Poslenks\u010diai performance BMW F32, F33, F36 juodi blizg\u016bs"},"content":{"rendered":"<ul>\n<li>Tinka visiems 4 Serijos BMW F32, F33, F36 modeliams su M Sport slenks\u010diais<\/li>\n<li>Netinka 3 Serijos BMW F30, F31 modeliams<\/li>\n<li>Netinka 3 Serijos BMW F80 M3, 4 Serijos F82 M4, F83 M4 modeliams<\/li>\n<\/ul>\n<p>&nbsp;<\/p>\n<p>Juodos blizgios Performance slenks\u010di\u0173 apdailos, skirti modeliams su M Sport (M Paketo) slenks\u010diais<\/p>\n","protected":false},"excerpt":{"rendered":"<p>Tinka visiems 4 Serijos BMW F32, F33, F36 modeliams su M Sport slenks\u010diais Netinka 3 Serijos BMW F30, F31 modeliams Netinka 3 Serijos BMW F80 M3, 4 Serijos F82 M4, F83 M4 modeliams &nbsp; Juodos blizgios Performance slenks\u010di\u0173 apdailos, skirti modeliams su M Sport (M Paketo) slenks\u010diais<\/p>\n","protected":false},"featured_media":98356,"comment_status":"open","ping_status":"closed","template":"","meta":[],"product_cat":[2986,2954,2619],"product_tag":[],"class_list":{"0":"post-98357","1":"product","2":"type-product","3":"status-publish","4":"has-post-thumbnail","6":"product_cat-4-f32-f33-f36-13-20","7":"product_cat-bmw","8":"product_cat-slenksciu-apdailos","9":"pa_make-4-f32-2","10":"pa_make-4-f36-2","11":"pa_make-bmw","13":"first","14":"instock","15":"taxable","16":"shipping-taxable","17":"purchasable","18":"product-type-simple"},"jetpack_sharing_enabled":true,"_links":{"self":[{"href":"https:\/\/b2b.pfellas.lt\/index.php\/wp-json\/wp\/v2\/product\/98357"}],"collection":[{"href":"https:\/\/b2b.pfellas.lt\/index.php\/wp-json\/wp\/v2\/product"}],"about":[{"href":"https:\/\/b2b.pfellas.lt\/index.php\/wp-json\/wp\/v2\/types\/product"}],"replies":[{"embeddable":true,"href":"https:\/\/b2b.pfellas.lt\/index.php\/wp-json\/wp\/v2\/comments?post=98357"}],"wp:featuredmedia":[{"embeddable":true,"href":"https:\/\/b2b.pfellas.lt\/index.php\/wp-json\/wp\/v2\/media\/98356"}],"wp:attachment":[{"href":"https:\/\/b2b.pfellas.lt\/index.php\/wp-json\/wp\/v2\/media?parent=98357"}],"wp:term":[{"taxonomy":"product_cat","embeddable":true,"href":"https:\/\/b2b.pfellas.lt\/index.php\/wp-json\/wp\/v2\/product_cat?post=98357"},{"taxonomy":"product_tag","embeddable":true,"href":"https:\/\/b2b.pfellas.lt\/index.php\/wp-json\/wp\/v2\/product_tag?post=98357"}],"curies":[{"name":"wp","href":"https:\/\/api.w.org\/{rel}","templated":true}]}}