{"id":98366,"date":"2024-07-09T15:51:09","date_gmt":"2024-07-09T13:51:09","guid":{"rendered":"https:\/\/b2b.pfellas.lt\/index.php\/product\/poslenksciai-performance-bmw-3-f30-f31-juodi-blizgus\/"},"modified":"2024-09-25T17:30:03","modified_gmt":"2024-09-25T15:30:03","slug":"poslenksciai-performance-bmw-3-f30-f31-juodi-blizgus","status":"publish","type":"product","link":"https:\/\/b2b.pfellas.lt\/index.php\/product\/poslenksciai-performance-bmw-3-f30-f31-juodi-blizgus\/","title":{"rendered":"Poslenks\u010diai performance BMW 3 F30\/F31 juodi blizg\u016bs"},"content":{"rendered":"<ul>\n<li>Tinka visiems 3 Serijos BMW F30, F31 modeliams su M Sport slenks\u010diais<\/li>\n<li>Netinka 4 Serijos BMW F32, F33, F36 modeliams<\/li>\n<li>Netinka 3 Serijos BMW F80 M3 modeliams<\/li>\n<\/ul>\n<p>&nbsp;<\/p>\n<p>Juodos blizgios Performance slenks\u010di\u0173 apdailos skirti modeliams su M Sport (M Paketo) slenks\u010diais<\/p>\n","protected":false},"excerpt":{"rendered":"<p>Tinka visiems 3 Serijos BMW F30, F31 modeliams su M Sport slenks\u010diais Netinka 4 Serijos BMW F32, F33, F36 modeliams Netinka 3 Serijos BMW F80 M3 modeliams &nbsp; Juodos blizgios Performance slenks\u010di\u0173 apdailos skirti modeliams su M Sport (M Paketo) slenks\u010diais<\/p>\n","protected":false},"featured_media":98365,"comment_status":"open","ping_status":"closed","template":"","meta":[],"product_cat":[2960,2954,2619],"product_tag":[],"class_list":{"0":"post-98366","1":"product","2":"type-product","3":"status-publish","4":"has-post-thumbnail","6":"product_cat-3-f30-f31-13-18","7":"product_cat-bmw","8":"product_cat-slenksciu-apdailos","9":"pa_make-3-f30-2","10":"pa_make-bmw","12":"first","13":"instock","14":"sale","15":"taxable","16":"shipping-taxable","17":"purchasable","18":"product-type-simple"},"jetpack_sharing_enabled":true,"_links":{"self":[{"href":"https:\/\/b2b.pfellas.lt\/index.php\/wp-json\/wp\/v2\/product\/98366"}],"collection":[{"href":"https:\/\/b2b.pfellas.lt\/index.php\/wp-json\/wp\/v2\/product"}],"about":[{"href":"https:\/\/b2b.pfellas.lt\/index.php\/wp-json\/wp\/v2\/types\/product"}],"replies":[{"embeddable":true,"href":"https:\/\/b2b.pfellas.lt\/index.php\/wp-json\/wp\/v2\/comments?post=98366"}],"wp:featuredmedia":[{"embeddable":true,"href":"https:\/\/b2b.pfellas.lt\/index.php\/wp-json\/wp\/v2\/media\/98365"}],"wp:attachment":[{"href":"https:\/\/b2b.pfellas.lt\/index.php\/wp-json\/wp\/v2\/media?parent=98366"}],"wp:term":[{"taxonomy":"product_cat","embeddable":true,"href":"https:\/\/b2b.pfellas.lt\/index.php\/wp-json\/wp\/v2\/product_cat?post=98366"},{"taxonomy":"product_tag","embeddable":true,"href":"https:\/\/b2b.pfellas.lt\/index.php\/wp-json\/wp\/v2\/product_tag?post=98366"}],"curies":[{"name":"wp","href":"https:\/\/api.w.org\/{rel}","templated":true}]}}