{"id":98385,"date":"2024-07-09T15:51:42","date_gmt":"2024-07-09T13:51:42","guid":{"rendered":"https:\/\/b2b.pfellas.lt\/index.php\/product\/performance-v2-priekinio-buferio-apdaila-bmw-g30-facelift-modeliui-nuo-2020m-juoda-blizgi\/"},"modified":"2024-09-25T17:13:39","modified_gmt":"2024-09-25T15:13:39","slug":"performance-v2-priekinio-buferio-apdaila-bmw-g30-facelift-modeliui-nuo-2020m-juoda-blizgi","status":"publish","type":"product","link":"https:\/\/b2b.pfellas.lt\/index.php\/product\/performance-v2-priekinio-buferio-apdaila-bmw-g30-facelift-modeliui-nuo-2020m-juoda-blizgi\/","title":{"rendered":"Performance v2 priekinio buferio apdaila BMW G30 Facelift modeliui nuo 2020m. Juoda blizgi"},"content":{"rendered":"<p>Performance Priekinio buferio spoileris<\/p>\n<p>\u00bb Tinka 5 Serijos BMW G30, G31 Facelift (pagamintiems nuo 2020.06) modeliams su M-Sport priekiniu buferiu<\/p>\n<p>\u00bb Netinka BMW F90 M5 ir M5 Look (neoriginaliems) buferiams<br \/>\n\u00bb Netinka 5 Serijos BMW G30 ir G31 PRE LCI (automobiliams pagamintiems iki 2020.05). Netinka paprastiems buferiams<\/p>\n<p>Informacija:<br \/>\n\u2022\u00a0Pagamintas i\u0161 ABS plastmas\u0117s, geras tinkamumas<br \/>\n\u2022 Spoileris juodos blizgios spalvos<\/p>\n<p>Rekomenduojame spoiler\u012f papildomai pritvirtinti var\u017etais ir ver\u017el\u0117mis i\u0161 vidin\u0117s buferio pus\u0117s!<\/p>\n","protected":false},"excerpt":{"rendered":"<p>Performance Priekinio buferio spoileris \u00bb Tinka 5 Serijos BMW G30, G31 Facelift (pagamintiems nuo 2020.06) modeliams su M-Sport priekiniu buferiu \u00bb Netinka BMW F90 M5 ir M5 Look (neoriginaliems) buferiams \u00bb Netinka 5 Serijos BMW G30 ir G31 PRE LCI (automobiliams pagamintiems iki 2020.05). Netinka paprastiems buferiams Informacija: \u2022\u00a0Pagamintas i\u0161 ABS plastmas\u0117s, geras tinkamumas \u2022<\/p>\n<div class=\"klb-readmore button\"><a class=\"btn link\" href=\"https:\/\/b2b.pfellas.lt\/index.php\/product\/performance-v2-priekinio-buferio-apdaila-bmw-g30-facelift-modeliui-nuo-2020m-juoda-blizgi\/\">Read More <i class=\"klbth-icon-right-arrow\"><\/i><\/a><\/div>\n","protected":false},"featured_media":98810,"comment_status":"open","ping_status":"closed","template":"","meta":[],"product_cat":[2961,2954,2618],"product_tag":[],"class_list":{"0":"post-98385","1":"product","2":"type-product","3":"status-publish","4":"has-post-thumbnail","6":"product_cat-5-g30-g31-17","7":"product_cat-bmw","8":"product_cat-priekinio-bamperio-apdailos","9":"pa_make-5-g30","10":"pa_make-bmw","12":"first","13":"instock","14":"taxable","15":"shipping-taxable","16":"purchasable","17":"product-type-simple"},"jetpack_sharing_enabled":true,"_links":{"self":[{"href":"https:\/\/b2b.pfellas.lt\/index.php\/wp-json\/wp\/v2\/product\/98385"}],"collection":[{"href":"https:\/\/b2b.pfellas.lt\/index.php\/wp-json\/wp\/v2\/product"}],"about":[{"href":"https:\/\/b2b.pfellas.lt\/index.php\/wp-json\/wp\/v2\/types\/product"}],"replies":[{"embeddable":true,"href":"https:\/\/b2b.pfellas.lt\/index.php\/wp-json\/wp\/v2\/comments?post=98385"}],"wp:featuredmedia":[{"embeddable":true,"href":"https:\/\/b2b.pfellas.lt\/index.php\/wp-json\/wp\/v2\/media\/98810"}],"wp:attachment":[{"href":"https:\/\/b2b.pfellas.lt\/index.php\/wp-json\/wp\/v2\/media?parent=98385"}],"wp:term":[{"taxonomy":"product_cat","embeddable":true,"href":"https:\/\/b2b.pfellas.lt\/index.php\/wp-json\/wp\/v2\/product_cat?post=98385"},{"taxonomy":"product_tag","embeddable":true,"href":"https:\/\/b2b.pfellas.lt\/index.php\/wp-json\/wp\/v2\/product_tag?post=98385"}],"curies":[{"name":"wp","href":"https:\/\/api.w.org\/{rel}","templated":true}]}}