{"id":98399,"date":"2024-07-09T15:52:48","date_gmt":"2024-07-09T13:52:48","guid":{"rendered":"https:\/\/b2b.pfellas.lt\/index.php\/product\/poslenksciai-performance-bmw-5-f10-f11-juodi-blizgus\/"},"modified":"2024-09-30T15:31:53","modified_gmt":"2024-09-30T13:31:53","slug":"poslenksciai-performance-bmw-5-f10-f11-juodi-blizgus","status":"publish","type":"product","link":"https:\/\/b2b.pfellas.lt\/index.php\/product\/poslenksciai-performance-bmw-5-f10-f11-juodi-blizgus\/","title":{"rendered":"Poslenks\u010diai performance BMW 5 F10\/F11 juodi blizg\u016bs"},"content":{"rendered":"<ul>\n<li>Tinka visiems 5 Serijos BMW F10, F11 modeliams su M Sport slenks\u010diais. Tinka F10 M5 modeliams<\/li>\n<li>Netinka paprastiems slenks\u010diams<\/li>\n<li>Netinka 5 Serijos BMW E60, E61 modeliams<\/li>\n<\/ul>\n<p>&nbsp;<\/p>\n<p>Juodos blizgios Performance slenks\u010di\u0173 apdailos<\/p>\n","protected":false},"excerpt":{"rendered":"<p>Tinka visiems 5 Serijos BMW F10, F11 modeliams su M Sport slenks\u010diais. Tinka F10 M5 modeliams Netinka paprastiems slenks\u010diams Netinka 5 Serijos BMW E60, E61 modeliams &nbsp; Juodos blizgios Performance slenks\u010di\u0173 apdailos<\/p>\n","protected":false},"featured_media":98398,"comment_status":"open","ping_status":"closed","template":"","meta":[],"product_cat":[2956,2954,2619],"product_tag":[],"class_list":{"0":"post-98399","1":"product","2":"type-product","3":"status-publish","4":"has-post-thumbnail","6":"product_cat-5-f10-2010-2016","7":"product_cat-bmw","8":"product_cat-slenksciu-apdailos","9":"pa_make-5-f10","10":"pa_make-bmw","12":"first","13":"instock","14":"sale","15":"taxable","16":"shipping-taxable","17":"purchasable","18":"product-type-simple"},"jetpack_sharing_enabled":true,"_links":{"self":[{"href":"https:\/\/b2b.pfellas.lt\/index.php\/wp-json\/wp\/v2\/product\/98399"}],"collection":[{"href":"https:\/\/b2b.pfellas.lt\/index.php\/wp-json\/wp\/v2\/product"}],"about":[{"href":"https:\/\/b2b.pfellas.lt\/index.php\/wp-json\/wp\/v2\/types\/product"}],"replies":[{"embeddable":true,"href":"https:\/\/b2b.pfellas.lt\/index.php\/wp-json\/wp\/v2\/comments?post=98399"}],"wp:featuredmedia":[{"embeddable":true,"href":"https:\/\/b2b.pfellas.lt\/index.php\/wp-json\/wp\/v2\/media\/98398"}],"wp:attachment":[{"href":"https:\/\/b2b.pfellas.lt\/index.php\/wp-json\/wp\/v2\/media?parent=98399"}],"wp:term":[{"taxonomy":"product_cat","embeddable":true,"href":"https:\/\/b2b.pfellas.lt\/index.php\/wp-json\/wp\/v2\/product_cat?post=98399"},{"taxonomy":"product_tag","embeddable":true,"href":"https:\/\/b2b.pfellas.lt\/index.php\/wp-json\/wp\/v2\/product_tag?post=98399"}],"curies":[{"name":"wp","href":"https:\/\/api.w.org\/{rel}","templated":true}]}}