{"id":98401,"date":"2024-07-09T15:52:57","date_gmt":"2024-07-09T13:52:57","guid":{"rendered":"https:\/\/b2b.pfellas.lt\/index.php\/product\/poslenksciai-m-performance-bmw-m3-f80-juodi-blizgus\/"},"modified":"2024-09-25T15:41:00","modified_gmt":"2024-09-25T13:41:00","slug":"poslenksciai-m-performance-bmw-m3-f80-juodi-blizgus","status":"publish","type":"product","link":"https:\/\/b2b.pfellas.lt\/index.php\/product\/poslenksciai-m-performance-bmw-m3-f80-juodi-blizgus\/","title":{"rendered":"Poslenks\u010diai M-Performance BMW M3 F80 juodi blizg\u016bs"},"content":{"rendered":"<ul>\n<li>Tinka Serijos BMW F80 M3 modeliams<\/li>\n<li>Netinka visiems 3 Serijos BMW F30, F31 modeliams su M Sport slenks\u010diais<\/li>\n<li>Netinka 4 Serijos BMW F32, F33, F36 modeliams<\/li>\n<li>Netinka M4 F82 M4 modeliams<\/li>\n<\/ul>\n<p>&nbsp;<\/p>\n<p>Juodos blizgios slenks\u010di\u0173 apdailos<\/p>\n","protected":false},"excerpt":{"rendered":"<p>Tinka Serijos BMW F80 M3 modeliams Netinka visiems 3 Serijos BMW F30, F31 modeliams su M Sport slenks\u010diais Netinka 4 Serijos BMW F32, F33, F36 modeliams Netinka M4 F82 M4 modeliams &nbsp; Juodos blizgios slenks\u010di\u0173 apdailos<\/p>\n","protected":false},"featured_media":98400,"comment_status":"open","ping_status":"closed","template":"","meta":[],"product_cat":[2954,2981,2619],"product_tag":[],"class_list":{"0":"post-98401","1":"product","2":"type-product","3":"status-publish","4":"has-post-thumbnail","6":"product_cat-bmw","7":"product_cat-m3-f80-14-19","8":"product_cat-slenksciu-apdailos","9":"pa_make-bmw","10":"pa_make-m3-f80","12":"first","13":"instock","14":"taxable","15":"shipping-taxable","16":"purchasable","17":"product-type-simple"},"jetpack_sharing_enabled":true,"_links":{"self":[{"href":"https:\/\/b2b.pfellas.lt\/index.php\/wp-json\/wp\/v2\/product\/98401"}],"collection":[{"href":"https:\/\/b2b.pfellas.lt\/index.php\/wp-json\/wp\/v2\/product"}],"about":[{"href":"https:\/\/b2b.pfellas.lt\/index.php\/wp-json\/wp\/v2\/types\/product"}],"replies":[{"embeddable":true,"href":"https:\/\/b2b.pfellas.lt\/index.php\/wp-json\/wp\/v2\/comments?post=98401"}],"wp:featuredmedia":[{"embeddable":true,"href":"https:\/\/b2b.pfellas.lt\/index.php\/wp-json\/wp\/v2\/media\/98400"}],"wp:attachment":[{"href":"https:\/\/b2b.pfellas.lt\/index.php\/wp-json\/wp\/v2\/media?parent=98401"}],"wp:term":[{"taxonomy":"product_cat","embeddable":true,"href":"https:\/\/b2b.pfellas.lt\/index.php\/wp-json\/wp\/v2\/product_cat?post=98401"},{"taxonomy":"product_tag","embeddable":true,"href":"https:\/\/b2b.pfellas.lt\/index.php\/wp-json\/wp\/v2\/product_tag?post=98401"}],"curies":[{"name":"wp","href":"https:\/\/api.w.org\/{rel}","templated":true}]}}