{"id":98465,"date":"2024-07-11T12:28:33","date_gmt":"2024-07-11T10:28:33","guid":{"rendered":"https:\/\/b2b.pfellas.lt\/index.php\/product\/performance-pilnas-papildomu-apdailu-komplektas-bmw-3-g20-juodas-blizgus\/"},"modified":"2024-09-25T15:41:08","modified_gmt":"2024-09-25T13:41:08","slug":"performance-pilnas-papildomu-apdailu-komplektas-bmw-3-g20-juodas-blizgus","status":"publish","type":"product","link":"https:\/\/b2b.pfellas.lt\/index.php\/product\/performance-pilnas-papildomu-apdailu-komplektas-bmw-3-g20-juodas-blizgus\/","title":{"rendered":"Performance pilnas papildom\u0173 apdail\u0173 komplektas BMW 3 G20 juodas blizgus"},"content":{"rendered":"<p>Performance spoileri\u0173 komplektas skirtas modeliams su M Sport buferiais<\/p>\n<p>\u00bb Tinka visiems 3 Serijos BMW\u00a0G20, G21 modeliams su M Sport buferiais ir slenks\u010diais<\/p>\n<p>Komplekt\u0105 sudaro:<br \/>\n\u2022 Priekinio buferio spoileris<br \/>\n\u2022 Slenks\u010di\u0173 apdailos<br \/>\n\u2022 Galinio buferio difuzorius<\/p>\n<p>\u2022 Spoileriai juodos\u00a0blizgios spalvos<\/p>\n<p>Spoileriai pagaminti i\u0161 plastmas\u0117s, kuri\u0105 naudoja originali\u0173 detali\u0173 gamintojai<\/p>\n","protected":false},"excerpt":{"rendered":"<p>Performance spoileri\u0173 komplektas skirtas modeliams su M Sport buferiais \u00bb Tinka visiems 3 Serijos BMW\u00a0G20, G21 modeliams su M Sport buferiais ir slenks\u010diais Komplekt\u0105 sudaro: \u2022 Priekinio buferio spoileris \u2022 Slenks\u010di\u0173 apdailos \u2022 Galinio buferio difuzorius \u2022 Spoileriai juodos\u00a0blizgios spalvos Spoileriai pagaminti i\u0161 plastmas\u0117s, kuri\u0105 naudoja originali\u0173 detali\u0173 gamintojai<\/p>\n","protected":false},"featured_media":98456,"comment_status":"open","ping_status":"closed","template":"","meta":[],"product_cat":[2987,2927,2954],"product_tag":[],"class_list":{"0":"post-98465","1":"product","2":"type-product","3":"status-publish","4":"has-post-thumbnail","6":"product_cat-3-g20-g21-18","7":"product_cat-apdailu-komplektas","8":"product_cat-bmw","9":"pa_make-3-g20-2","10":"pa_make-bmw","12":"first","13":"instock","14":"sale","15":"taxable","16":"shipping-taxable","17":"purchasable","18":"product-type-simple"},"jetpack_sharing_enabled":true,"_links":{"self":[{"href":"https:\/\/b2b.pfellas.lt\/index.php\/wp-json\/wp\/v2\/product\/98465"}],"collection":[{"href":"https:\/\/b2b.pfellas.lt\/index.php\/wp-json\/wp\/v2\/product"}],"about":[{"href":"https:\/\/b2b.pfellas.lt\/index.php\/wp-json\/wp\/v2\/types\/product"}],"replies":[{"embeddable":true,"href":"https:\/\/b2b.pfellas.lt\/index.php\/wp-json\/wp\/v2\/comments?post=98465"}],"wp:featuredmedia":[{"embeddable":true,"href":"https:\/\/b2b.pfellas.lt\/index.php\/wp-json\/wp\/v2\/media\/98456"}],"wp:attachment":[{"href":"https:\/\/b2b.pfellas.lt\/index.php\/wp-json\/wp\/v2\/media?parent=98465"}],"wp:term":[{"taxonomy":"product_cat","embeddable":true,"href":"https:\/\/b2b.pfellas.lt\/index.php\/wp-json\/wp\/v2\/product_cat?post=98465"},{"taxonomy":"product_tag","embeddable":true,"href":"https:\/\/b2b.pfellas.lt\/index.php\/wp-json\/wp\/v2\/product_tag?post=98465"}],"curies":[{"name":"wp","href":"https:\/\/api.w.org\/{rel}","templated":true}]}}