{"id":98487,"date":"2024-07-11T12:29:17","date_gmt":"2024-07-11T10:29:17","guid":{"rendered":"https:\/\/b2b.pfellas.lt\/index.php\/product\/performance-apdailu-komplektas-bmw-f22-f23-m235i-m240i-juodas-blizgus\/"},"modified":"2024-09-25T15:41:19","modified_gmt":"2024-09-25T13:41:19","slug":"performance-apdailu-komplektas-bmw-f22-f23-m235i-m240i-juodas-blizgus","status":"publish","type":"product","link":"https:\/\/b2b.pfellas.lt\/index.php\/product\/performance-apdailu-komplektas-bmw-f22-f23-m235i-m240i-juodas-blizgus\/","title":{"rendered":"Performance apdail\u0173 komplektas BMW F22, F23 m235i, m240i juodas blizgus"},"content":{"rendered":"<ul>\n<li>Performance spoileri\u0173 komplektas skirtas modeliams su M Sport buferiais<\/li>\n<li>Tinka 2 Serijos BMW F22 m235i \/ m240i modeliams su M Sport buferiais ir slenks\u010diais\u2022 Spoileriai juodos matin\u0117s spalvosSpoileriai pagaminti i\u0161 plastmas\u0117s, kuri\u0105 naudoja originali\u0173 detali\u0173 gamintojai<\/li>\n<\/ul>\n","protected":false},"excerpt":{"rendered":"<p>Performance spoileri\u0173 komplektas skirtas modeliams su M Sport buferiais Tinka 2 Serijos BMW F22 m235i \/ m240i modeliams su M Sport buferiais ir slenks\u010diais\u2022 Spoileriai juodos matin\u0117s spalvosSpoileriai pagaminti i\u0161 plastmas\u0117s, kuri\u0105 naudoja originali\u0173 detali\u0173 gamintojai<\/p>\n","protected":false},"featured_media":98486,"comment_status":"open","ping_status":"closed","template":"","meta":[],"product_cat":[2990,2927,2954],"product_tag":[],"class_list":{"0":"post-98487","1":"product","2":"type-product","3":"status-publish","4":"has-post-thumbnail","6":"product_cat-2-f22-f23-14-20","7":"product_cat-apdailu-komplektas","8":"product_cat-bmw","9":"pa_make-2-f22-f23-2013-2019","10":"pa_make-bmw","12":"first","13":"instock","14":"taxable","15":"shipping-taxable","16":"purchasable","17":"product-type-simple"},"jetpack_sharing_enabled":true,"_links":{"self":[{"href":"https:\/\/b2b.pfellas.lt\/index.php\/wp-json\/wp\/v2\/product\/98487"}],"collection":[{"href":"https:\/\/b2b.pfellas.lt\/index.php\/wp-json\/wp\/v2\/product"}],"about":[{"href":"https:\/\/b2b.pfellas.lt\/index.php\/wp-json\/wp\/v2\/types\/product"}],"replies":[{"embeddable":true,"href":"https:\/\/b2b.pfellas.lt\/index.php\/wp-json\/wp\/v2\/comments?post=98487"}],"wp:featuredmedia":[{"embeddable":true,"href":"https:\/\/b2b.pfellas.lt\/index.php\/wp-json\/wp\/v2\/media\/98486"}],"wp:attachment":[{"href":"https:\/\/b2b.pfellas.lt\/index.php\/wp-json\/wp\/v2\/media?parent=98487"}],"wp:term":[{"taxonomy":"product_cat","embeddable":true,"href":"https:\/\/b2b.pfellas.lt\/index.php\/wp-json\/wp\/v2\/product_cat?post=98487"},{"taxonomy":"product_tag","embeddable":true,"href":"https:\/\/b2b.pfellas.lt\/index.php\/wp-json\/wp\/v2\/product_tag?post=98487"}],"curies":[{"name":"wp","href":"https:\/\/api.w.org\/{rel}","templated":true}]}}