{"id":98498,"date":"2024-07-11T12:29:38","date_gmt":"2024-07-11T10:29:38","guid":{"rendered":"https:\/\/b2b.pfellas.lt\/index.php\/product\/performance-pilnas-papildomu-apdailu-komplektas-bmw-4-g22-m440i\/"},"modified":"2024-09-25T15:41:25","modified_gmt":"2024-09-25T13:41:25","slug":"performance-pilnas-papildomu-apdailu-komplektas-bmw-4-g22-m440i","status":"publish","type":"product","link":"https:\/\/b2b.pfellas.lt\/index.php\/product\/performance-pilnas-papildomu-apdailu-komplektas-bmw-4-g22-m440i\/","title":{"rendered":"Performance pilnas papildom\u0173 apdail\u0173 komplektas BMW 4 G22 m440i"},"content":{"rendered":"<p>Pilnas papildom\u0173 apdail\u0173 komplektas.<\/p>\n<p>Skirtas: BMW 4 G22 m440i modeliams arba perdarymui i\u0161 430i.<\/p>\n<p>Komplektas parduodamas kartu su i\u0161metimo antgaliais.<\/p>\n<p>Juodas blizgus.<\/p>\n<p>Komplekt\u0105 sudaro:<\/p>\n<p>Priekinio bamperio apdaila<\/p>\n<p>Poslenks\u010diai<\/p>\n<p>Galinis difuzorius<\/p>\n<p>Antgaliai<\/p>\n<p>Baga\u017ein\u0117s apdaila<\/p>\n","protected":false},"excerpt":{"rendered":"<p>Pilnas papildom\u0173 apdail\u0173 komplektas. Skirtas: BMW 4 G22 m440i modeliams arba perdarymui i\u0161 430i. Komplektas parduodamas kartu su i\u0161metimo antgaliais. Juodas blizgus. Komplekt\u0105 sudaro: Priekinio bamperio apdaila Poslenks\u010diai Galinis difuzorius Antgaliai Baga\u017ein\u0117s apdaila<\/p>\n","protected":false},"featured_media":98497,"comment_status":"open","ping_status":"closed","template":"","meta":[],"product_cat":[2993,2927,2954],"product_tag":[],"class_list":{"0":"post-98498","1":"product","2":"type-product","3":"status-publish","4":"has-post-thumbnail","6":"product_cat-4-g22-g26-20","7":"product_cat-apdailu-komplektas","8":"product_cat-bmw","9":"pa_make-4-g22-2","10":"pa_make-bmw","12":"first","13":"instock","14":"sale","15":"taxable","16":"shipping-taxable","17":"purchasable","18":"product-type-simple"},"jetpack_sharing_enabled":true,"_links":{"self":[{"href":"https:\/\/b2b.pfellas.lt\/index.php\/wp-json\/wp\/v2\/product\/98498"}],"collection":[{"href":"https:\/\/b2b.pfellas.lt\/index.php\/wp-json\/wp\/v2\/product"}],"about":[{"href":"https:\/\/b2b.pfellas.lt\/index.php\/wp-json\/wp\/v2\/types\/product"}],"replies":[{"embeddable":true,"href":"https:\/\/b2b.pfellas.lt\/index.php\/wp-json\/wp\/v2\/comments?post=98498"}],"wp:featuredmedia":[{"embeddable":true,"href":"https:\/\/b2b.pfellas.lt\/index.php\/wp-json\/wp\/v2\/media\/98497"}],"wp:attachment":[{"href":"https:\/\/b2b.pfellas.lt\/index.php\/wp-json\/wp\/v2\/media?parent=98498"}],"wp:term":[{"taxonomy":"product_cat","embeddable":true,"href":"https:\/\/b2b.pfellas.lt\/index.php\/wp-json\/wp\/v2\/product_cat?post=98498"},{"taxonomy":"product_tag","embeddable":true,"href":"https:\/\/b2b.pfellas.lt\/index.php\/wp-json\/wp\/v2\/product_tag?post=98498"}],"curies":[{"name":"wp","href":"https:\/\/api.w.org\/{rel}","templated":true}]}}