{"id":98501,"date":"2024-07-11T12:29:43","date_gmt":"2024-07-11T10:29:43","guid":{"rendered":"https:\/\/b2b.pfellas.lt\/index.php\/product\/performance-papildomu-apdailu-komplektas-bmw-x5-f15-m-sport-modeliams-juodas-blizgus-2\/"},"modified":"2024-10-21T10:50:36","modified_gmt":"2024-10-21T08:50:36","slug":"performance-papildomu-apdailu-komplektas-bmw-x5-f15-m-sport-modeliams-juodas-blizgus-2","status":"publish","type":"product","link":"https:\/\/b2b.pfellas.lt\/index.php\/product\/performance-papildomu-apdailu-komplektas-bmw-x5-f15-m-sport-modeliams-juodas-blizgus-2\/","title":{"rendered":"Performance papildom\u0173 apdail\u0173 komplektas BMW X5 F15 M Sport modeliams Juodas blizgus"},"content":{"rendered":"<ul>\n<li>Tinka visiems X5 Serijos F15 modeliams su M Sport buferiais<\/li>\n<li>Netinka BMW X5 F15 modeliams su paprastais buferiais<\/li>\n<li>Netinka BMW X5M modeliams<\/li>\n<li>Netinka BMW X6 F16 modeliamsJuodas blizgus Performance spoileri\u0173 komplektas<br \/>\n<strong>Apdailos komplekt\u0105 sudaro:<\/strong><\/li>\n<li>Priekinio buferio spoileris<\/li>\n<li>Poslenks\u010diai<\/li>\n<li>Galinio buferio difuzorius ir kampai<\/li>\n<\/ul>\n","protected":false},"excerpt":{"rendered":"<p>Tinka visiems X5 Serijos F15 modeliams su M Sport buferiais Netinka BMW X5 F15 modeliams su paprastais buferiais Netinka BMW X5M modeliams Netinka BMW X6 F16 modeliamsJuodas blizgus Performance spoileri\u0173 komplektas Apdailos komplekt\u0105 sudaro: Priekinio buferio spoileris Poslenks\u010diai Galinio buferio difuzorius ir kampai<\/p>\n","protected":false},"featured_media":98499,"comment_status":"open","ping_status":"closed","template":"","meta":[],"product_cat":[2927,2954,2966],"product_tag":[],"class_list":{"0":"post-98501","1":"product","2":"type-product","3":"status-publish","4":"has-post-thumbnail","6":"product_cat-apdailu-komplektas","7":"product_cat-bmw","8":"product_cat-x5-f15-14-18","9":"pa_make-bmw","10":"pa_make-x5-f15","12":"first","13":"outofstock","14":"sale","15":"taxable","16":"shipping-taxable","17":"purchasable","18":"product-type-simple"},"jetpack_sharing_enabled":true,"_links":{"self":[{"href":"https:\/\/b2b.pfellas.lt\/index.php\/wp-json\/wp\/v2\/product\/98501"}],"collection":[{"href":"https:\/\/b2b.pfellas.lt\/index.php\/wp-json\/wp\/v2\/product"}],"about":[{"href":"https:\/\/b2b.pfellas.lt\/index.php\/wp-json\/wp\/v2\/types\/product"}],"replies":[{"embeddable":true,"href":"https:\/\/b2b.pfellas.lt\/index.php\/wp-json\/wp\/v2\/comments?post=98501"}],"wp:featuredmedia":[{"embeddable":true,"href":"https:\/\/b2b.pfellas.lt\/index.php\/wp-json\/wp\/v2\/media\/98499"}],"wp:attachment":[{"href":"https:\/\/b2b.pfellas.lt\/index.php\/wp-json\/wp\/v2\/media?parent=98501"}],"wp:term":[{"taxonomy":"product_cat","embeddable":true,"href":"https:\/\/b2b.pfellas.lt\/index.php\/wp-json\/wp\/v2\/product_cat?post=98501"},{"taxonomy":"product_tag","embeddable":true,"href":"https:\/\/b2b.pfellas.lt\/index.php\/wp-json\/wp\/v2\/product_tag?post=98501"}],"curies":[{"name":"wp","href":"https:\/\/api.w.org\/{rel}","templated":true}]}}